{"id":3,"date":"2018-07-16T13:37:42","date_gmt":"2018-07-16T11:37:42","guid":{"rendered":"https:\/\/www.bioenvrac.fr\/commandes-groupees\/?page_id=3"},"modified":"2021-09-09T13:49:35","modified_gmt":"2021-09-09T11:49:35","slug":"politique-de-confidentialite","status":"publish","type":"page","link":"https:\/\/www.bioenvrac.fr\/commandes-groupees\/politique-de-confidentialite\/","title":{"rendered":"Mentions l\u00e9gales &#038; Politique de confidentialit\u00e9"},"content":{"rendered":"<h2>Qui sommes-nous\u00a0?<\/h2>\n<p>L\u2019adresse de notre site Web est\u00a0: <a href=\"https:\/\/www.bioenvrac.fr\">https:\/\/www.bioenvrac.fr<\/a><\/p>\n<p><strong>SARL Bioenvrac<\/strong><br \/>\nRCS : 842 141 988 RCS Vienne<\/p>\n<p>24 Place Yves Pagneux<br \/>\n38270 Beaurepaire<\/p>\n<p>T\u00e9l. 07 82 45 62 11<\/p>\n<h2>Publication des contenus<\/h2>\n<p>Responsable de publication : Ghislaine Duthu<\/p>\n<p><strong>Cr\u00e9ation et h\u00e9bergement<\/strong><br \/>\nCe site a \u00e9t\u00e9 r\u00e9alis\u00e9 par <a href=\"https:\/\/www.dkandf.com\/\" target=\"_blank\" rel=\"noopener noreferrer\">DK &amp; Friends<\/a><br \/>\n<strong>H\u00e9bergeur :<\/strong><br \/>\no2switch<br \/>\n222 Boulevard Gustave Flaubert,<br \/>\n63000 Clermont-Ferrand<br \/>\nSite Web :\u00a0<a href=\"https:\/\/www.o2switch.fr\/\" target=\"_blank\" rel=\"noopener noreferrer\">https:\/\/www.o2switch.fr\/<\/a><\/p>\n<h2>Protection intellectuelle<\/h2>\n<p>Tous les \u00e9l\u00e9ments de cr\u00e9ation pr\u00e9sents sur le site www.bioenvrac.fr (logo, textes, images, design et animations) sont la propri\u00e9t\u00e9 exclusive de Bioenvrac Conform\u00e9ment aux dispositions de l\u2019article L. 122-4 du Code de la Propri\u00e9t\u00e9 Intellectuelle, toute utilisation, reproduction, imbrication, modification et diffusion des \u00e9l\u00e9ments susmentionn\u00e9s sans l\u2019accord de Bioenvrac est interdite. Exception faite pour le logo de Bioenvrac qui peut \u00eatre utilis\u00e9 sans modification pour \u00e9tablir un lien pointant vers le site www.bioenvrac.fr.<\/p>\n<p>Des \u00e9l\u00e9ments pr\u00e9sents sur le site (notamment les logos) provenant de sources externes ont \u00e9t\u00e9 reproduits avec l\u2019accord implicite ou explicite de leurs auteurs respectifs et peuvent \u00eatre retir\u00e9s \u00e0 tout moment si ces derniers en font la demande. D\u2019autres \u00e9l\u00e9ments sont issus de sources gratuites disponibles sur Internet.<\/p>\n<h2>Informatique et Libert\u00e9s<\/h2>\n<p>Les informations enregistr\u00e9es lors du passage de l\u2019internaute sur le site (cookies) sont utilis\u00e9es exclusivement dans le cadre interne de Bioenvrac et ne seront pas transmises \u00e0 des tiers \u00e0 des fins commerciales. Elles sont notamment utilis\u00e9es pour le suivi d\u2019audience du site.<\/p>\n<h2>La collecte et l\u2019utilisation de vos donn\u00e9es<\/h2>\n<p>Conform\u00e9ment \u00e0 la Loi Informatique et Libert\u00e9s, nous vous informons que la collecte des informations dont la saisie est obligatoire dans les formulaires de ce site, est n\u00e9cessaire au traitement de votre demande. Celles-ci ne font l\u2019objet d\u2019aucune diffusion aupr\u00e8s de soci\u00e9t\u00e9 tierces et ne sont pas utilis\u00e9es \u00e0 des fins publicitaires.<\/p>\n<p>\u201cVous disposez d\u2019un droit d\u2019acc\u00e8s, de modification, de rectification et de suppression des donn\u00e9es qui vous concernent (art. 34 de la loi \u00ab Informatique et Libert\u00e9s \u00bb du 6 janvier 1978). Vous pouvez exercer ce droit par simple demande : pour cela,\u00a0<a href=\"https:\/\/www.bioenvrac.fr\/contact.html\">contactez-nous<\/a>\u00a0ou par courrier postal.<\/p>\n<p><strong>Le consentement<\/strong><br \/>\nToute donn\u00e9e collect\u00e9e sur notre site www.bioenvrac.fr est soumise au consentement express de l\u2019utilisateur. Chaque formulaire collectant des donn\u00e9es personnelles mentionnent de mani\u00e8re simple et explicite les conditions d\u2019utilisation de leurs donn\u00e9es personnelles.<\/p>\n<p>Celui-ci est par ailleurs inform\u00e9 du traitement de ses donn\u00e9es personnelles, consign\u00e9 dans un registre d\u00e9di\u00e9 et conforme aux recommandations de la RGPD.<\/p>\n<p>L\u2019utilisateur du site www.bioenvrac.fr peut \u00e0 tout moment exercer son droit de retrait de consentement \u00e0 l\u2019utilisation de ses donn\u00e9es personnelles. Pour cela, il lui suffit de nous en faire la demande par email ou par courrier postal.<\/p>\n<p><strong>Le droit d\u2019acc\u00e8s \u00e0 ses donn\u00e9es personnelles<\/strong><br \/>\nL\u2019utilisateur du site www.bioenvrac.fr peut \u00e0 tout moment exercer son droit d\u2019acc\u00e8s \u00e0 ses donn\u00e9es personnelles. Pour cela, il lui suffit de nous en faire la demander par email ou par courrier postal.<\/p>\n<p><strong>Le droit de notification<\/strong><br \/>\nDans le cas d\u2019une \u00e9ventuelle fuite de donn\u00e9es, l\u2019utilisateur sera inform\u00e9 de la fuite de ses donn\u00e9es personnelles dans un d\u00e9lai de 72h ouvr\u00e9es apr\u00e8s la d\u00e9couverte de cette fuite.<\/p>\n","protected":false},"excerpt":{"rendered":"<p>Qui sommes-nous\u00a0? L\u2019adresse de notre site Web est\u00a0: https:\/\/www.bioenvrac.fr SARL Bioenvrac RCS : 842 141 988 RCS Vienne 24 Place Yves Pagneux 38270 Beaurepaire T\u00e9l. 07 82 45 62 11<\/p>\n","protected":false},"author":1,"featured_media":0,"parent":0,"menu_order":0,"comment_status":"closed","ping_status":"open","template":"","meta":{"footnotes":""},"class_list":["post-3","page","type-page","status-publish","hentry"],"yoast_head":"<title>Mentions l\u00e9gales &amp; Politique de confidentialit\u00e9 - Commandes group\u00e9es de produits bio secs<\/title>\n<meta name=\"robots\" content=\"index, follow, max-snippet:-1, max-image-preview:large, max-video-preview:-1\" \/>\n<link rel=\"canonical\" href=\"https:\/\/www.bioenvrac.fr\/commandes-groupees\/politique-de-confidentialite\/\" \/>\n<meta property=\"og:locale\" content=\"fr_FR\" \/>\n<meta property=\"og:type\" content=\"article\" \/>\n<meta property=\"og:title\" content=\"Mentions l\u00e9gales &amp; Politique de confidentialit\u00e9 - Commandes group\u00e9es de produits bio secs\" \/>\n<meta property=\"og:description\" content=\"Qui sommes-nous\u00a0? L\u2019adresse de notre site Web est\u00a0: https:\/\/www.bioenvrac.fr SARL Bioenvrac RCS : 842 141 988 RCS Vienne 24 Place Yves Pagneux 38270 Beaurepaire T\u00e9l. 07 82 45 62 11\" \/>\n<meta property=\"og:url\" content=\"https:\/\/www.bioenvrac.fr\/commandes-groupees\/politique-de-confidentialite\/\" \/>\n<meta property=\"og:site_name\" content=\"Commandes group\u00e9es de produits bio secs\" \/>\n<meta property=\"article:publisher\" content=\"https:\/\/www.facebook.com\/bioenvrac\" \/>\n<meta property=\"article:modified_time\" content=\"2021-09-09T11:49:35+00:00\" \/>\n<meta property=\"og:image\" content=\"https:\/\/www.bioenvrac.fr\/commandes-groupees\/wp-content\/uploads\/2023\/09\/bioenvrac.jpg\" \/>\n\t<meta property=\"og:image:width\" content=\"1200\" \/>\n\t<meta property=\"og:image:height\" content=\"675\" \/>\n\t<meta property=\"og:image:type\" content=\"image\/jpeg\" \/>\n<meta name=\"twitter:card\" content=\"summary_large_image\" \/>\n<meta name=\"twitter:label1\" content=\"Dur\u00e9e de lecture estim\u00e9e\" \/>\n\t<meta name=\"twitter:data1\" content=\"3 minutes\" \/>\n<script type=\"application\/ld+json\" class=\"yoast-schema-graph\">{\"@context\":\"https:\/\/schema.org\",\"@graph\":[{\"@type\":\"WebPage\",\"@id\":\"https:\/\/www.bioenvrac.fr\/commandes-groupees\/politique-de-confidentialite\/\",\"url\":\"https:\/\/www.bioenvrac.fr\/commandes-groupees\/politique-de-confidentialite\/\",\"name\":\"Mentions l\u00e9gales & Politique de confidentialit\u00e9 - Commandes group\u00e9es de produits bio secs\",\"isPartOf\":{\"@id\":\"https:\/\/www.bioenvrac.fr\/commandes-groupees\/#website\"},\"datePublished\":\"2018-07-16T11:37:42+00:00\",\"dateModified\":\"2021-09-09T11:49:35+00:00\",\"breadcrumb\":{\"@id\":\"https:\/\/www.bioenvrac.fr\/commandes-groupees\/politique-de-confidentialite\/#breadcrumb\"},\"inLanguage\":\"fr-FR\",\"potentialAction\":[{\"@type\":\"ReadAction\",\"target\":[\"https:\/\/www.bioenvrac.fr\/commandes-groupees\/politique-de-confidentialite\/\"]}]},{\"@type\":\"BreadcrumbList\",\"@id\":\"https:\/\/www.bioenvrac.fr\/commandes-groupees\/politique-de-confidentialite\/#breadcrumb\",\"itemListElement\":[{\"@type\":\"ListItem\",\"position\":1,\"name\":\"Accueil\",\"item\":\"https:\/\/www.bioenvrac.fr\/commandes-groupees\/\"},{\"@type\":\"ListItem\",\"position\":2,\"name\":\"Mentions l\u00e9gales &#038; Politique de confidentialit\u00e9\"}]},{\"@type\":\"WebSite\",\"@id\":\"https:\/\/www.bioenvrac.fr\/commandes-groupees\/#website\",\"url\":\"https:\/\/www.bioenvrac.fr\/commandes-groupees\/\",\"name\":\"Commandes group\u00e9es de produits bio secs\",\"description\":\"Commandes group\u00e9es de produits bio secs\",\"publisher\":{\"@id\":\"https:\/\/www.bioenvrac.fr\/commandes-groupees\/#organization\"},\"potentialAction\":[{\"@type\":\"SearchAction\",\"target\":{\"@type\":\"EntryPoint\",\"urlTemplate\":\"https:\/\/www.bioenvrac.fr\/commandes-groupees\/?s={search_term_string}\"},\"query-input\":{\"@type\":\"PropertyValueSpecification\",\"valueRequired\":true,\"valueName\":\"search_term_string\"}}],\"inLanguage\":\"fr-FR\"},{\"@type\":\"Organization\",\"@id\":\"https:\/\/www.bioenvrac.fr\/commandes-groupees\/#organization\",\"name\":\"Bioenvrac\",\"url\":\"https:\/\/www.bioenvrac.fr\/commandes-groupees\/\",\"logo\":{\"@type\":\"ImageObject\",\"inLanguage\":\"fr-FR\",\"@id\":\"https:\/\/www.bioenvrac.fr\/commandes-groupees\/#\/schema\/logo\/image\/\",\"url\":\"https:\/\/www.bioenvrac.fr\/commandes-groupees\/wp-content\/uploads\/2023\/09\/bioenvrac-logo.jpg\",\"contentUrl\":\"https:\/\/www.bioenvrac.fr\/commandes-groupees\/wp-content\/uploads\/2023\/09\/bioenvrac-logo.jpg\",\"width\":696,\"height\":696,\"caption\":\"Bioenvrac\"},\"image\":{\"@id\":\"https:\/\/www.bioenvrac.fr\/commandes-groupees\/#\/schema\/logo\/image\/\"},\"sameAs\":[\"https:\/\/www.facebook.com\/bioenvrac\"]}]}<\/script>","yoast_head_json":{"title":"Mentions l\u00e9gales & Politique de confidentialit\u00e9 - Commandes group\u00e9es de produits bio secs","robots":{"index":"index","follow":"follow","max-snippet":"max-snippet:-1","max-image-preview":"max-image-preview:large","max-video-preview":"max-video-preview:-1"},"canonical":"https:\/\/www.bioenvrac.fr\/commandes-groupees\/politique-de-confidentialite\/","og_locale":"fr_FR","og_type":"article","og_title":"Mentions l\u00e9gales & Politique de confidentialit\u00e9 - Commandes group\u00e9es de produits bio secs","og_description":"Qui sommes-nous\u00a0? L\u2019adresse de notre site Web est\u00a0: https:\/\/www.bioenvrac.fr SARL Bioenvrac RCS : 842 141 988 RCS Vienne 24 Place Yves Pagneux 38270 Beaurepaire T\u00e9l. 07 82 45 62 11","og_url":"https:\/\/www.bioenvrac.fr\/commandes-groupees\/politique-de-confidentialite\/","og_site_name":"Commandes group\u00e9es de produits bio secs","article_publisher":"https:\/\/www.facebook.com\/bioenvrac","article_modified_time":"2021-09-09T11:49:35+00:00","og_image":[{"width":1200,"height":675,"url":"https:\/\/www.bioenvrac.fr\/commandes-groupees\/wp-content\/uploads\/2023\/09\/bioenvrac.jpg","type":"image\/jpeg"}],"twitter_card":"summary_large_image","twitter_misc":{"Dur\u00e9e de lecture estim\u00e9e":"3 minutes"},"schema":{"@context":"https:\/\/schema.org","@graph":[{"@type":"WebPage","@id":"https:\/\/www.bioenvrac.fr\/commandes-groupees\/politique-de-confidentialite\/","url":"https:\/\/www.bioenvrac.fr\/commandes-groupees\/politique-de-confidentialite\/","name":"Mentions l\u00e9gales & Politique de confidentialit\u00e9 - Commandes group\u00e9es de produits bio secs","isPartOf":{"@id":"https:\/\/www.bioenvrac.fr\/commandes-groupees\/#website"},"datePublished":"2018-07-16T11:37:42+00:00","dateModified":"2021-09-09T11:49:35+00:00","breadcrumb":{"@id":"https:\/\/www.bioenvrac.fr\/commandes-groupees\/politique-de-confidentialite\/#breadcrumb"},"inLanguage":"fr-FR","potentialAction":[{"@type":"ReadAction","target":["https:\/\/www.bioenvrac.fr\/commandes-groupees\/politique-de-confidentialite\/"]}]},{"@type":"BreadcrumbList","@id":"https:\/\/www.bioenvrac.fr\/commandes-groupees\/politique-de-confidentialite\/#breadcrumb","itemListElement":[{"@type":"ListItem","position":1,"name":"Accueil","item":"https:\/\/www.bioenvrac.fr\/commandes-groupees\/"},{"@type":"ListItem","position":2,"name":"Mentions l\u00e9gales &#038; Politique de confidentialit\u00e9"}]},{"@type":"WebSite","@id":"https:\/\/www.bioenvrac.fr\/commandes-groupees\/#website","url":"https:\/\/www.bioenvrac.fr\/commandes-groupees\/","name":"Commandes group\u00e9es de produits bio secs","description":"Commandes group\u00e9es de produits bio secs","publisher":{"@id":"https:\/\/www.bioenvrac.fr\/commandes-groupees\/#organization"},"potentialAction":[{"@type":"SearchAction","target":{"@type":"EntryPoint","urlTemplate":"https:\/\/www.bioenvrac.fr\/commandes-groupees\/?s={search_term_string}"},"query-input":{"@type":"PropertyValueSpecification","valueRequired":true,"valueName":"search_term_string"}}],"inLanguage":"fr-FR"},{"@type":"Organization","@id":"https:\/\/www.bioenvrac.fr\/commandes-groupees\/#organization","name":"Bioenvrac","url":"https:\/\/www.bioenvrac.fr\/commandes-groupees\/","logo":{"@type":"ImageObject","inLanguage":"fr-FR","@id":"https:\/\/www.bioenvrac.fr\/commandes-groupees\/#\/schema\/logo\/image\/","url":"https:\/\/www.bioenvrac.fr\/commandes-groupees\/wp-content\/uploads\/2023\/09\/bioenvrac-logo.jpg","contentUrl":"https:\/\/www.bioenvrac.fr\/commandes-groupees\/wp-content\/uploads\/2023\/09\/bioenvrac-logo.jpg","width":696,"height":696,"caption":"Bioenvrac"},"image":{"@id":"https:\/\/www.bioenvrac.fr\/commandes-groupees\/#\/schema\/logo\/image\/"},"sameAs":["https:\/\/www.facebook.com\/bioenvrac"]}]}},"_links":{"self":[{"href":"https:\/\/www.bioenvrac.fr\/commandes-groupees\/wp-json\/wp\/v2\/pages\/3","targetHints":{"allow":["GET"]}}],"collection":[{"href":"https:\/\/www.bioenvrac.fr\/commandes-groupees\/wp-json\/wp\/v2\/pages"}],"about":[{"href":"https:\/\/www.bioenvrac.fr\/commandes-groupees\/wp-json\/wp\/v2\/types\/page"}],"author":[{"embeddable":true,"href":"https:\/\/www.bioenvrac.fr\/commandes-groupees\/wp-json\/wp\/v2\/users\/1"}],"replies":[{"embeddable":true,"href":"https:\/\/www.bioenvrac.fr\/commandes-groupees\/wp-json\/wp\/v2\/comments?post=3"}],"version-history":[{"count":15,"href":"https:\/\/www.bioenvrac.fr\/commandes-groupees\/wp-json\/wp\/v2\/pages\/3\/revisions"}],"predecessor-version":[{"id":6205,"href":"https:\/\/www.bioenvrac.fr\/commandes-groupees\/wp-json\/wp\/v2\/pages\/3\/revisions\/6205"}],"wp:attachment":[{"href":"https:\/\/www.bioenvrac.fr\/commandes-groupees\/wp-json\/wp\/v2\/media?parent=3"}],"curies":[{"name":"wp","href":"https:\/\/api.w.org\/{rel}","templated":true}]}}