{"id":11327,"date":"2024-11-13T10:09:26","date_gmt":"2024-11-13T09:09:26","guid":{"rendered":"https:\/\/www.bioenvrac.fr\/commandes-groupees\/?post_type=product&#038;p=11327"},"modified":"2026-04-07T08:12:18","modified_gmt":"2026-04-07T06:12:18","slug":"pates-tagliatelles-natures-bio","status":"publish","type":"product","link":"https:\/\/www.bioenvrac.fr\/commandes-groupees\/produit\/pates-tagliatelles-natures-bio\/","title":{"rendered":"P\u00e2tes tagliatelles natures Bio &#8211; France"},"content":{"rendered":"<p>P\u00e2tes au bl\u00e9 dur cultiv\u00e9 \u00e0 la ferme<br \/>\nIngr\u00e9dients : Bl\u00e9 dur, eau<br \/>\nProducteur : Duclos Gonet<\/p>\n<p>P\u00e2tes fabriqu\u00e9es exclusivement \u00e0 base de bl\u00e9 dur, cultiv\u00e9 \u00e0 la ferme. Les c\u00e9r\u00e9ales sont \u00e9cras\u00e9es \u00e0 la meule de pierre, dans un moulin et sur place.<\/p>\n<p>S\u00e9ch\u00e9es lentement, les p\u00e2tes ont beaucoup de go\u00fbt et de tenue, nous vous conseillons, la 1\u00b0 fois, de les d\u00e9guster \u00ab Nature \u00bb pour appr\u00e9cier la diff\u00e9rence, re-d\u00e9couvrir le go\u00fbt des c\u00e9r\u00e9ales, partager un moment de plaisir savoureux en famille ou avec des amis.<\/p>\n<p>Les p\u00e2tes ont une cuisson rapide, de 3 \u00e0 5 mn selon votre go\u00fbt : versez 100g de p\u00e2tes dans 1 litre d\u2019eau bouillante sal\u00e9e (10g de sel\/ litre).<\/p>\n","protected":false},"excerpt":{"rendered":"<p><img loading=\"lazy\" decoding=\"async\" class=\"alignnone wp-image-5233\" src=\"https:\/\/www.bioenvrac.fr\/commandes-groupees\/wp-content\/uploads\/2021\/02\/certifie-bio-FR-Bio-15.jpg\" alt=\"\" width=\"99\" height=\"53\" srcset=\"https:\/\/www.bioenvrac.fr\/commandes-groupees\/wp-content\/uploads\/2021\/02\/certifie-bio-FR-Bio-15.jpg 180w, https:\/\/www.bioenvrac.fr\/commandes-groupees\/wp-content\/uploads\/2021\/02\/certifie-bio-FR-Bio-15-50x27.jpg 50w, https:\/\/www.bioenvrac.fr\/commandes-groupees\/wp-content\/uploads\/2021\/02\/certifie-bio-FR-Bio-15-141x75.jpg 141w\" sizes=\"auto, (max-width: 99px) 100vw, 99px\" \/><br \/>\nOrigine : France \/ Cr\u00e9mieu (Is\u00e8re)<br \/>\n\u2022 Sachet de 300 g = 4,30 \u20ac<br \/>\n\u2022 Sachet de 1,5 kg = 20,16 \u20ac<\/p>\n","protected":false},"featured_media":11328,"template":"","meta":[],"product_brand":[],"product_cat":[270,41,239,16],"product_tag":[236],"class_list":{"0":"post-11327","1":"product","2":"type-product","3":"status-publish","4":"has-post-thumbnail","6":"product_cat-duclos-gonet-38460-cremieu","7":"product_cat-03-produits-locaux","8":"product_cat-pates","9":"product_cat-05-riz-et-cereales","10":"product_tag-duclos-gonet","12":"first","13":"outofstock","14":"taxable","15":"shipping-taxable","16":"purchasable","17":"product-type-variable"},"yoast_head":"<title>P\u00e2tes tagliatelles natures Bio - France - Commandes group\u00e9es de produits bio secs<\/title>\n<meta name=\"robots\" content=\"index, follow, max-snippet:-1, max-image-preview:large, max-video-preview:-1\" \/>\n<link rel=\"canonical\" href=\"https:\/\/www.bioenvrac.fr\/commandes-groupees\/produit\/pates-tagliatelles-natures-bio\/\" \/>\n<meta property=\"og:locale\" content=\"fr_FR\" \/>\n<meta property=\"og:type\" content=\"article\" \/>\n<meta property=\"og:title\" content=\"P\u00e2tes tagliatelles natures Bio - France - Commandes group\u00e9es de produits bio secs\" \/>\n<meta property=\"og:description\" content=\"Origine : France \/ Cr\u00e9mieu (Is\u00e8re) \u2022 Sachet de 300 g = 4,30 \u20ac \u2022 Sachet de 1,5 kg = 20,16 \u20ac\" \/>\n<meta property=\"og:url\" content=\"https:\/\/www.bioenvrac.fr\/commandes-groupees\/produit\/pates-tagliatelles-natures-bio\/\" \/>\n<meta property=\"og:site_name\" content=\"Commandes group\u00e9es de produits bio secs\" \/>\n<meta property=\"article:publisher\" content=\"https:\/\/www.facebook.com\/bioenvrac\" \/>\n<meta property=\"article:modified_time\" content=\"2026-04-07T06:12:18+00:00\" \/>\n<meta property=\"og:image\" content=\"https:\/\/www.bioenvrac.fr\/commandes-groupees\/wp-content\/uploads\/2024\/11\/Tagliatelle-500.jpg\" \/>\n\t<meta property=\"og:image:width\" content=\"500\" \/>\n\t<meta property=\"og:image:height\" content=\"507\" \/>\n\t<meta property=\"og:image:type\" content=\"image\/jpeg\" \/>\n<meta name=\"twitter:card\" content=\"summary_large_image\" \/>\n<meta name=\"twitter:label1\" content=\"Dur\u00e9e de lecture estim\u00e9e\" \/>\n\t<meta name=\"twitter:data1\" content=\"1 minute\" \/>\n<script type=\"application\/ld+json\" class=\"yoast-schema-graph\">{\"@context\":\"https:\/\/schema.org\",\"@graph\":[{\"@type\":\"WebPage\",\"@id\":\"https:\/\/www.bioenvrac.fr\/commandes-groupees\/produit\/pates-tagliatelles-natures-bio\/\",\"url\":\"https:\/\/www.bioenvrac.fr\/commandes-groupees\/produit\/pates-tagliatelles-natures-bio\/\",\"name\":\"P\u00e2tes tagliatelles natures Bio - France - Commandes group\u00e9es de produits bio secs\",\"isPartOf\":{\"@id\":\"https:\/\/www.bioenvrac.fr\/commandes-groupees\/#website\"},\"primaryImageOfPage\":{\"@id\":\"https:\/\/www.bioenvrac.fr\/commandes-groupees\/produit\/pates-tagliatelles-natures-bio\/#primaryimage\"},\"image\":{\"@id\":\"https:\/\/www.bioenvrac.fr\/commandes-groupees\/produit\/pates-tagliatelles-natures-bio\/#primaryimage\"},\"thumbnailUrl\":\"https:\/\/www.bioenvrac.fr\/commandes-groupees\/wp-content\/uploads\/2024\/11\/Tagliatelle-500.jpg\",\"datePublished\":\"2024-11-13T09:09:26+00:00\",\"dateModified\":\"2026-04-07T06:12:18+00:00\",\"breadcrumb\":{\"@id\":\"https:\/\/www.bioenvrac.fr\/commandes-groupees\/produit\/pates-tagliatelles-natures-bio\/#breadcrumb\"},\"inLanguage\":\"fr-FR\",\"potentialAction\":[{\"@type\":\"ReadAction\",\"target\":[\"https:\/\/www.bioenvrac.fr\/commandes-groupees\/produit\/pates-tagliatelles-natures-bio\/\"]}]},{\"@type\":\"ImageObject\",\"inLanguage\":\"fr-FR\",\"@id\":\"https:\/\/www.bioenvrac.fr\/commandes-groupees\/produit\/pates-tagliatelles-natures-bio\/#primaryimage\",\"url\":\"https:\/\/www.bioenvrac.fr\/commandes-groupees\/wp-content\/uploads\/2024\/11\/Tagliatelle-500.jpg\",\"contentUrl\":\"https:\/\/www.bioenvrac.fr\/commandes-groupees\/wp-content\/uploads\/2024\/11\/Tagliatelle-500.jpg\",\"width\":500,\"height\":507},{\"@type\":\"BreadcrumbList\",\"@id\":\"https:\/\/www.bioenvrac.fr\/commandes-groupees\/produit\/pates-tagliatelles-natures-bio\/#breadcrumb\",\"itemListElement\":[{\"@type\":\"ListItem\",\"position\":1,\"name\":\"Accueil\",\"item\":\"https:\/\/www.bioenvrac.fr\/commandes-groupees\/\"},{\"@type\":\"ListItem\",\"position\":2,\"name\":\"Boutique\",\"item\":\"https:\/\/www.bioenvrac.fr\/commandes-groupees\/boutique\/\"},{\"@type\":\"ListItem\",\"position\":3,\"name\":\"P\u00e2tes tagliatelles natures Bio &#8211; France\"}]},{\"@type\":\"WebSite\",\"@id\":\"https:\/\/www.bioenvrac.fr\/commandes-groupees\/#website\",\"url\":\"https:\/\/www.bioenvrac.fr\/commandes-groupees\/\",\"name\":\"Commandes group\u00e9es de produits bio secs\",\"description\":\"Commandes group\u00e9es de produits bio secs\",\"publisher\":{\"@id\":\"https:\/\/www.bioenvrac.fr\/commandes-groupees\/#organization\"},\"potentialAction\":[{\"@type\":\"SearchAction\",\"target\":{\"@type\":\"EntryPoint\",\"urlTemplate\":\"https:\/\/www.bioenvrac.fr\/commandes-groupees\/?s={search_term_string}\"},\"query-input\":{\"@type\":\"PropertyValueSpecification\",\"valueRequired\":true,\"valueName\":\"search_term_string\"}}],\"inLanguage\":\"fr-FR\"},{\"@type\":\"Organization\",\"@id\":\"https:\/\/www.bioenvrac.fr\/commandes-groupees\/#organization\",\"name\":\"Bioenvrac\",\"url\":\"https:\/\/www.bioenvrac.fr\/commandes-groupees\/\",\"logo\":{\"@type\":\"ImageObject\",\"inLanguage\":\"fr-FR\",\"@id\":\"https:\/\/www.bioenvrac.fr\/commandes-groupees\/#\/schema\/logo\/image\/\",\"url\":\"https:\/\/www.bioenvrac.fr\/commandes-groupees\/wp-content\/uploads\/2023\/09\/bioenvrac-logo.jpg\",\"contentUrl\":\"https:\/\/www.bioenvrac.fr\/commandes-groupees\/wp-content\/uploads\/2023\/09\/bioenvrac-logo.jpg\",\"width\":696,\"height\":696,\"caption\":\"Bioenvrac\"},\"image\":{\"@id\":\"https:\/\/www.bioenvrac.fr\/commandes-groupees\/#\/schema\/logo\/image\/\"},\"sameAs\":[\"https:\/\/www.facebook.com\/bioenvrac\"]}]}<\/script>","yoast_head_json":{"title":"P\u00e2tes tagliatelles natures Bio - France - Commandes group\u00e9es de produits bio secs","robots":{"index":"index","follow":"follow","max-snippet":"max-snippet:-1","max-image-preview":"max-image-preview:large","max-video-preview":"max-video-preview:-1"},"canonical":"https:\/\/www.bioenvrac.fr\/commandes-groupees\/produit\/pates-tagliatelles-natures-bio\/","og_locale":"fr_FR","og_type":"article","og_title":"P\u00e2tes tagliatelles natures Bio - France - Commandes group\u00e9es de produits bio secs","og_description":"Origine : France \/ Cr\u00e9mieu (Is\u00e8re) \u2022 Sachet de 300 g = 4,30 \u20ac \u2022 Sachet de 1,5 kg = 20,16 \u20ac","og_url":"https:\/\/www.bioenvrac.fr\/commandes-groupees\/produit\/pates-tagliatelles-natures-bio\/","og_site_name":"Commandes group\u00e9es de produits bio secs","article_publisher":"https:\/\/www.facebook.com\/bioenvrac","article_modified_time":"2026-04-07T06:12:18+00:00","og_image":[{"width":500,"height":507,"url":"https:\/\/www.bioenvrac.fr\/commandes-groupees\/wp-content\/uploads\/2024\/11\/Tagliatelle-500.jpg","type":"image\/jpeg"}],"twitter_card":"summary_large_image","twitter_misc":{"Dur\u00e9e de lecture estim\u00e9e":"1 minute"},"schema":{"@context":"https:\/\/schema.org","@graph":[{"@type":"WebPage","@id":"https:\/\/www.bioenvrac.fr\/commandes-groupees\/produit\/pates-tagliatelles-natures-bio\/","url":"https:\/\/www.bioenvrac.fr\/commandes-groupees\/produit\/pates-tagliatelles-natures-bio\/","name":"P\u00e2tes tagliatelles natures Bio - France - Commandes group\u00e9es de produits bio secs","isPartOf":{"@id":"https:\/\/www.bioenvrac.fr\/commandes-groupees\/#website"},"primaryImageOfPage":{"@id":"https:\/\/www.bioenvrac.fr\/commandes-groupees\/produit\/pates-tagliatelles-natures-bio\/#primaryimage"},"image":{"@id":"https:\/\/www.bioenvrac.fr\/commandes-groupees\/produit\/pates-tagliatelles-natures-bio\/#primaryimage"},"thumbnailUrl":"https:\/\/www.bioenvrac.fr\/commandes-groupees\/wp-content\/uploads\/2024\/11\/Tagliatelle-500.jpg","datePublished":"2024-11-13T09:09:26+00:00","dateModified":"2026-04-07T06:12:18+00:00","breadcrumb":{"@id":"https:\/\/www.bioenvrac.fr\/commandes-groupees\/produit\/pates-tagliatelles-natures-bio\/#breadcrumb"},"inLanguage":"fr-FR","potentialAction":[{"@type":"ReadAction","target":["https:\/\/www.bioenvrac.fr\/commandes-groupees\/produit\/pates-tagliatelles-natures-bio\/"]}]},{"@type":"ImageObject","inLanguage":"fr-FR","@id":"https:\/\/www.bioenvrac.fr\/commandes-groupees\/produit\/pates-tagliatelles-natures-bio\/#primaryimage","url":"https:\/\/www.bioenvrac.fr\/commandes-groupees\/wp-content\/uploads\/2024\/11\/Tagliatelle-500.jpg","contentUrl":"https:\/\/www.bioenvrac.fr\/commandes-groupees\/wp-content\/uploads\/2024\/11\/Tagliatelle-500.jpg","width":500,"height":507},{"@type":"BreadcrumbList","@id":"https:\/\/www.bioenvrac.fr\/commandes-groupees\/produit\/pates-tagliatelles-natures-bio\/#breadcrumb","itemListElement":[{"@type":"ListItem","position":1,"name":"Accueil","item":"https:\/\/www.bioenvrac.fr\/commandes-groupees\/"},{"@type":"ListItem","position":2,"name":"Boutique","item":"https:\/\/www.bioenvrac.fr\/commandes-groupees\/boutique\/"},{"@type":"ListItem","position":3,"name":"P\u00e2tes tagliatelles natures Bio &#8211; France"}]},{"@type":"WebSite","@id":"https:\/\/www.bioenvrac.fr\/commandes-groupees\/#website","url":"https:\/\/www.bioenvrac.fr\/commandes-groupees\/","name":"Commandes group\u00e9es de produits bio secs","description":"Commandes group\u00e9es de produits bio secs","publisher":{"@id":"https:\/\/www.bioenvrac.fr\/commandes-groupees\/#organization"},"potentialAction":[{"@type":"SearchAction","target":{"@type":"EntryPoint","urlTemplate":"https:\/\/www.bioenvrac.fr\/commandes-groupees\/?s={search_term_string}"},"query-input":{"@type":"PropertyValueSpecification","valueRequired":true,"valueName":"search_term_string"}}],"inLanguage":"fr-FR"},{"@type":"Organization","@id":"https:\/\/www.bioenvrac.fr\/commandes-groupees\/#organization","name":"Bioenvrac","url":"https:\/\/www.bioenvrac.fr\/commandes-groupees\/","logo":{"@type":"ImageObject","inLanguage":"fr-FR","@id":"https:\/\/www.bioenvrac.fr\/commandes-groupees\/#\/schema\/logo\/image\/","url":"https:\/\/www.bioenvrac.fr\/commandes-groupees\/wp-content\/uploads\/2023\/09\/bioenvrac-logo.jpg","contentUrl":"https:\/\/www.bioenvrac.fr\/commandes-groupees\/wp-content\/uploads\/2023\/09\/bioenvrac-logo.jpg","width":696,"height":696,"caption":"Bioenvrac"},"image":{"@id":"https:\/\/www.bioenvrac.fr\/commandes-groupees\/#\/schema\/logo\/image\/"},"sameAs":["https:\/\/www.facebook.com\/bioenvrac"]}]}},"_links":{"self":[{"href":"https:\/\/www.bioenvrac.fr\/commandes-groupees\/wp-json\/wp\/v2\/product\/11327","targetHints":{"allow":["GET"]}}],"collection":[{"href":"https:\/\/www.bioenvrac.fr\/commandes-groupees\/wp-json\/wp\/v2\/product"}],"about":[{"href":"https:\/\/www.bioenvrac.fr\/commandes-groupees\/wp-json\/wp\/v2\/types\/product"}],"wp:featuredmedia":[{"embeddable":true,"href":"https:\/\/www.bioenvrac.fr\/commandes-groupees\/wp-json\/wp\/v2\/media\/11328"}],"wp:attachment":[{"href":"https:\/\/www.bioenvrac.fr\/commandes-groupees\/wp-json\/wp\/v2\/media?parent=11327"}],"wp:term":[{"taxonomy":"product_brand","embeddable":true,"href":"https:\/\/www.bioenvrac.fr\/commandes-groupees\/wp-json\/wp\/v2\/product_brand?post=11327"},{"taxonomy":"product_cat","embeddable":true,"href":"https:\/\/www.bioenvrac.fr\/commandes-groupees\/wp-json\/wp\/v2\/product_cat?post=11327"},{"taxonomy":"product_tag","embeddable":true,"href":"https:\/\/www.bioenvrac.fr\/commandes-groupees\/wp-json\/wp\/v2\/product_tag?post=11327"}],"curies":[{"name":"wp","href":"https:\/\/api.w.org\/{rel}","templated":true}]}}