{"id":11948,"date":"2025-09-05T11:14:33","date_gmt":"2025-09-05T09:14:33","guid":{"rendered":"https:\/\/www.bioenvrac.fr\/commandes-groupees\/?post_type=product&#038;p=11948"},"modified":"2026-04-07T08:11:59","modified_gmt":"2026-04-07T06:11:59","slug":"kit-de-3-couvercles-en-coton-bio-petit","status":"publish","type":"product","link":"https:\/\/www.bioenvrac.fr\/commandes-groupees\/produit\/kit-de-3-couvercles-en-coton-bio-petit\/","title":{"rendered":"Kit de 3 couvercles en coton bio &#8211; Petit"},"content":{"rendered":"<p class=\"txtwhitespace product-description\">L&rsquo;alternative z\u00e9ro d\u00e9chet au film \u00e9tirable et au papier d&rsquo;aluminium, la charlotte alimentaire est lavable et r\u00e9utilisable de nombreuses fois !<\/p>\n<p>Elle prot\u00e8ge et laisse respirer vos aliments et pr\u00e9parations culinaires. Gr\u00e2ce \u00e0 son contour, elle s&rsquo;adapte \u00e0 toutes les formes de contenants (ronds, carr\u00e9es&#8230;)<br \/>\nR\u00e9utilisable et lavable en machine, la charlotte alimentaire est tiss\u00e9e en coton bio et r\u00e9sistant.<\/p>\n<p>Certification : 100% des fibres sont issues de l&rsquo;agriculture biologique. Textile biologique. Certificat d\u00e9livr\u00e9 par Ecocert Greenlife. Licence n\u00b0 122176 &#8211; Ecodis.<\/p>\n<div class=\"product-technical-details\">\n<div class=\"ng-star-inserted\"><span class=\"product-technical-details-label add-colon\">Marque : <\/span><span class=\"product-technical-details-value\">AH TABLE<\/span><\/div>\n<div class=\"ng-star-inserted\"><span class=\"product-technical-details-label add-colon\">Conditions de conservation<\/span><span class=\"product-technical-details-value\">Pour un simple nettoyage : Laver \u00e0 l&rsquo;eau simplement. Pour un nettoyage complet : Lavage en machine \u00e0 40\u00b0C<\/span><\/div>\n<div class=\"ng-star-inserted\"><span class=\"product-technical-details-label add-colon\">Composition, ingr\u00e9dients<\/span><span class=\"product-technical-details-value\">100% coton biologique*; Ruban \u00e9lastique en \u00e9lasthanne<\/span><\/div>\n<div class=\"ng-star-inserted\"><span class=\"product-technical-details-label add-colon\">Origine : <\/span><span class=\"product-technical-details-value\">Inde<\/span><\/div>\n<div class=\"ng-star-inserted\"><span class=\"product-technical-details-label add-colon\">Emballage : 3 <\/span><span class=\"product-technical-details-value\">pi\u00e8ces<\/span><\/div>\n<\/div>\n","protected":false},"excerpt":{"rendered":"<p>Origine : France \/ Ah&rsquo;Table, \u00c9codis<\/p>\n<p>L&rsquo;unit\u00e9 : 8,73 \u20ac<\/p>\n","protected":false},"featured_media":11949,"template":"","meta":[],"product_brand":[],"product_cat":[117],"product_tag":[224],"class_list":{"0":"post-11948","1":"product","2":"type-product","3":"status-publish","4":"has-post-thumbnail","6":"product_cat-kit-zero-dechet","7":"product_tag-ecodis","9":"first","10":"outofstock","11":"taxable","12":"shipping-taxable","13":"purchasable","14":"product-type-simple"},"yoast_head":"<title>Kit de 3 couvercles en coton bio - Petit - Commandes group\u00e9es de produits bio secs<\/title>\n<meta name=\"robots\" content=\"index, follow, max-snippet:-1, max-image-preview:large, max-video-preview:-1\" \/>\n<link rel=\"canonical\" href=\"https:\/\/www.bioenvrac.fr\/commandes-groupees\/produit\/kit-de-3-couvercles-en-coton-bio-petit\/\" \/>\n<meta property=\"og:locale\" content=\"fr_FR\" \/>\n<meta property=\"og:type\" content=\"article\" \/>\n<meta property=\"og:title\" content=\"Kit de 3 couvercles en coton bio - Petit - Commandes group\u00e9es de produits bio secs\" \/>\n<meta property=\"og:description\" content=\"Origine : France \/ Ah&#039;Table, \u00c9codis  L&#039;unit\u00e9 : 8,73 \u20ac\" \/>\n<meta property=\"og:url\" content=\"https:\/\/www.bioenvrac.fr\/commandes-groupees\/produit\/kit-de-3-couvercles-en-coton-bio-petit\/\" \/>\n<meta property=\"og:site_name\" content=\"Commandes group\u00e9es de produits bio secs\" \/>\n<meta property=\"article:publisher\" content=\"https:\/\/www.facebook.com\/bioenvrac\" \/>\n<meta property=\"article:modified_time\" content=\"2026-04-07T06:11:59+00:00\" \/>\n<meta property=\"og:image\" content=\"https:\/\/www.bioenvrac.fr\/commandes-groupees\/wp-content\/uploads\/2025\/09\/couvercle-coton-petit.jpg\" \/>\n\t<meta property=\"og:image:width\" content=\"600\" \/>\n\t<meta property=\"og:image:height\" content=\"600\" \/>\n\t<meta property=\"og:image:type\" content=\"image\/jpeg\" \/>\n<meta name=\"twitter:card\" content=\"summary_large_image\" \/>\n<meta name=\"twitter:label1\" content=\"Dur\u00e9e de lecture estim\u00e9e\" \/>\n\t<meta name=\"twitter:data1\" content=\"1 minute\" \/>\n<script type=\"application\/ld+json\" class=\"yoast-schema-graph\">{\"@context\":\"https:\/\/schema.org\",\"@graph\":[{\"@type\":\"WebPage\",\"@id\":\"https:\/\/www.bioenvrac.fr\/commandes-groupees\/produit\/kit-de-3-couvercles-en-coton-bio-petit\/\",\"url\":\"https:\/\/www.bioenvrac.fr\/commandes-groupees\/produit\/kit-de-3-couvercles-en-coton-bio-petit\/\",\"name\":\"Kit de 3 couvercles en coton bio - Petit - Commandes group\u00e9es de produits bio secs\",\"isPartOf\":{\"@id\":\"https:\/\/www.bioenvrac.fr\/commandes-groupees\/#website\"},\"primaryImageOfPage\":{\"@id\":\"https:\/\/www.bioenvrac.fr\/commandes-groupees\/produit\/kit-de-3-couvercles-en-coton-bio-petit\/#primaryimage\"},\"image\":{\"@id\":\"https:\/\/www.bioenvrac.fr\/commandes-groupees\/produit\/kit-de-3-couvercles-en-coton-bio-petit\/#primaryimage\"},\"thumbnailUrl\":\"https:\/\/www.bioenvrac.fr\/commandes-groupees\/wp-content\/uploads\/2025\/09\/couvercle-coton-petit.jpg\",\"datePublished\":\"2025-09-05T09:14:33+00:00\",\"dateModified\":\"2026-04-07T06:11:59+00:00\",\"breadcrumb\":{\"@id\":\"https:\/\/www.bioenvrac.fr\/commandes-groupees\/produit\/kit-de-3-couvercles-en-coton-bio-petit\/#breadcrumb\"},\"inLanguage\":\"fr-FR\",\"potentialAction\":[{\"@type\":\"ReadAction\",\"target\":[\"https:\/\/www.bioenvrac.fr\/commandes-groupees\/produit\/kit-de-3-couvercles-en-coton-bio-petit\/\"]}]},{\"@type\":\"ImageObject\",\"inLanguage\":\"fr-FR\",\"@id\":\"https:\/\/www.bioenvrac.fr\/commandes-groupees\/produit\/kit-de-3-couvercles-en-coton-bio-petit\/#primaryimage\",\"url\":\"https:\/\/www.bioenvrac.fr\/commandes-groupees\/wp-content\/uploads\/2025\/09\/couvercle-coton-petit.jpg\",\"contentUrl\":\"https:\/\/www.bioenvrac.fr\/commandes-groupees\/wp-content\/uploads\/2025\/09\/couvercle-coton-petit.jpg\",\"width\":600,\"height\":600},{\"@type\":\"BreadcrumbList\",\"@id\":\"https:\/\/www.bioenvrac.fr\/commandes-groupees\/produit\/kit-de-3-couvercles-en-coton-bio-petit\/#breadcrumb\",\"itemListElement\":[{\"@type\":\"ListItem\",\"position\":1,\"name\":\"Accueil\",\"item\":\"https:\/\/www.bioenvrac.fr\/commandes-groupees\/\"},{\"@type\":\"ListItem\",\"position\":2,\"name\":\"Boutique\",\"item\":\"https:\/\/www.bioenvrac.fr\/commandes-groupees\/boutique\/\"},{\"@type\":\"ListItem\",\"position\":3,\"name\":\"Kit de 3 couvercles en coton bio &#8211; Petit\"}]},{\"@type\":\"WebSite\",\"@id\":\"https:\/\/www.bioenvrac.fr\/commandes-groupees\/#website\",\"url\":\"https:\/\/www.bioenvrac.fr\/commandes-groupees\/\",\"name\":\"Commandes group\u00e9es de produits bio secs\",\"description\":\"Commandes group\u00e9es de produits bio secs\",\"publisher\":{\"@id\":\"https:\/\/www.bioenvrac.fr\/commandes-groupees\/#organization\"},\"potentialAction\":[{\"@type\":\"SearchAction\",\"target\":{\"@type\":\"EntryPoint\",\"urlTemplate\":\"https:\/\/www.bioenvrac.fr\/commandes-groupees\/?s={search_term_string}\"},\"query-input\":{\"@type\":\"PropertyValueSpecification\",\"valueRequired\":true,\"valueName\":\"search_term_string\"}}],\"inLanguage\":\"fr-FR\"},{\"@type\":\"Organization\",\"@id\":\"https:\/\/www.bioenvrac.fr\/commandes-groupees\/#organization\",\"name\":\"Bioenvrac\",\"url\":\"https:\/\/www.bioenvrac.fr\/commandes-groupees\/\",\"logo\":{\"@type\":\"ImageObject\",\"inLanguage\":\"fr-FR\",\"@id\":\"https:\/\/www.bioenvrac.fr\/commandes-groupees\/#\/schema\/logo\/image\/\",\"url\":\"https:\/\/www.bioenvrac.fr\/commandes-groupees\/wp-content\/uploads\/2023\/09\/bioenvrac-logo.jpg\",\"contentUrl\":\"https:\/\/www.bioenvrac.fr\/commandes-groupees\/wp-content\/uploads\/2023\/09\/bioenvrac-logo.jpg\",\"width\":696,\"height\":696,\"caption\":\"Bioenvrac\"},\"image\":{\"@id\":\"https:\/\/www.bioenvrac.fr\/commandes-groupees\/#\/schema\/logo\/image\/\"},\"sameAs\":[\"https:\/\/www.facebook.com\/bioenvrac\"]}]}<\/script>","yoast_head_json":{"title":"Kit de 3 couvercles en coton bio - Petit - Commandes group\u00e9es de produits bio secs","robots":{"index":"index","follow":"follow","max-snippet":"max-snippet:-1","max-image-preview":"max-image-preview:large","max-video-preview":"max-video-preview:-1"},"canonical":"https:\/\/www.bioenvrac.fr\/commandes-groupees\/produit\/kit-de-3-couvercles-en-coton-bio-petit\/","og_locale":"fr_FR","og_type":"article","og_title":"Kit de 3 couvercles en coton bio - Petit - Commandes group\u00e9es de produits bio secs","og_description":"Origine : France \/ Ah'Table, \u00c9codis  L'unit\u00e9 : 8,73 \u20ac","og_url":"https:\/\/www.bioenvrac.fr\/commandes-groupees\/produit\/kit-de-3-couvercles-en-coton-bio-petit\/","og_site_name":"Commandes group\u00e9es de produits bio secs","article_publisher":"https:\/\/www.facebook.com\/bioenvrac","article_modified_time":"2026-04-07T06:11:59+00:00","og_image":[{"width":600,"height":600,"url":"https:\/\/www.bioenvrac.fr\/commandes-groupees\/wp-content\/uploads\/2025\/09\/couvercle-coton-petit.jpg","type":"image\/jpeg"}],"twitter_card":"summary_large_image","twitter_misc":{"Dur\u00e9e de lecture estim\u00e9e":"1 minute"},"schema":{"@context":"https:\/\/schema.org","@graph":[{"@type":"WebPage","@id":"https:\/\/www.bioenvrac.fr\/commandes-groupees\/produit\/kit-de-3-couvercles-en-coton-bio-petit\/","url":"https:\/\/www.bioenvrac.fr\/commandes-groupees\/produit\/kit-de-3-couvercles-en-coton-bio-petit\/","name":"Kit de 3 couvercles en coton bio - Petit - Commandes group\u00e9es de produits bio secs","isPartOf":{"@id":"https:\/\/www.bioenvrac.fr\/commandes-groupees\/#website"},"primaryImageOfPage":{"@id":"https:\/\/www.bioenvrac.fr\/commandes-groupees\/produit\/kit-de-3-couvercles-en-coton-bio-petit\/#primaryimage"},"image":{"@id":"https:\/\/www.bioenvrac.fr\/commandes-groupees\/produit\/kit-de-3-couvercles-en-coton-bio-petit\/#primaryimage"},"thumbnailUrl":"https:\/\/www.bioenvrac.fr\/commandes-groupees\/wp-content\/uploads\/2025\/09\/couvercle-coton-petit.jpg","datePublished":"2025-09-05T09:14:33+00:00","dateModified":"2026-04-07T06:11:59+00:00","breadcrumb":{"@id":"https:\/\/www.bioenvrac.fr\/commandes-groupees\/produit\/kit-de-3-couvercles-en-coton-bio-petit\/#breadcrumb"},"inLanguage":"fr-FR","potentialAction":[{"@type":"ReadAction","target":["https:\/\/www.bioenvrac.fr\/commandes-groupees\/produit\/kit-de-3-couvercles-en-coton-bio-petit\/"]}]},{"@type":"ImageObject","inLanguage":"fr-FR","@id":"https:\/\/www.bioenvrac.fr\/commandes-groupees\/produit\/kit-de-3-couvercles-en-coton-bio-petit\/#primaryimage","url":"https:\/\/www.bioenvrac.fr\/commandes-groupees\/wp-content\/uploads\/2025\/09\/couvercle-coton-petit.jpg","contentUrl":"https:\/\/www.bioenvrac.fr\/commandes-groupees\/wp-content\/uploads\/2025\/09\/couvercle-coton-petit.jpg","width":600,"height":600},{"@type":"BreadcrumbList","@id":"https:\/\/www.bioenvrac.fr\/commandes-groupees\/produit\/kit-de-3-couvercles-en-coton-bio-petit\/#breadcrumb","itemListElement":[{"@type":"ListItem","position":1,"name":"Accueil","item":"https:\/\/www.bioenvrac.fr\/commandes-groupees\/"},{"@type":"ListItem","position":2,"name":"Boutique","item":"https:\/\/www.bioenvrac.fr\/commandes-groupees\/boutique\/"},{"@type":"ListItem","position":3,"name":"Kit de 3 couvercles en coton bio &#8211; Petit"}]},{"@type":"WebSite","@id":"https:\/\/www.bioenvrac.fr\/commandes-groupees\/#website","url":"https:\/\/www.bioenvrac.fr\/commandes-groupees\/","name":"Commandes group\u00e9es de produits bio secs","description":"Commandes group\u00e9es de produits bio secs","publisher":{"@id":"https:\/\/www.bioenvrac.fr\/commandes-groupees\/#organization"},"potentialAction":[{"@type":"SearchAction","target":{"@type":"EntryPoint","urlTemplate":"https:\/\/www.bioenvrac.fr\/commandes-groupees\/?s={search_term_string}"},"query-input":{"@type":"PropertyValueSpecification","valueRequired":true,"valueName":"search_term_string"}}],"inLanguage":"fr-FR"},{"@type":"Organization","@id":"https:\/\/www.bioenvrac.fr\/commandes-groupees\/#organization","name":"Bioenvrac","url":"https:\/\/www.bioenvrac.fr\/commandes-groupees\/","logo":{"@type":"ImageObject","inLanguage":"fr-FR","@id":"https:\/\/www.bioenvrac.fr\/commandes-groupees\/#\/schema\/logo\/image\/","url":"https:\/\/www.bioenvrac.fr\/commandes-groupees\/wp-content\/uploads\/2023\/09\/bioenvrac-logo.jpg","contentUrl":"https:\/\/www.bioenvrac.fr\/commandes-groupees\/wp-content\/uploads\/2023\/09\/bioenvrac-logo.jpg","width":696,"height":696,"caption":"Bioenvrac"},"image":{"@id":"https:\/\/www.bioenvrac.fr\/commandes-groupees\/#\/schema\/logo\/image\/"},"sameAs":["https:\/\/www.facebook.com\/bioenvrac"]}]}},"_links":{"self":[{"href":"https:\/\/www.bioenvrac.fr\/commandes-groupees\/wp-json\/wp\/v2\/product\/11948","targetHints":{"allow":["GET"]}}],"collection":[{"href":"https:\/\/www.bioenvrac.fr\/commandes-groupees\/wp-json\/wp\/v2\/product"}],"about":[{"href":"https:\/\/www.bioenvrac.fr\/commandes-groupees\/wp-json\/wp\/v2\/types\/product"}],"wp:featuredmedia":[{"embeddable":true,"href":"https:\/\/www.bioenvrac.fr\/commandes-groupees\/wp-json\/wp\/v2\/media\/11949"}],"wp:attachment":[{"href":"https:\/\/www.bioenvrac.fr\/commandes-groupees\/wp-json\/wp\/v2\/media?parent=11948"}],"wp:term":[{"taxonomy":"product_brand","embeddable":true,"href":"https:\/\/www.bioenvrac.fr\/commandes-groupees\/wp-json\/wp\/v2\/product_brand?post=11948"},{"taxonomy":"product_cat","embeddable":true,"href":"https:\/\/www.bioenvrac.fr\/commandes-groupees\/wp-json\/wp\/v2\/product_cat?post=11948"},{"taxonomy":"product_tag","embeddable":true,"href":"https:\/\/www.bioenvrac.fr\/commandes-groupees\/wp-json\/wp\/v2\/product_tag?post=11948"}],"curies":[{"name":"wp","href":"https:\/\/api.w.org\/{rel}","templated":true}]}}