{"id":12439,"date":"2026-03-25T11:20:43","date_gmt":"2026-03-25T10:20:43","guid":{"rendered":"https:\/\/www.bioenvrac.fr\/commandes-groupees\/?post_type=product&#038;p=12439"},"modified":"2026-04-07T08:12:18","modified_gmt":"2026-04-07T06:12:18","slug":"lot-2-serviettes-hygieniques-lavables","status":"publish","type":"product","link":"https:\/\/www.bioenvrac.fr\/commandes-groupees\/produit\/lot-2-serviettes-hygieniques-lavables\/","title":{"rendered":"Lot 2 serviettes hygi\u00e8niques lavables"},"content":{"rendered":"<p>Optez pour une protection menstruelle efficace et respectueuse de votre corps avec ces serviettes hygi\u00e9niques lavables en coton biologique. Gr\u00e2ce \u00e0 leur film \u00e9tanche et leur \u00e9paisseur en coton molleton absorbant, elles assurent une absorption optimale et un confort anti-fuite. Leur d\u00e9coupe anatomique \u00e9pouse parfaitement votre morphologie pour un maintien s\u00fbr. Respirantes, lavables en machine et r\u00e9utilisables pendant plusieurs ann\u00e9es, elles sont l&rsquo;alternative id\u00e9ale aux protections jetables.<\/p>\n<p>Disponible en 4 flux, chaque flux \u00e9tant identifi\u00e9 par une couleur pour une diff\u00e9renciation facile.<br \/>\n\u2022 R\u00e9utilisables pendant plusieurs ann\u00e9es pour r\u00e9duire vos d\u00e9chets et vos d\u00e9penses.<br \/>\n\u2022 Confort et s\u00e9curit\u00e9<br \/>\n\u2022 Coton biologique<\/p>\n<p><strong>Composition<\/strong> : Tissu int\u00e9rieur et ext\u00e9rieur \/ noyau absorbant : 100% coton. Coton issu de l&rsquo;Agriculture Biologique. Couche imperm\u00e9able : 100% polyester enduction poyur\u00e9thane.<\/p>\n<p><strong>Pr\u00e9caution d&#8217;emploi et conditions de conservation<\/strong> : Laver avant la premi\u00e8re utilisation \u00e0 40\u00b0 en machine.<br \/>\nApr\u00e8s chaque utilisation, rincer \u00e0 l&rsquo;eau froide jusqu&rsquo;\u00e0 que le filet d&rsquo;eau devienne clair. Si votre flux a \u00e9t\u00e9 abondant, vous pouvez aussi laisser d\u00e9tremper votre serviette (30 minutes) dans une bassine d&rsquo;eau froide. Laver ensuite la serviette en machine \u00e0 40\u00b0C maximum. Vous pouvez aussi les laver \u00e0 la main. Eviter les adoucissants, assouplissants et le savon riche en glyc\u00e9rine qui auraient tendance \u00e0 diminuer la capacit\u00e9 d&rsquo;absorption de vos protections lavables. Ne pas utiliser de d\u00e9tachants, ces produits souvent chimiques endommagent les fibres. S\u00e9cher \u00e0 l&rsquo;air libre sur un \u00e9tendoir (de pr\u00e9f\u00e9rence dans une pi\u00e8ce a\u00e9r\u00e9e plut\u00f4t qu&rsquo;en plein soleil). Ne pas utiliser de fer \u00e0 repasser, de s\u00e8che-linge ou de radiateur car la chaleur endommage les tissus et r\u00e9duit leur efficacit\u00e9.<br \/>\nAge d&rsquo;utilisation du jouet : Non applicable<br \/>\nOrigine du produit : R\u00e9publique Tch\u00e8que<br \/>\nMarque : ANA\u00c9<\/p>\n<p><strong>Conditions de conservation :<\/strong> Laver avant la premi\u00e8re utilisation \u00e0 40\u00b0 en machine. Apr\u00e8s chaque utilisation, rincer \u00e0 l&rsquo;eau froide jusqu&rsquo;\u00e0 que le filet d&rsquo;eau devienne clair. Si votre flux a \u00e9t\u00e9 abondant, vous pouvez aussi laisser d\u00e9tremper votre serviette (30 minutes) dans une bassine d&rsquo;eau froide. Laver ensuite la serviette en machine \u00e0 40\u00b0C maximum. Vous pouvez aussi les laver \u00e0 la main. Eviter les adoucissants, assouplissants et le savon riche en glyc\u00e9rine qui auraient tendance \u00e0 diminuer la capacit\u00e9 d&rsquo;absorption de vos protections lavables. Ne pas utiliser de d\u00e9tachants, ces produits souvent chimiques endommagent les fibres. S\u00e9cher \u00e0 l&rsquo;air libre sur un \u00e9tendoir (de pr\u00e9f\u00e9rence dans une pi\u00e8ce a\u00e9r\u00e9e plut\u00f4t qu&rsquo;en plein soleil). Ne pas utiliser de fer \u00e0 repasser, de s\u00e8che-linge ou de radiateur car la chaleur endommage les tissus et r\u00e9duit leur efficacit\u00e9.<\/p>\n<p><strong>Composition, ingr\u00e9dients<\/strong> : Tissu int\u00e9rieur et ext\u00e9rieur \/ noyau absorbant : 100% coton. Coton issu de l&rsquo;Agriculture Biologique. Couche imperm\u00e9able : 100% polyester enduction poyur\u00e9thane.<br \/>\nOrigine : Europe<\/p>\n","protected":false},"excerpt":{"rendered":"<p>Optez pour une solution durable et pratique avec la serviette hygi\u00e9nique lavable.<br \/>\nDisponible en 4 flux, chaque flux \u00e9tant identifi\u00e9 par une couleur pour une diff\u00e9renciation facile.<\/p>\n<p>\u2022 Flux <strong>L\u00e9ger<\/strong>, lot 2 serviettes : 17,35 \u20ac<br \/>\n\u2022 Flux <strong>Mod\u00e9r\u00e9<\/strong>, lot 2 serviettes : 18,17 \u20ac<br \/>\n\u2022 Flux <strong>Abondant<\/strong>, lot 2 serviettes : 19,79 \u20ac<br \/>\n\u2022 Flux <strong>Nuit<\/strong>, lot 2 serviettes : 21,34 \u20ac<\/p>\n","protected":false},"featured_media":12440,"template":"","meta":[],"product_brand":[],"product_cat":[47,46],"product_tag":[224],"class_list":{"0":"post-12439","1":"product","2":"type-product","3":"status-publish","4":"has-post-thumbnail","6":"product_cat-22-articles-zero-dechet","7":"product_cat-02-nouveautes","8":"product_tag-ecodis","10":"first","11":"outofstock","12":"taxable","13":"shipping-taxable","14":"purchasable","15":"product-type-variable"},"yoast_head":"<title>Lot 2 serviettes hygi\u00e8niques lavables - Commandes group\u00e9es de produits bio secs<\/title>\n<meta name=\"robots\" content=\"index, follow, max-snippet:-1, max-image-preview:large, max-video-preview:-1\" \/>\n<link rel=\"canonical\" href=\"https:\/\/www.bioenvrac.fr\/commandes-groupees\/produit\/lot-2-serviettes-hygieniques-lavables\/\" \/>\n<meta property=\"og:locale\" content=\"fr_FR\" \/>\n<meta property=\"og:type\" content=\"article\" \/>\n<meta property=\"og:title\" content=\"Lot 2 serviettes hygi\u00e8niques lavables - Commandes group\u00e9es de produits bio secs\" \/>\n<meta property=\"og:description\" content=\"Optez pour une solution durable et pratique avec la serviette hygi\u00e9nique lavable. Disponible en 4 flux, chaque flux \u00e9tant identifi\u00e9 par une couleur pour une diff\u00e9renciation facile.  \u2022 Flux L\u00e9ger, lot 2 serviettes : 17,35 \u20ac \u2022 Flux Mod\u00e9r\u00e9, lot 2 serviettes : 18,17 \u20ac \u2022 Flux Abondant, lot 2 serviettes : 19,79 \u20ac \u2022 Flux Nuit, lot 2 serviettes : 21,34 \u20ac\" \/>\n<meta property=\"og:url\" content=\"https:\/\/www.bioenvrac.fr\/commandes-groupees\/produit\/lot-2-serviettes-hygieniques-lavables\/\" \/>\n<meta property=\"og:site_name\" content=\"Commandes group\u00e9es de produits bio secs\" \/>\n<meta property=\"article:publisher\" content=\"https:\/\/www.facebook.com\/bioenvrac\" \/>\n<meta property=\"article:modified_time\" content=\"2026-04-07T06:12:18+00:00\" \/>\n<meta property=\"og:image\" content=\"https:\/\/www.bioenvrac.fr\/commandes-groupees\/wp-content\/uploads\/2026\/03\/02bb4de3ef96a503-AE271_FR-4_V1.jpg\" \/>\n\t<meta property=\"og:image:width\" content=\"1500\" \/>\n\t<meta property=\"og:image:height\" content=\"1500\" \/>\n\t<meta property=\"og:image:type\" content=\"image\/jpeg\" \/>\n<meta name=\"twitter:card\" content=\"summary_large_image\" \/>\n<meta name=\"twitter:label1\" content=\"Dur\u00e9e de lecture estim\u00e9e\" \/>\n\t<meta name=\"twitter:data1\" content=\"3 minutes\" \/>\n<script type=\"application\/ld+json\" class=\"yoast-schema-graph\">{\"@context\":\"https:\/\/schema.org\",\"@graph\":[{\"@type\":\"WebPage\",\"@id\":\"https:\/\/www.bioenvrac.fr\/commandes-groupees\/produit\/lot-2-serviettes-hygieniques-lavables\/\",\"url\":\"https:\/\/www.bioenvrac.fr\/commandes-groupees\/produit\/lot-2-serviettes-hygieniques-lavables\/\",\"name\":\"Lot 2 serviettes hygi\u00e8niques lavables - Commandes group\u00e9es de produits bio secs\",\"isPartOf\":{\"@id\":\"https:\/\/www.bioenvrac.fr\/commandes-groupees\/#website\"},\"primaryImageOfPage\":{\"@id\":\"https:\/\/www.bioenvrac.fr\/commandes-groupees\/produit\/lot-2-serviettes-hygieniques-lavables\/#primaryimage\"},\"image\":{\"@id\":\"https:\/\/www.bioenvrac.fr\/commandes-groupees\/produit\/lot-2-serviettes-hygieniques-lavables\/#primaryimage\"},\"thumbnailUrl\":\"https:\/\/www.bioenvrac.fr\/commandes-groupees\/wp-content\/uploads\/2026\/03\/02bb4de3ef96a503-AE271_FR-4_V1.jpg\",\"datePublished\":\"2026-03-25T10:20:43+00:00\",\"dateModified\":\"2026-04-07T06:12:18+00:00\",\"breadcrumb\":{\"@id\":\"https:\/\/www.bioenvrac.fr\/commandes-groupees\/produit\/lot-2-serviettes-hygieniques-lavables\/#breadcrumb\"},\"inLanguage\":\"fr-FR\",\"potentialAction\":[{\"@type\":\"ReadAction\",\"target\":[\"https:\/\/www.bioenvrac.fr\/commandes-groupees\/produit\/lot-2-serviettes-hygieniques-lavables\/\"]}]},{\"@type\":\"ImageObject\",\"inLanguage\":\"fr-FR\",\"@id\":\"https:\/\/www.bioenvrac.fr\/commandes-groupees\/produit\/lot-2-serviettes-hygieniques-lavables\/#primaryimage\",\"url\":\"https:\/\/www.bioenvrac.fr\/commandes-groupees\/wp-content\/uploads\/2026\/03\/02bb4de3ef96a503-AE271_FR-4_V1.jpg\",\"contentUrl\":\"https:\/\/www.bioenvrac.fr\/commandes-groupees\/wp-content\/uploads\/2026\/03\/02bb4de3ef96a503-AE271_FR-4_V1.jpg\",\"width\":1500,\"height\":1500},{\"@type\":\"BreadcrumbList\",\"@id\":\"https:\/\/www.bioenvrac.fr\/commandes-groupees\/produit\/lot-2-serviettes-hygieniques-lavables\/#breadcrumb\",\"itemListElement\":[{\"@type\":\"ListItem\",\"position\":1,\"name\":\"Accueil\",\"item\":\"https:\/\/www.bioenvrac.fr\/commandes-groupees\/\"},{\"@type\":\"ListItem\",\"position\":2,\"name\":\"Boutique\",\"item\":\"https:\/\/www.bioenvrac.fr\/commandes-groupees\/boutique\/\"},{\"@type\":\"ListItem\",\"position\":3,\"name\":\"Lot 2 serviettes hygi\u00e8niques lavables\"}]},{\"@type\":\"WebSite\",\"@id\":\"https:\/\/www.bioenvrac.fr\/commandes-groupees\/#website\",\"url\":\"https:\/\/www.bioenvrac.fr\/commandes-groupees\/\",\"name\":\"Commandes group\u00e9es de produits bio secs\",\"description\":\"Commandes group\u00e9es de produits bio secs\",\"publisher\":{\"@id\":\"https:\/\/www.bioenvrac.fr\/commandes-groupees\/#organization\"},\"potentialAction\":[{\"@type\":\"SearchAction\",\"target\":{\"@type\":\"EntryPoint\",\"urlTemplate\":\"https:\/\/www.bioenvrac.fr\/commandes-groupees\/?s={search_term_string}\"},\"query-input\":{\"@type\":\"PropertyValueSpecification\",\"valueRequired\":true,\"valueName\":\"search_term_string\"}}],\"inLanguage\":\"fr-FR\"},{\"@type\":\"Organization\",\"@id\":\"https:\/\/www.bioenvrac.fr\/commandes-groupees\/#organization\",\"name\":\"Bioenvrac\",\"url\":\"https:\/\/www.bioenvrac.fr\/commandes-groupees\/\",\"logo\":{\"@type\":\"ImageObject\",\"inLanguage\":\"fr-FR\",\"@id\":\"https:\/\/www.bioenvrac.fr\/commandes-groupees\/#\/schema\/logo\/image\/\",\"url\":\"https:\/\/www.bioenvrac.fr\/commandes-groupees\/wp-content\/uploads\/2023\/09\/bioenvrac-logo.jpg\",\"contentUrl\":\"https:\/\/www.bioenvrac.fr\/commandes-groupees\/wp-content\/uploads\/2023\/09\/bioenvrac-logo.jpg\",\"width\":696,\"height\":696,\"caption\":\"Bioenvrac\"},\"image\":{\"@id\":\"https:\/\/www.bioenvrac.fr\/commandes-groupees\/#\/schema\/logo\/image\/\"},\"sameAs\":[\"https:\/\/www.facebook.com\/bioenvrac\"]}]}<\/script>","yoast_head_json":{"title":"Lot 2 serviettes hygi\u00e8niques lavables - Commandes group\u00e9es de produits bio secs","robots":{"index":"index","follow":"follow","max-snippet":"max-snippet:-1","max-image-preview":"max-image-preview:large","max-video-preview":"max-video-preview:-1"},"canonical":"https:\/\/www.bioenvrac.fr\/commandes-groupees\/produit\/lot-2-serviettes-hygieniques-lavables\/","og_locale":"fr_FR","og_type":"article","og_title":"Lot 2 serviettes hygi\u00e8niques lavables - Commandes group\u00e9es de produits bio secs","og_description":"Optez pour une solution durable et pratique avec la serviette hygi\u00e9nique lavable. Disponible en 4 flux, chaque flux \u00e9tant identifi\u00e9 par une couleur pour une diff\u00e9renciation facile.  \u2022 Flux L\u00e9ger, lot 2 serviettes : 17,35 \u20ac \u2022 Flux Mod\u00e9r\u00e9, lot 2 serviettes : 18,17 \u20ac \u2022 Flux Abondant, lot 2 serviettes : 19,79 \u20ac \u2022 Flux Nuit, lot 2 serviettes : 21,34 \u20ac","og_url":"https:\/\/www.bioenvrac.fr\/commandes-groupees\/produit\/lot-2-serviettes-hygieniques-lavables\/","og_site_name":"Commandes group\u00e9es de produits bio secs","article_publisher":"https:\/\/www.facebook.com\/bioenvrac","article_modified_time":"2026-04-07T06:12:18+00:00","og_image":[{"width":1500,"height":1500,"url":"https:\/\/www.bioenvrac.fr\/commandes-groupees\/wp-content\/uploads\/2026\/03\/02bb4de3ef96a503-AE271_FR-4_V1.jpg","type":"image\/jpeg"}],"twitter_card":"summary_large_image","twitter_misc":{"Dur\u00e9e de lecture estim\u00e9e":"3 minutes"},"schema":{"@context":"https:\/\/schema.org","@graph":[{"@type":"WebPage","@id":"https:\/\/www.bioenvrac.fr\/commandes-groupees\/produit\/lot-2-serviettes-hygieniques-lavables\/","url":"https:\/\/www.bioenvrac.fr\/commandes-groupees\/produit\/lot-2-serviettes-hygieniques-lavables\/","name":"Lot 2 serviettes hygi\u00e8niques lavables - Commandes group\u00e9es de produits bio secs","isPartOf":{"@id":"https:\/\/www.bioenvrac.fr\/commandes-groupees\/#website"},"primaryImageOfPage":{"@id":"https:\/\/www.bioenvrac.fr\/commandes-groupees\/produit\/lot-2-serviettes-hygieniques-lavables\/#primaryimage"},"image":{"@id":"https:\/\/www.bioenvrac.fr\/commandes-groupees\/produit\/lot-2-serviettes-hygieniques-lavables\/#primaryimage"},"thumbnailUrl":"https:\/\/www.bioenvrac.fr\/commandes-groupees\/wp-content\/uploads\/2026\/03\/02bb4de3ef96a503-AE271_FR-4_V1.jpg","datePublished":"2026-03-25T10:20:43+00:00","dateModified":"2026-04-07T06:12:18+00:00","breadcrumb":{"@id":"https:\/\/www.bioenvrac.fr\/commandes-groupees\/produit\/lot-2-serviettes-hygieniques-lavables\/#breadcrumb"},"inLanguage":"fr-FR","potentialAction":[{"@type":"ReadAction","target":["https:\/\/www.bioenvrac.fr\/commandes-groupees\/produit\/lot-2-serviettes-hygieniques-lavables\/"]}]},{"@type":"ImageObject","inLanguage":"fr-FR","@id":"https:\/\/www.bioenvrac.fr\/commandes-groupees\/produit\/lot-2-serviettes-hygieniques-lavables\/#primaryimage","url":"https:\/\/www.bioenvrac.fr\/commandes-groupees\/wp-content\/uploads\/2026\/03\/02bb4de3ef96a503-AE271_FR-4_V1.jpg","contentUrl":"https:\/\/www.bioenvrac.fr\/commandes-groupees\/wp-content\/uploads\/2026\/03\/02bb4de3ef96a503-AE271_FR-4_V1.jpg","width":1500,"height":1500},{"@type":"BreadcrumbList","@id":"https:\/\/www.bioenvrac.fr\/commandes-groupees\/produit\/lot-2-serviettes-hygieniques-lavables\/#breadcrumb","itemListElement":[{"@type":"ListItem","position":1,"name":"Accueil","item":"https:\/\/www.bioenvrac.fr\/commandes-groupees\/"},{"@type":"ListItem","position":2,"name":"Boutique","item":"https:\/\/www.bioenvrac.fr\/commandes-groupees\/boutique\/"},{"@type":"ListItem","position":3,"name":"Lot 2 serviettes hygi\u00e8niques lavables"}]},{"@type":"WebSite","@id":"https:\/\/www.bioenvrac.fr\/commandes-groupees\/#website","url":"https:\/\/www.bioenvrac.fr\/commandes-groupees\/","name":"Commandes group\u00e9es de produits bio secs","description":"Commandes group\u00e9es de produits bio secs","publisher":{"@id":"https:\/\/www.bioenvrac.fr\/commandes-groupees\/#organization"},"potentialAction":[{"@type":"SearchAction","target":{"@type":"EntryPoint","urlTemplate":"https:\/\/www.bioenvrac.fr\/commandes-groupees\/?s={search_term_string}"},"query-input":{"@type":"PropertyValueSpecification","valueRequired":true,"valueName":"search_term_string"}}],"inLanguage":"fr-FR"},{"@type":"Organization","@id":"https:\/\/www.bioenvrac.fr\/commandes-groupees\/#organization","name":"Bioenvrac","url":"https:\/\/www.bioenvrac.fr\/commandes-groupees\/","logo":{"@type":"ImageObject","inLanguage":"fr-FR","@id":"https:\/\/www.bioenvrac.fr\/commandes-groupees\/#\/schema\/logo\/image\/","url":"https:\/\/www.bioenvrac.fr\/commandes-groupees\/wp-content\/uploads\/2023\/09\/bioenvrac-logo.jpg","contentUrl":"https:\/\/www.bioenvrac.fr\/commandes-groupees\/wp-content\/uploads\/2023\/09\/bioenvrac-logo.jpg","width":696,"height":696,"caption":"Bioenvrac"},"image":{"@id":"https:\/\/www.bioenvrac.fr\/commandes-groupees\/#\/schema\/logo\/image\/"},"sameAs":["https:\/\/www.facebook.com\/bioenvrac"]}]}},"_links":{"self":[{"href":"https:\/\/www.bioenvrac.fr\/commandes-groupees\/wp-json\/wp\/v2\/product\/12439","targetHints":{"allow":["GET"]}}],"collection":[{"href":"https:\/\/www.bioenvrac.fr\/commandes-groupees\/wp-json\/wp\/v2\/product"}],"about":[{"href":"https:\/\/www.bioenvrac.fr\/commandes-groupees\/wp-json\/wp\/v2\/types\/product"}],"wp:featuredmedia":[{"embeddable":true,"href":"https:\/\/www.bioenvrac.fr\/commandes-groupees\/wp-json\/wp\/v2\/media\/12440"}],"wp:attachment":[{"href":"https:\/\/www.bioenvrac.fr\/commandes-groupees\/wp-json\/wp\/v2\/media?parent=12439"}],"wp:term":[{"taxonomy":"product_brand","embeddable":true,"href":"https:\/\/www.bioenvrac.fr\/commandes-groupees\/wp-json\/wp\/v2\/product_brand?post=12439"},{"taxonomy":"product_cat","embeddable":true,"href":"https:\/\/www.bioenvrac.fr\/commandes-groupees\/wp-json\/wp\/v2\/product_cat?post=12439"},{"taxonomy":"product_tag","embeddable":true,"href":"https:\/\/www.bioenvrac.fr\/commandes-groupees\/wp-json\/wp\/v2\/product_tag?post=12439"}],"curies":[{"name":"wp","href":"https:\/\/api.w.org\/{rel}","templated":true}]}}