{"id":12455,"date":"2026-03-26T14:00:15","date_gmt":"2026-03-26T13:00:15","guid":{"rendered":"https:\/\/www.bioenvrac.fr\/commandes-groupees\/?post_type=product&#038;p=12455"},"modified":"2026-04-07T08:28:51","modified_gmt":"2026-04-07T06:28:51","slug":"gaspacho-bio-1l","status":"publish","type":"product","link":"https:\/\/www.bioenvrac.fr\/commandes-groupees\/produit\/gaspacho-bio-1l\/","title":{"rendered":"Gaspacho Bio &#8211; 1L"},"content":{"rendered":"<p><strong>INGREDIENTS<\/strong> : Tomate* 53,2%, eau, courgette* 7,8%, oignon* 3,6%, poivron* 2,6%, huile d&rsquo;olive vierge extra*, sel de Gu\u00e9rande, herbes de Provence*, thym*.<br \/>\n<em>*Ingr\u00e9dients issus de l&rsquo;agriculture biologique.<\/em><\/p>\n<p>Avant ouverture, \u00e0 conserver dans un endroit frais et sec. Apr\u00e8s ouverture, \u00e0 conserver entre 0 et +4\u00b0C et consommer rapidement.<\/p>\n<p><strong>Les Jardins du Prado<\/strong> accompagnent des hommes et des femmes vers l&#8217;emploi durable. Confront\u00e9s \u00e0 des difficult\u00e9s d&rsquo;ordre professionnel, social, ou personnel, notre mission est de faire de l&rsquo;activit\u00e9 \u00e9conomique un outil d&rsquo;insertion et de lutte contre la pr\u00e9carit\u00e9.<\/p>\n<p>Avec 3 hectares de cultures mara\u00eech\u00e8res biologiques en Is\u00e8re, nos l\u00e9gumes sont directement commercialis\u00e9s ou transform\u00e9s dans notre conserverie.<br \/>\nEnsemble, donnons \u00e0 vos l\u00e9gumes le go\u00fbt de la solidarit\u00e9 !<\/p>\n","protected":false},"excerpt":{"rendered":"<p><img loading=\"lazy\" decoding=\"async\" class=\"alignnone wp-image-5233\" src=\"https:\/\/www.bioenvrac.fr\/commandes-groupees\/wp-content\/uploads\/2021\/02\/certifie-bio-FR-Bio-15.jpg\" alt=\"\" width=\"99\" height=\"53\" srcset=\"https:\/\/www.bioenvrac.fr\/commandes-groupees\/wp-content\/uploads\/2021\/02\/certifie-bio-FR-Bio-15.jpg 180w, https:\/\/www.bioenvrac.fr\/commandes-groupees\/wp-content\/uploads\/2021\/02\/certifie-bio-FR-Bio-15-50x27.jpg 50w, https:\/\/www.bioenvrac.fr\/commandes-groupees\/wp-content\/uploads\/2021\/02\/certifie-bio-FR-Bio-15-141x75.jpg 141w\" sizes=\"auto, (max-width: 99px) 100vw, 99px\" \/><\/p>\n<p><strong>Origine<\/strong> : France \/ Is\u00e8re<br \/>\nFournisseur : Les Jardins du Prado<\/p>\n<p><strong>Bouteille de 1L<\/strong> : 6 \u20ac<\/p>\n","protected":false},"featured_media":12456,"template":"","meta":[],"product_brand":[],"product_cat":[97,327,41,46],"product_tag":[328],"class_list":{"0":"post-12455","1":"product","2":"type-product","3":"status-publish","4":"has-post-thumbnail","6":"product_cat-17-conserverie","7":"product_cat-les-jardins-du-prado-38870-bressieux","8":"product_cat-03-produits-locaux","9":"product_cat-02-nouveautes","10":"product_tag-jardin-du-prado","12":"first","13":"outofstock","14":"taxable","15":"shipping-taxable","16":"purchasable","17":"product-type-simple"},"yoast_head":"<title>Gaspacho Bio - 1L - Commandes group\u00e9es de produits bio secs<\/title>\n<meta name=\"robots\" content=\"index, follow, max-snippet:-1, max-image-preview:large, max-video-preview:-1\" \/>\n<link rel=\"canonical\" href=\"http:\/\/www.bioenvrac.fr\/commandes-groupees\/produit\/gaspacho-bio-1l\/\" \/>\n<meta property=\"og:locale\" content=\"fr_FR\" \/>\n<meta property=\"og:type\" content=\"article\" \/>\n<meta property=\"og:title\" content=\"Gaspacho Bio - 1L - Commandes group\u00e9es de produits bio secs\" \/>\n<meta property=\"og:description\" content=\"Origine : France \/ Is\u00e8re Fournisseur : Les Jardins du Prado  Bouteille de 1L : 6 \u20ac\" \/>\n<meta property=\"og:url\" content=\"http:\/\/www.bioenvrac.fr\/commandes-groupees\/produit\/gaspacho-bio-1l\/\" \/>\n<meta property=\"og:site_name\" content=\"Commandes group\u00e9es de produits bio secs\" \/>\n<meta property=\"article:publisher\" content=\"https:\/\/www.facebook.com\/bioenvrac\" \/>\n<meta property=\"article:modified_time\" content=\"2026-04-07T06:28:51+00:00\" \/>\n<meta property=\"og:image\" content=\"http:\/\/www.bioenvrac.fr\/commandes-groupees\/wp-content\/uploads\/2026\/03\/Gaspacho.jpg\" \/>\n\t<meta property=\"og:image:width\" content=\"600\" \/>\n\t<meta property=\"og:image:height\" content=\"800\" \/>\n\t<meta property=\"og:image:type\" content=\"image\/jpeg\" \/>\n<meta name=\"twitter:card\" content=\"summary_large_image\" \/>\n<meta name=\"twitter:label1\" content=\"Dur\u00e9e de lecture estim\u00e9e\" \/>\n\t<meta name=\"twitter:data1\" content=\"1 minute\" \/>\n<script type=\"application\/ld+json\" class=\"yoast-schema-graph\">{\"@context\":\"https:\/\/schema.org\",\"@graph\":[{\"@type\":\"WebPage\",\"@id\":\"http:\/\/www.bioenvrac.fr\/commandes-groupees\/produit\/gaspacho-bio-1l\/\",\"url\":\"http:\/\/www.bioenvrac.fr\/commandes-groupees\/produit\/gaspacho-bio-1l\/\",\"name\":\"Gaspacho Bio - 1L - Commandes group\u00e9es de produits bio secs\",\"isPartOf\":{\"@id\":\"https:\/\/www.bioenvrac.fr\/commandes-groupees\/#website\"},\"primaryImageOfPage\":{\"@id\":\"http:\/\/www.bioenvrac.fr\/commandes-groupees\/produit\/gaspacho-bio-1l\/#primaryimage\"},\"image\":{\"@id\":\"http:\/\/www.bioenvrac.fr\/commandes-groupees\/produit\/gaspacho-bio-1l\/#primaryimage\"},\"thumbnailUrl\":\"https:\/\/www.bioenvrac.fr\/commandes-groupees\/wp-content\/uploads\/2026\/03\/Gaspacho.jpg\",\"datePublished\":\"2026-03-26T13:00:15+00:00\",\"dateModified\":\"2026-04-07T06:28:51+00:00\",\"breadcrumb\":{\"@id\":\"http:\/\/www.bioenvrac.fr\/commandes-groupees\/produit\/gaspacho-bio-1l\/#breadcrumb\"},\"inLanguage\":\"fr-FR\",\"potentialAction\":[{\"@type\":\"ReadAction\",\"target\":[\"http:\/\/www.bioenvrac.fr\/commandes-groupees\/produit\/gaspacho-bio-1l\/\"]}]},{\"@type\":\"ImageObject\",\"inLanguage\":\"fr-FR\",\"@id\":\"http:\/\/www.bioenvrac.fr\/commandes-groupees\/produit\/gaspacho-bio-1l\/#primaryimage\",\"url\":\"https:\/\/www.bioenvrac.fr\/commandes-groupees\/wp-content\/uploads\/2026\/03\/Gaspacho.jpg\",\"contentUrl\":\"https:\/\/www.bioenvrac.fr\/commandes-groupees\/wp-content\/uploads\/2026\/03\/Gaspacho.jpg\",\"width\":600,\"height\":800},{\"@type\":\"BreadcrumbList\",\"@id\":\"http:\/\/www.bioenvrac.fr\/commandes-groupees\/produit\/gaspacho-bio-1l\/#breadcrumb\",\"itemListElement\":[{\"@type\":\"ListItem\",\"position\":1,\"name\":\"Accueil\",\"item\":\"https:\/\/www.bioenvrac.fr\/commandes-groupees\/\"},{\"@type\":\"ListItem\",\"position\":2,\"name\":\"Boutique\",\"item\":\"https:\/\/www.bioenvrac.fr\/commandes-groupees\/boutique\/\"},{\"@type\":\"ListItem\",\"position\":3,\"name\":\"Gaspacho Bio &#8211; 1L\"}]},{\"@type\":\"WebSite\",\"@id\":\"https:\/\/www.bioenvrac.fr\/commandes-groupees\/#website\",\"url\":\"https:\/\/www.bioenvrac.fr\/commandes-groupees\/\",\"name\":\"Commandes group\u00e9es de produits bio secs\",\"description\":\"Commandes group\u00e9es de produits bio secs\",\"publisher\":{\"@id\":\"https:\/\/www.bioenvrac.fr\/commandes-groupees\/#organization\"},\"potentialAction\":[{\"@type\":\"SearchAction\",\"target\":{\"@type\":\"EntryPoint\",\"urlTemplate\":\"https:\/\/www.bioenvrac.fr\/commandes-groupees\/?s={search_term_string}\"},\"query-input\":{\"@type\":\"PropertyValueSpecification\",\"valueRequired\":true,\"valueName\":\"search_term_string\"}}],\"inLanguage\":\"fr-FR\"},{\"@type\":\"Organization\",\"@id\":\"https:\/\/www.bioenvrac.fr\/commandes-groupees\/#organization\",\"name\":\"Bioenvrac\",\"url\":\"https:\/\/www.bioenvrac.fr\/commandes-groupees\/\",\"logo\":{\"@type\":\"ImageObject\",\"inLanguage\":\"fr-FR\",\"@id\":\"https:\/\/www.bioenvrac.fr\/commandes-groupees\/#\/schema\/logo\/image\/\",\"url\":\"https:\/\/www.bioenvrac.fr\/commandes-groupees\/wp-content\/uploads\/2023\/09\/bioenvrac-logo.jpg\",\"contentUrl\":\"https:\/\/www.bioenvrac.fr\/commandes-groupees\/wp-content\/uploads\/2023\/09\/bioenvrac-logo.jpg\",\"width\":696,\"height\":696,\"caption\":\"Bioenvrac\"},\"image\":{\"@id\":\"https:\/\/www.bioenvrac.fr\/commandes-groupees\/#\/schema\/logo\/image\/\"},\"sameAs\":[\"https:\/\/www.facebook.com\/bioenvrac\"]}]}<\/script>","yoast_head_json":{"title":"Gaspacho Bio - 1L - Commandes group\u00e9es de produits bio secs","robots":{"index":"index","follow":"follow","max-snippet":"max-snippet:-1","max-image-preview":"max-image-preview:large","max-video-preview":"max-video-preview:-1"},"canonical":"http:\/\/www.bioenvrac.fr\/commandes-groupees\/produit\/gaspacho-bio-1l\/","og_locale":"fr_FR","og_type":"article","og_title":"Gaspacho Bio - 1L - Commandes group\u00e9es de produits bio secs","og_description":"Origine : France \/ Is\u00e8re Fournisseur : Les Jardins du Prado  Bouteille de 1L : 6 \u20ac","og_url":"http:\/\/www.bioenvrac.fr\/commandes-groupees\/produit\/gaspacho-bio-1l\/","og_site_name":"Commandes group\u00e9es de produits bio secs","article_publisher":"https:\/\/www.facebook.com\/bioenvrac","article_modified_time":"2026-04-07T06:28:51+00:00","og_image":[{"width":600,"height":800,"url":"http:\/\/www.bioenvrac.fr\/commandes-groupees\/wp-content\/uploads\/2026\/03\/Gaspacho.jpg","type":"image\/jpeg"}],"twitter_card":"summary_large_image","twitter_misc":{"Dur\u00e9e de lecture estim\u00e9e":"1 minute"},"schema":{"@context":"https:\/\/schema.org","@graph":[{"@type":"WebPage","@id":"http:\/\/www.bioenvrac.fr\/commandes-groupees\/produit\/gaspacho-bio-1l\/","url":"http:\/\/www.bioenvrac.fr\/commandes-groupees\/produit\/gaspacho-bio-1l\/","name":"Gaspacho Bio - 1L - Commandes group\u00e9es de produits bio secs","isPartOf":{"@id":"https:\/\/www.bioenvrac.fr\/commandes-groupees\/#website"},"primaryImageOfPage":{"@id":"http:\/\/www.bioenvrac.fr\/commandes-groupees\/produit\/gaspacho-bio-1l\/#primaryimage"},"image":{"@id":"http:\/\/www.bioenvrac.fr\/commandes-groupees\/produit\/gaspacho-bio-1l\/#primaryimage"},"thumbnailUrl":"https:\/\/www.bioenvrac.fr\/commandes-groupees\/wp-content\/uploads\/2026\/03\/Gaspacho.jpg","datePublished":"2026-03-26T13:00:15+00:00","dateModified":"2026-04-07T06:28:51+00:00","breadcrumb":{"@id":"http:\/\/www.bioenvrac.fr\/commandes-groupees\/produit\/gaspacho-bio-1l\/#breadcrumb"},"inLanguage":"fr-FR","potentialAction":[{"@type":"ReadAction","target":["http:\/\/www.bioenvrac.fr\/commandes-groupees\/produit\/gaspacho-bio-1l\/"]}]},{"@type":"ImageObject","inLanguage":"fr-FR","@id":"http:\/\/www.bioenvrac.fr\/commandes-groupees\/produit\/gaspacho-bio-1l\/#primaryimage","url":"https:\/\/www.bioenvrac.fr\/commandes-groupees\/wp-content\/uploads\/2026\/03\/Gaspacho.jpg","contentUrl":"https:\/\/www.bioenvrac.fr\/commandes-groupees\/wp-content\/uploads\/2026\/03\/Gaspacho.jpg","width":600,"height":800},{"@type":"BreadcrumbList","@id":"http:\/\/www.bioenvrac.fr\/commandes-groupees\/produit\/gaspacho-bio-1l\/#breadcrumb","itemListElement":[{"@type":"ListItem","position":1,"name":"Accueil","item":"https:\/\/www.bioenvrac.fr\/commandes-groupees\/"},{"@type":"ListItem","position":2,"name":"Boutique","item":"https:\/\/www.bioenvrac.fr\/commandes-groupees\/boutique\/"},{"@type":"ListItem","position":3,"name":"Gaspacho Bio &#8211; 1L"}]},{"@type":"WebSite","@id":"https:\/\/www.bioenvrac.fr\/commandes-groupees\/#website","url":"https:\/\/www.bioenvrac.fr\/commandes-groupees\/","name":"Commandes group\u00e9es de produits bio secs","description":"Commandes group\u00e9es de produits bio secs","publisher":{"@id":"https:\/\/www.bioenvrac.fr\/commandes-groupees\/#organization"},"potentialAction":[{"@type":"SearchAction","target":{"@type":"EntryPoint","urlTemplate":"https:\/\/www.bioenvrac.fr\/commandes-groupees\/?s={search_term_string}"},"query-input":{"@type":"PropertyValueSpecification","valueRequired":true,"valueName":"search_term_string"}}],"inLanguage":"fr-FR"},{"@type":"Organization","@id":"https:\/\/www.bioenvrac.fr\/commandes-groupees\/#organization","name":"Bioenvrac","url":"https:\/\/www.bioenvrac.fr\/commandes-groupees\/","logo":{"@type":"ImageObject","inLanguage":"fr-FR","@id":"https:\/\/www.bioenvrac.fr\/commandes-groupees\/#\/schema\/logo\/image\/","url":"https:\/\/www.bioenvrac.fr\/commandes-groupees\/wp-content\/uploads\/2023\/09\/bioenvrac-logo.jpg","contentUrl":"https:\/\/www.bioenvrac.fr\/commandes-groupees\/wp-content\/uploads\/2023\/09\/bioenvrac-logo.jpg","width":696,"height":696,"caption":"Bioenvrac"},"image":{"@id":"https:\/\/www.bioenvrac.fr\/commandes-groupees\/#\/schema\/logo\/image\/"},"sameAs":["https:\/\/www.facebook.com\/bioenvrac"]}]}},"_links":{"self":[{"href":"https:\/\/www.bioenvrac.fr\/commandes-groupees\/wp-json\/wp\/v2\/product\/12455","targetHints":{"allow":["GET"]}}],"collection":[{"href":"https:\/\/www.bioenvrac.fr\/commandes-groupees\/wp-json\/wp\/v2\/product"}],"about":[{"href":"https:\/\/www.bioenvrac.fr\/commandes-groupees\/wp-json\/wp\/v2\/types\/product"}],"wp:featuredmedia":[{"embeddable":true,"href":"https:\/\/www.bioenvrac.fr\/commandes-groupees\/wp-json\/wp\/v2\/media\/12456"}],"wp:attachment":[{"href":"https:\/\/www.bioenvrac.fr\/commandes-groupees\/wp-json\/wp\/v2\/media?parent=12455"}],"wp:term":[{"taxonomy":"product_brand","embeddable":true,"href":"https:\/\/www.bioenvrac.fr\/commandes-groupees\/wp-json\/wp\/v2\/product_brand?post=12455"},{"taxonomy":"product_cat","embeddable":true,"href":"https:\/\/www.bioenvrac.fr\/commandes-groupees\/wp-json\/wp\/v2\/product_cat?post=12455"},{"taxonomy":"product_tag","embeddable":true,"href":"https:\/\/www.bioenvrac.fr\/commandes-groupees\/wp-json\/wp\/v2\/product_tag?post=12455"}],"curies":[{"name":"wp","href":"https:\/\/api.w.org\/{rel}","templated":true}]}}