{"id":1745,"date":"2019-05-30T14:25:55","date_gmt":"2019-05-30T12:25:55","guid":{"rendered":"http:\/\/www.bioenvrac.fr\/commandes-groupees\/?post_type=product&#038;p=1745"},"modified":"2026-04-07T08:12:19","modified_gmt":"2026-04-07T06:12:19","slug":"percarbonate-de-soude","status":"publish","type":"product","link":"https:\/\/www.bioenvrac.fr\/commandes-groupees\/produit\/percarbonate-de-soude\/","title":{"rendered":"Percarbonate de soude"},"content":{"rendered":"<p>Appel\u00e9 aussi eau oxyg\u00e9n\u00e9e solide, le percarbonate de sodium de formule 2Na2CO3. 3H2O2 est fabriqu\u00e9 \u00e0 base de carbonate de sodium (cristaux de soude) additionn\u00e9 de peroxyde d\u2019hydrog\u00e8ne (appel\u00e9 eau oxyg\u00e9n\u00e9e). Les constituants de ces produits sont issus de mati\u00e8res premi\u00e8res naturelles communes (sel, eau, craie). Une fois dissous dans l\u2019eau, il se d\u00e9compose en :<\/p>\n<ul>\n<li>carbonate de sodium ou cristaux de soude, agent de surface tensioactif.<\/li>\n<li>peroxyde d\u2019hydrog\u00e8ne, blanchissant \u00e0 base d\u2019oxyg\u00e8ne.<\/li>\n<\/ul>\n<p>Ce produit ne contient ni chlore, ni phosphate si pr\u00e9judiciables \u00e0 nos rivi\u00e8res et est non bio-accumulable. Excellent blanchissant utilis\u00e9 dans de nombreuses lessives du march\u00e9, le percarbonate d\u00e9livre de l\u2019oxyg\u00e8ne et agit comme d\u00e9tachant pour dissoudre rapidement et enti\u00e8rement toutes sortes de taches tenaces telles que le th\u00e9, le caf\u00e9, le vin rouge, l\u2019herbe, les taches de fruits, de transpiration ou bien encore de sang\u2026 Le percarbonate est id\u00e9al pour pr\u00e9server de fa\u00e7on naturelle la blancheur de votre linge m\u00eame apr\u00e8s de nombreux lavages, car il \u00e9vite la grisaille due au calcaire.<\/p>\n<p>Information r\u00e9glementaire : Dangereux \u2013 Respecter les pr\u00e9cautions d\u2019emploi.<\/p>\n<h3>Impact environnemental<\/h3>\n<ul>\n<li>Production et conditionnement en Europe occidentale \u00e0 partir de mati\u00e8res premi\u00e8res communes (sel, eau, craie).<\/li>\n<li>Emballage en kraft.<\/li>\n<li>Large spectre d\u2019utilisations.<\/li>\n<li>Indice carbone faible.<\/li>\n<\/ul>\n<h3>Recettes<\/h3>\n<p>Mettre 1 \u00e0 2 cuill\u00e8res \u00e0 soupe de percarbonate dans le tambour de la machine \u00e0 laver pour blanchir le blanc et \/ ou \u00e9liminer les taches color\u00e9es. Faire tourner la machine \u00e0 40\u00b0C minimum et 60\u00b0C id\u00e9alement. En cas de linge tr\u00e8s tach\u00e9, faire tremper le v\u00eatement dans une bassine d\u2019eau tr\u00e8s chaude avec 2 CS de percarbonate avant le passage en machine.<\/p>\n<p>Le percarbonate sert \u00e0 de nombreuses autres applications.<\/p>\n","protected":false},"excerpt":{"rendered":"<p>Origine : Fabriqu\u00e9 en France \/ La Droguerie \u00e9cologique, \u00c9codis<\/p>\n<p>En sac de 2,5 kg : <strong>12,79 \u20ac<br \/>\n<\/strong>En sac de 1 kg : <strong>6,08 \u20ac<\/strong><\/p>\n","protected":false},"featured_media":1746,"template":"","meta":[],"product_brand":[],"product_cat":[59],"product_tag":[224],"class_list":{"0":"post-1745","1":"product","2":"type-product","3":"status-publish","4":"has-post-thumbnail","6":"product_cat-23-droguerie-ecologique","7":"product_tag-ecodis","9":"first","10":"outofstock","11":"taxable","12":"shipping-taxable","13":"purchasable","14":"product-type-variable"},"yoast_head":"<title>Percarbonate de soude - Commandes group\u00e9es de produits bio secs<\/title>\n<meta name=\"robots\" content=\"index, follow, max-snippet:-1, max-image-preview:large, max-video-preview:-1\" \/>\n<link rel=\"canonical\" href=\"http:\/\/www.bioenvrac.fr\/commandes-groupees\/produit\/percarbonate-de-soude\/\" \/>\n<meta property=\"og:locale\" content=\"fr_FR\" \/>\n<meta property=\"og:type\" content=\"article\" \/>\n<meta property=\"og:title\" content=\"Percarbonate de soude - Commandes group\u00e9es de produits bio secs\" \/>\n<meta property=\"og:description\" content=\"Origine : Fabriqu\u00e9 en France \/ La Droguerie \u00e9cologique, \u00c9codis  En sac de 2,5 kg : 12,79 \u20ac En sac de 1 kg : 6,08 \u20ac\" \/>\n<meta property=\"og:url\" content=\"http:\/\/www.bioenvrac.fr\/commandes-groupees\/produit\/percarbonate-de-soude\/\" \/>\n<meta property=\"og:site_name\" content=\"Commandes group\u00e9es de produits bio secs\" \/>\n<meta property=\"article:publisher\" content=\"https:\/\/www.facebook.com\/bioenvrac\" \/>\n<meta property=\"article:modified_time\" content=\"2026-04-07T06:12:19+00:00\" \/>\n<meta property=\"og:image\" content=\"http:\/\/www.bioenvrac.fr\/commandes-groupees\/wp-content\/uploads\/2019\/05\/Percarbonate-de-soude.jpg\" \/>\n\t<meta property=\"og:image:width\" content=\"540\" \/>\n\t<meta property=\"og:image:height\" content=\"540\" \/>\n\t<meta property=\"og:image:type\" content=\"image\/jpeg\" \/>\n<meta name=\"twitter:card\" content=\"summary_large_image\" \/>\n<meta name=\"twitter:label1\" content=\"Dur\u00e9e de lecture estim\u00e9e\" \/>\n\t<meta name=\"twitter:data1\" content=\"2 minutes\" \/>\n<script type=\"application\/ld+json\" class=\"yoast-schema-graph\">{\"@context\":\"https:\/\/schema.org\",\"@graph\":[{\"@type\":\"WebPage\",\"@id\":\"http:\/\/www.bioenvrac.fr\/commandes-groupees\/produit\/percarbonate-de-soude\/\",\"url\":\"http:\/\/www.bioenvrac.fr\/commandes-groupees\/produit\/percarbonate-de-soude\/\",\"name\":\"Percarbonate de soude - Commandes group\u00e9es de produits bio secs\",\"isPartOf\":{\"@id\":\"https:\/\/www.bioenvrac.fr\/commandes-groupees\/#website\"},\"primaryImageOfPage\":{\"@id\":\"http:\/\/www.bioenvrac.fr\/commandes-groupees\/produit\/percarbonate-de-soude\/#primaryimage\"},\"image\":{\"@id\":\"http:\/\/www.bioenvrac.fr\/commandes-groupees\/produit\/percarbonate-de-soude\/#primaryimage\"},\"thumbnailUrl\":\"https:\/\/www.bioenvrac.fr\/commandes-groupees\/wp-content\/uploads\/2019\/05\/Percarbonate-de-soude.jpg\",\"datePublished\":\"2019-05-30T12:25:55+00:00\",\"dateModified\":\"2026-04-07T06:12:19+00:00\",\"breadcrumb\":{\"@id\":\"http:\/\/www.bioenvrac.fr\/commandes-groupees\/produit\/percarbonate-de-soude\/#breadcrumb\"},\"inLanguage\":\"fr-FR\",\"potentialAction\":[{\"@type\":\"ReadAction\",\"target\":[\"http:\/\/www.bioenvrac.fr\/commandes-groupees\/produit\/percarbonate-de-soude\/\"]}]},{\"@type\":\"ImageObject\",\"inLanguage\":\"fr-FR\",\"@id\":\"http:\/\/www.bioenvrac.fr\/commandes-groupees\/produit\/percarbonate-de-soude\/#primaryimage\",\"url\":\"https:\/\/www.bioenvrac.fr\/commandes-groupees\/wp-content\/uploads\/2019\/05\/Percarbonate-de-soude.jpg\",\"contentUrl\":\"https:\/\/www.bioenvrac.fr\/commandes-groupees\/wp-content\/uploads\/2019\/05\/Percarbonate-de-soude.jpg\",\"width\":540,\"height\":540},{\"@type\":\"BreadcrumbList\",\"@id\":\"http:\/\/www.bioenvrac.fr\/commandes-groupees\/produit\/percarbonate-de-soude\/#breadcrumb\",\"itemListElement\":[{\"@type\":\"ListItem\",\"position\":1,\"name\":\"Accueil\",\"item\":\"https:\/\/www.bioenvrac.fr\/commandes-groupees\/\"},{\"@type\":\"ListItem\",\"position\":2,\"name\":\"Boutique\",\"item\":\"https:\/\/www.bioenvrac.fr\/commandes-groupees\/boutique\/\"},{\"@type\":\"ListItem\",\"position\":3,\"name\":\"Percarbonate de soude\"}]},{\"@type\":\"WebSite\",\"@id\":\"https:\/\/www.bioenvrac.fr\/commandes-groupees\/#website\",\"url\":\"https:\/\/www.bioenvrac.fr\/commandes-groupees\/\",\"name\":\"Commandes group\u00e9es de produits bio secs\",\"description\":\"Commandes group\u00e9es de produits bio secs\",\"publisher\":{\"@id\":\"https:\/\/www.bioenvrac.fr\/commandes-groupees\/#organization\"},\"potentialAction\":[{\"@type\":\"SearchAction\",\"target\":{\"@type\":\"EntryPoint\",\"urlTemplate\":\"https:\/\/www.bioenvrac.fr\/commandes-groupees\/?s={search_term_string}\"},\"query-input\":{\"@type\":\"PropertyValueSpecification\",\"valueRequired\":true,\"valueName\":\"search_term_string\"}}],\"inLanguage\":\"fr-FR\"},{\"@type\":\"Organization\",\"@id\":\"https:\/\/www.bioenvrac.fr\/commandes-groupees\/#organization\",\"name\":\"Bioenvrac\",\"url\":\"https:\/\/www.bioenvrac.fr\/commandes-groupees\/\",\"logo\":{\"@type\":\"ImageObject\",\"inLanguage\":\"fr-FR\",\"@id\":\"https:\/\/www.bioenvrac.fr\/commandes-groupees\/#\/schema\/logo\/image\/\",\"url\":\"https:\/\/www.bioenvrac.fr\/commandes-groupees\/wp-content\/uploads\/2023\/09\/bioenvrac-logo.jpg\",\"contentUrl\":\"https:\/\/www.bioenvrac.fr\/commandes-groupees\/wp-content\/uploads\/2023\/09\/bioenvrac-logo.jpg\",\"width\":696,\"height\":696,\"caption\":\"Bioenvrac\"},\"image\":{\"@id\":\"https:\/\/www.bioenvrac.fr\/commandes-groupees\/#\/schema\/logo\/image\/\"},\"sameAs\":[\"https:\/\/www.facebook.com\/bioenvrac\"]}]}<\/script>","yoast_head_json":{"title":"Percarbonate de soude - Commandes group\u00e9es de produits bio secs","robots":{"index":"index","follow":"follow","max-snippet":"max-snippet:-1","max-image-preview":"max-image-preview:large","max-video-preview":"max-video-preview:-1"},"canonical":"http:\/\/www.bioenvrac.fr\/commandes-groupees\/produit\/percarbonate-de-soude\/","og_locale":"fr_FR","og_type":"article","og_title":"Percarbonate de soude - Commandes group\u00e9es de produits bio secs","og_description":"Origine : Fabriqu\u00e9 en France \/ La Droguerie \u00e9cologique, \u00c9codis  En sac de 2,5 kg : 12,79 \u20ac En sac de 1 kg : 6,08 \u20ac","og_url":"http:\/\/www.bioenvrac.fr\/commandes-groupees\/produit\/percarbonate-de-soude\/","og_site_name":"Commandes group\u00e9es de produits bio secs","article_publisher":"https:\/\/www.facebook.com\/bioenvrac","article_modified_time":"2026-04-07T06:12:19+00:00","og_image":[{"width":540,"height":540,"url":"http:\/\/www.bioenvrac.fr\/commandes-groupees\/wp-content\/uploads\/2019\/05\/Percarbonate-de-soude.jpg","type":"image\/jpeg"}],"twitter_card":"summary_large_image","twitter_misc":{"Dur\u00e9e de lecture estim\u00e9e":"2 minutes"},"schema":{"@context":"https:\/\/schema.org","@graph":[{"@type":"WebPage","@id":"http:\/\/www.bioenvrac.fr\/commandes-groupees\/produit\/percarbonate-de-soude\/","url":"http:\/\/www.bioenvrac.fr\/commandes-groupees\/produit\/percarbonate-de-soude\/","name":"Percarbonate de soude - Commandes group\u00e9es de produits bio secs","isPartOf":{"@id":"https:\/\/www.bioenvrac.fr\/commandes-groupees\/#website"},"primaryImageOfPage":{"@id":"http:\/\/www.bioenvrac.fr\/commandes-groupees\/produit\/percarbonate-de-soude\/#primaryimage"},"image":{"@id":"http:\/\/www.bioenvrac.fr\/commandes-groupees\/produit\/percarbonate-de-soude\/#primaryimage"},"thumbnailUrl":"https:\/\/www.bioenvrac.fr\/commandes-groupees\/wp-content\/uploads\/2019\/05\/Percarbonate-de-soude.jpg","datePublished":"2019-05-30T12:25:55+00:00","dateModified":"2026-04-07T06:12:19+00:00","breadcrumb":{"@id":"http:\/\/www.bioenvrac.fr\/commandes-groupees\/produit\/percarbonate-de-soude\/#breadcrumb"},"inLanguage":"fr-FR","potentialAction":[{"@type":"ReadAction","target":["http:\/\/www.bioenvrac.fr\/commandes-groupees\/produit\/percarbonate-de-soude\/"]}]},{"@type":"ImageObject","inLanguage":"fr-FR","@id":"http:\/\/www.bioenvrac.fr\/commandes-groupees\/produit\/percarbonate-de-soude\/#primaryimage","url":"https:\/\/www.bioenvrac.fr\/commandes-groupees\/wp-content\/uploads\/2019\/05\/Percarbonate-de-soude.jpg","contentUrl":"https:\/\/www.bioenvrac.fr\/commandes-groupees\/wp-content\/uploads\/2019\/05\/Percarbonate-de-soude.jpg","width":540,"height":540},{"@type":"BreadcrumbList","@id":"http:\/\/www.bioenvrac.fr\/commandes-groupees\/produit\/percarbonate-de-soude\/#breadcrumb","itemListElement":[{"@type":"ListItem","position":1,"name":"Accueil","item":"https:\/\/www.bioenvrac.fr\/commandes-groupees\/"},{"@type":"ListItem","position":2,"name":"Boutique","item":"https:\/\/www.bioenvrac.fr\/commandes-groupees\/boutique\/"},{"@type":"ListItem","position":3,"name":"Percarbonate de soude"}]},{"@type":"WebSite","@id":"https:\/\/www.bioenvrac.fr\/commandes-groupees\/#website","url":"https:\/\/www.bioenvrac.fr\/commandes-groupees\/","name":"Commandes group\u00e9es de produits bio secs","description":"Commandes group\u00e9es de produits bio secs","publisher":{"@id":"https:\/\/www.bioenvrac.fr\/commandes-groupees\/#organization"},"potentialAction":[{"@type":"SearchAction","target":{"@type":"EntryPoint","urlTemplate":"https:\/\/www.bioenvrac.fr\/commandes-groupees\/?s={search_term_string}"},"query-input":{"@type":"PropertyValueSpecification","valueRequired":true,"valueName":"search_term_string"}}],"inLanguage":"fr-FR"},{"@type":"Organization","@id":"https:\/\/www.bioenvrac.fr\/commandes-groupees\/#organization","name":"Bioenvrac","url":"https:\/\/www.bioenvrac.fr\/commandes-groupees\/","logo":{"@type":"ImageObject","inLanguage":"fr-FR","@id":"https:\/\/www.bioenvrac.fr\/commandes-groupees\/#\/schema\/logo\/image\/","url":"https:\/\/www.bioenvrac.fr\/commandes-groupees\/wp-content\/uploads\/2023\/09\/bioenvrac-logo.jpg","contentUrl":"https:\/\/www.bioenvrac.fr\/commandes-groupees\/wp-content\/uploads\/2023\/09\/bioenvrac-logo.jpg","width":696,"height":696,"caption":"Bioenvrac"},"image":{"@id":"https:\/\/www.bioenvrac.fr\/commandes-groupees\/#\/schema\/logo\/image\/"},"sameAs":["https:\/\/www.facebook.com\/bioenvrac"]}]}},"_links":{"self":[{"href":"https:\/\/www.bioenvrac.fr\/commandes-groupees\/wp-json\/wp\/v2\/product\/1745","targetHints":{"allow":["GET"]}}],"collection":[{"href":"https:\/\/www.bioenvrac.fr\/commandes-groupees\/wp-json\/wp\/v2\/product"}],"about":[{"href":"https:\/\/www.bioenvrac.fr\/commandes-groupees\/wp-json\/wp\/v2\/types\/product"}],"wp:featuredmedia":[{"embeddable":true,"href":"https:\/\/www.bioenvrac.fr\/commandes-groupees\/wp-json\/wp\/v2\/media\/1746"}],"wp:attachment":[{"href":"https:\/\/www.bioenvrac.fr\/commandes-groupees\/wp-json\/wp\/v2\/media?parent=1745"}],"wp:term":[{"taxonomy":"product_brand","embeddable":true,"href":"https:\/\/www.bioenvrac.fr\/commandes-groupees\/wp-json\/wp\/v2\/product_brand?post=1745"},{"taxonomy":"product_cat","embeddable":true,"href":"https:\/\/www.bioenvrac.fr\/commandes-groupees\/wp-json\/wp\/v2\/product_cat?post=1745"},{"taxonomy":"product_tag","embeddable":true,"href":"https:\/\/www.bioenvrac.fr\/commandes-groupees\/wp-json\/wp\/v2\/product_tag?post=1745"}],"curies":[{"name":"wp","href":"https:\/\/api.w.org\/{rel}","templated":true}]}}