{"id":1751,"date":"2019-05-30T14:39:46","date_gmt":"2019-05-30T12:39:46","guid":{"rendered":"http:\/\/www.bioenvrac.fr\/commandes-groupees\/?post_type=product&#038;p=1751"},"modified":"2026-04-07T08:12:12","modified_gmt":"2026-04-07T06:12:12","slug":"vinaigre-dalcool-8-bio","status":"publish","type":"product","link":"https:\/\/www.bioenvrac.fr\/commandes-groupees\/produit\/vinaigre-dalcool-8-bio\/","title":{"rendered":"Vinaigre d\u2019alcool 8% Bio"},"content":{"rendered":"<p>Le vinaigre d\u2019alcool 8% La droguerie \u00e9cologique\u00ae est une solution aqueuse comprenant de l\u2019acide ac\u00e9tique titr\u00e9 \u00e0 8%. Traditionnellement utilis\u00e9 en usage alimentaire dans toutes les cuisines du monde, il constitue aussi un remarquable produit de m\u00e9nage, multi-usage, \u00e9cologique et bon march\u00e9. Ses propri\u00e9t\u00e9s sont tr\u00e8s nombreuses : conservateur alimentaire, d\u00e9graissant, d\u00e9sodorisant, d\u00e9tartrant, nettoyant \u2026 et ses usages tr\u00e8s \u00e9tendus : alimentation, m\u00e9nage, hygi\u00e8ne familiale et cosm\u00e9tiques. Il se comporte comme un acide faible d\u2019\u00e9criture CH3-COOH ce qui lui permet de neutraliser les bases faibles et de d\u00e9composer particuli\u00e8rement les carbonates (dont le calcaire de nos canalisations).<\/p>\n<h3>Int\u00e9r\u00eat \u00e9cologique<\/h3>\n<ul>\n<li>Vinaigre d\u2019alcool issu de l\u2019agriculture biologique et certifi\u00e9 AB par Ecocert.<\/li>\n<li>Fabriqu\u00e9 en France par fermentation d\u2019alcool de mati\u00e8res premi\u00e8res v\u00e9g\u00e9tales cultiv\u00e9es en agriculture biologique.<\/li>\n<li>Emballage en PET recyclable.<\/li>\n<li>Non toxique pour l\u2019homme et pour l\u2019environnement.<\/li>\n<li>Tr\u00e8s large spectre d\u2019utilisations.<\/li>\n<\/ul>\n<h3>Recettes<\/h3>\n<p>Pour l\u2019entretien de l\u2019\u00e9lectro-m\u00e9nager. Utiliser \u00bd verre de vinaigre en remplacement de l\u2019anti-calcaire. Dans le lave-linge, ajouter un verre de vinaigre dans le bac adoucissant pour enlever les r\u00e9sidus de calcaire et adoucir le linge.<br \/>\nLe vinaigre est un produit multi-usage qui entre dans la composition de nombreuses recette<\/p>\n","protected":false},"excerpt":{"rendered":"<p><img loading=\"lazy\" decoding=\"async\" class=\"alignnone wp-image-5233\" src=\"https:\/\/www.bioenvrac.fr\/commandes-groupees\/wp-content\/uploads\/2021\/02\/certifie-bio-FR-Bio-15.jpg\" alt=\"\" width=\"99\" height=\"53\" srcset=\"https:\/\/www.bioenvrac.fr\/commandes-groupees\/wp-content\/uploads\/2021\/02\/certifie-bio-FR-Bio-15.jpg 180w, https:\/\/www.bioenvrac.fr\/commandes-groupees\/wp-content\/uploads\/2021\/02\/certifie-bio-FR-Bio-15-50x27.jpg 50w, https:\/\/www.bioenvrac.fr\/commandes-groupees\/wp-content\/uploads\/2021\/02\/certifie-bio-FR-Bio-15-141x75.jpg 141w\" sizes=\"auto, (max-width: 99px) 100vw, 99px\" \/><\/p>\n<p>Origine : France \/ La Droguerie \u00e9cologique, \u00c9codis<\/p>\n<p><strong>Le bidon : 5 litres : 10,94\u20ac<\/strong> soit 2,18 \u20ac\/l<\/p>\n","protected":false},"featured_media":1758,"template":"","meta":[],"product_brand":[],"product_cat":[59,32],"product_tag":[224],"class_list":{"0":"post-1751","1":"product","2":"type-product","3":"status-publish","4":"has-post-thumbnail","6":"product_cat-23-droguerie-ecologique","7":"product_cat-13-vinaigres-huiles-alimentaires","8":"product_tag-ecodis","10":"first","11":"outofstock","12":"taxable","13":"shipping-taxable","14":"purchasable","15":"product-type-simple"},"yoast_head":"<title>Vinaigre d\u2019alcool 8% Bio - Commandes group\u00e9es de produits bio secs<\/title>\n<meta name=\"robots\" content=\"index, follow, max-snippet:-1, max-image-preview:large, max-video-preview:-1\" \/>\n<link rel=\"canonical\" href=\"https:\/\/www.bioenvrac.fr\/commandes-groupees\/produit\/vinaigre-dalcool-8-bio\/\" \/>\n<meta property=\"og:locale\" content=\"fr_FR\" \/>\n<meta property=\"og:type\" content=\"article\" \/>\n<meta property=\"og:title\" content=\"Vinaigre d\u2019alcool 8% Bio - Commandes group\u00e9es de produits bio secs\" \/>\n<meta property=\"og:description\" content=\"Origine : France \/ La Droguerie \u00e9cologique, \u00c9codis  Le bidon : 5 litres : 10,94\u20ac soit 2,18 \u20ac\/l\" \/>\n<meta property=\"og:url\" content=\"https:\/\/www.bioenvrac.fr\/commandes-groupees\/produit\/vinaigre-dalcool-8-bio\/\" \/>\n<meta property=\"og:site_name\" content=\"Commandes group\u00e9es de produits bio secs\" \/>\n<meta property=\"article:publisher\" content=\"https:\/\/www.facebook.com\/bioenvrac\" \/>\n<meta property=\"article:modified_time\" content=\"2026-04-07T06:12:12+00:00\" \/>\n<meta property=\"og:image\" content=\"https:\/\/www.bioenvrac.fr\/commandes-groupees\/wp-content\/uploads\/2019\/05\/vinaigre_alcool_5L_8-2.jpg\" \/>\n\t<meta property=\"og:image:width\" content=\"540\" \/>\n\t<meta property=\"og:image:height\" content=\"540\" \/>\n\t<meta property=\"og:image:type\" content=\"image\/jpeg\" \/>\n<meta name=\"twitter:card\" content=\"summary_large_image\" \/>\n<meta name=\"twitter:label1\" content=\"Dur\u00e9e de lecture estim\u00e9e\" \/>\n\t<meta name=\"twitter:data1\" content=\"2 minutes\" \/>\n<script type=\"application\/ld+json\" class=\"yoast-schema-graph\">{\"@context\":\"https:\/\/schema.org\",\"@graph\":[{\"@type\":\"WebPage\",\"@id\":\"https:\/\/www.bioenvrac.fr\/commandes-groupees\/produit\/vinaigre-dalcool-8-bio\/\",\"url\":\"https:\/\/www.bioenvrac.fr\/commandes-groupees\/produit\/vinaigre-dalcool-8-bio\/\",\"name\":\"Vinaigre d\u2019alcool 8% Bio - Commandes group\u00e9es de produits bio secs\",\"isPartOf\":{\"@id\":\"https:\/\/www.bioenvrac.fr\/commandes-groupees\/#website\"},\"primaryImageOfPage\":{\"@id\":\"https:\/\/www.bioenvrac.fr\/commandes-groupees\/produit\/vinaigre-dalcool-8-bio\/#primaryimage\"},\"image\":{\"@id\":\"https:\/\/www.bioenvrac.fr\/commandes-groupees\/produit\/vinaigre-dalcool-8-bio\/#primaryimage\"},\"thumbnailUrl\":\"https:\/\/www.bioenvrac.fr\/commandes-groupees\/wp-content\/uploads\/2019\/05\/vinaigre_alcool_5L_8-2.jpg\",\"datePublished\":\"2019-05-30T12:39:46+00:00\",\"dateModified\":\"2026-04-07T06:12:12+00:00\",\"breadcrumb\":{\"@id\":\"https:\/\/www.bioenvrac.fr\/commandes-groupees\/produit\/vinaigre-dalcool-8-bio\/#breadcrumb\"},\"inLanguage\":\"fr-FR\",\"potentialAction\":[{\"@type\":\"ReadAction\",\"target\":[\"https:\/\/www.bioenvrac.fr\/commandes-groupees\/produit\/vinaigre-dalcool-8-bio\/\"]}]},{\"@type\":\"ImageObject\",\"inLanguage\":\"fr-FR\",\"@id\":\"https:\/\/www.bioenvrac.fr\/commandes-groupees\/produit\/vinaigre-dalcool-8-bio\/#primaryimage\",\"url\":\"https:\/\/www.bioenvrac.fr\/commandes-groupees\/wp-content\/uploads\/2019\/05\/vinaigre_alcool_5L_8-2.jpg\",\"contentUrl\":\"https:\/\/www.bioenvrac.fr\/commandes-groupees\/wp-content\/uploads\/2019\/05\/vinaigre_alcool_5L_8-2.jpg\",\"width\":540,\"height\":540},{\"@type\":\"BreadcrumbList\",\"@id\":\"https:\/\/www.bioenvrac.fr\/commandes-groupees\/produit\/vinaigre-dalcool-8-bio\/#breadcrumb\",\"itemListElement\":[{\"@type\":\"ListItem\",\"position\":1,\"name\":\"Accueil\",\"item\":\"https:\/\/www.bioenvrac.fr\/commandes-groupees\/\"},{\"@type\":\"ListItem\",\"position\":2,\"name\":\"Boutique\",\"item\":\"https:\/\/www.bioenvrac.fr\/commandes-groupees\/boutique\/\"},{\"@type\":\"ListItem\",\"position\":3,\"name\":\"Vinaigre d\u2019alcool 8% Bio\"}]},{\"@type\":\"WebSite\",\"@id\":\"https:\/\/www.bioenvrac.fr\/commandes-groupees\/#website\",\"url\":\"https:\/\/www.bioenvrac.fr\/commandes-groupees\/\",\"name\":\"Commandes group\u00e9es de produits bio secs\",\"description\":\"Commandes group\u00e9es de produits bio secs\",\"publisher\":{\"@id\":\"https:\/\/www.bioenvrac.fr\/commandes-groupees\/#organization\"},\"potentialAction\":[{\"@type\":\"SearchAction\",\"target\":{\"@type\":\"EntryPoint\",\"urlTemplate\":\"https:\/\/www.bioenvrac.fr\/commandes-groupees\/?s={search_term_string}\"},\"query-input\":{\"@type\":\"PropertyValueSpecification\",\"valueRequired\":true,\"valueName\":\"search_term_string\"}}],\"inLanguage\":\"fr-FR\"},{\"@type\":\"Organization\",\"@id\":\"https:\/\/www.bioenvrac.fr\/commandes-groupees\/#organization\",\"name\":\"Bioenvrac\",\"url\":\"https:\/\/www.bioenvrac.fr\/commandes-groupees\/\",\"logo\":{\"@type\":\"ImageObject\",\"inLanguage\":\"fr-FR\",\"@id\":\"https:\/\/www.bioenvrac.fr\/commandes-groupees\/#\/schema\/logo\/image\/\",\"url\":\"https:\/\/www.bioenvrac.fr\/commandes-groupees\/wp-content\/uploads\/2023\/09\/bioenvrac-logo.jpg\",\"contentUrl\":\"https:\/\/www.bioenvrac.fr\/commandes-groupees\/wp-content\/uploads\/2023\/09\/bioenvrac-logo.jpg\",\"width\":696,\"height\":696,\"caption\":\"Bioenvrac\"},\"image\":{\"@id\":\"https:\/\/www.bioenvrac.fr\/commandes-groupees\/#\/schema\/logo\/image\/\"},\"sameAs\":[\"https:\/\/www.facebook.com\/bioenvrac\"]}]}<\/script>","yoast_head_json":{"title":"Vinaigre d\u2019alcool 8% Bio - Commandes group\u00e9es de produits bio secs","robots":{"index":"index","follow":"follow","max-snippet":"max-snippet:-1","max-image-preview":"max-image-preview:large","max-video-preview":"max-video-preview:-1"},"canonical":"https:\/\/www.bioenvrac.fr\/commandes-groupees\/produit\/vinaigre-dalcool-8-bio\/","og_locale":"fr_FR","og_type":"article","og_title":"Vinaigre d\u2019alcool 8% Bio - Commandes group\u00e9es de produits bio secs","og_description":"Origine : France \/ La Droguerie \u00e9cologique, \u00c9codis  Le bidon : 5 litres : 10,94\u20ac soit 2,18 \u20ac\/l","og_url":"https:\/\/www.bioenvrac.fr\/commandes-groupees\/produit\/vinaigre-dalcool-8-bio\/","og_site_name":"Commandes group\u00e9es de produits bio secs","article_publisher":"https:\/\/www.facebook.com\/bioenvrac","article_modified_time":"2026-04-07T06:12:12+00:00","og_image":[{"width":540,"height":540,"url":"https:\/\/www.bioenvrac.fr\/commandes-groupees\/wp-content\/uploads\/2019\/05\/vinaigre_alcool_5L_8-2.jpg","type":"image\/jpeg"}],"twitter_card":"summary_large_image","twitter_misc":{"Dur\u00e9e de lecture estim\u00e9e":"2 minutes"},"schema":{"@context":"https:\/\/schema.org","@graph":[{"@type":"WebPage","@id":"https:\/\/www.bioenvrac.fr\/commandes-groupees\/produit\/vinaigre-dalcool-8-bio\/","url":"https:\/\/www.bioenvrac.fr\/commandes-groupees\/produit\/vinaigre-dalcool-8-bio\/","name":"Vinaigre d\u2019alcool 8% Bio - Commandes group\u00e9es de produits bio secs","isPartOf":{"@id":"https:\/\/www.bioenvrac.fr\/commandes-groupees\/#website"},"primaryImageOfPage":{"@id":"https:\/\/www.bioenvrac.fr\/commandes-groupees\/produit\/vinaigre-dalcool-8-bio\/#primaryimage"},"image":{"@id":"https:\/\/www.bioenvrac.fr\/commandes-groupees\/produit\/vinaigre-dalcool-8-bio\/#primaryimage"},"thumbnailUrl":"https:\/\/www.bioenvrac.fr\/commandes-groupees\/wp-content\/uploads\/2019\/05\/vinaigre_alcool_5L_8-2.jpg","datePublished":"2019-05-30T12:39:46+00:00","dateModified":"2026-04-07T06:12:12+00:00","breadcrumb":{"@id":"https:\/\/www.bioenvrac.fr\/commandes-groupees\/produit\/vinaigre-dalcool-8-bio\/#breadcrumb"},"inLanguage":"fr-FR","potentialAction":[{"@type":"ReadAction","target":["https:\/\/www.bioenvrac.fr\/commandes-groupees\/produit\/vinaigre-dalcool-8-bio\/"]}]},{"@type":"ImageObject","inLanguage":"fr-FR","@id":"https:\/\/www.bioenvrac.fr\/commandes-groupees\/produit\/vinaigre-dalcool-8-bio\/#primaryimage","url":"https:\/\/www.bioenvrac.fr\/commandes-groupees\/wp-content\/uploads\/2019\/05\/vinaigre_alcool_5L_8-2.jpg","contentUrl":"https:\/\/www.bioenvrac.fr\/commandes-groupees\/wp-content\/uploads\/2019\/05\/vinaigre_alcool_5L_8-2.jpg","width":540,"height":540},{"@type":"BreadcrumbList","@id":"https:\/\/www.bioenvrac.fr\/commandes-groupees\/produit\/vinaigre-dalcool-8-bio\/#breadcrumb","itemListElement":[{"@type":"ListItem","position":1,"name":"Accueil","item":"https:\/\/www.bioenvrac.fr\/commandes-groupees\/"},{"@type":"ListItem","position":2,"name":"Boutique","item":"https:\/\/www.bioenvrac.fr\/commandes-groupees\/boutique\/"},{"@type":"ListItem","position":3,"name":"Vinaigre d\u2019alcool 8% Bio"}]},{"@type":"WebSite","@id":"https:\/\/www.bioenvrac.fr\/commandes-groupees\/#website","url":"https:\/\/www.bioenvrac.fr\/commandes-groupees\/","name":"Commandes group\u00e9es de produits bio secs","description":"Commandes group\u00e9es de produits bio secs","publisher":{"@id":"https:\/\/www.bioenvrac.fr\/commandes-groupees\/#organization"},"potentialAction":[{"@type":"SearchAction","target":{"@type":"EntryPoint","urlTemplate":"https:\/\/www.bioenvrac.fr\/commandes-groupees\/?s={search_term_string}"},"query-input":{"@type":"PropertyValueSpecification","valueRequired":true,"valueName":"search_term_string"}}],"inLanguage":"fr-FR"},{"@type":"Organization","@id":"https:\/\/www.bioenvrac.fr\/commandes-groupees\/#organization","name":"Bioenvrac","url":"https:\/\/www.bioenvrac.fr\/commandes-groupees\/","logo":{"@type":"ImageObject","inLanguage":"fr-FR","@id":"https:\/\/www.bioenvrac.fr\/commandes-groupees\/#\/schema\/logo\/image\/","url":"https:\/\/www.bioenvrac.fr\/commandes-groupees\/wp-content\/uploads\/2023\/09\/bioenvrac-logo.jpg","contentUrl":"https:\/\/www.bioenvrac.fr\/commandes-groupees\/wp-content\/uploads\/2023\/09\/bioenvrac-logo.jpg","width":696,"height":696,"caption":"Bioenvrac"},"image":{"@id":"https:\/\/www.bioenvrac.fr\/commandes-groupees\/#\/schema\/logo\/image\/"},"sameAs":["https:\/\/www.facebook.com\/bioenvrac"]}]}},"_links":{"self":[{"href":"https:\/\/www.bioenvrac.fr\/commandes-groupees\/wp-json\/wp\/v2\/product\/1751","targetHints":{"allow":["GET"]}}],"collection":[{"href":"https:\/\/www.bioenvrac.fr\/commandes-groupees\/wp-json\/wp\/v2\/product"}],"about":[{"href":"https:\/\/www.bioenvrac.fr\/commandes-groupees\/wp-json\/wp\/v2\/types\/product"}],"wp:featuredmedia":[{"embeddable":true,"href":"https:\/\/www.bioenvrac.fr\/commandes-groupees\/wp-json\/wp\/v2\/media\/1758"}],"wp:attachment":[{"href":"https:\/\/www.bioenvrac.fr\/commandes-groupees\/wp-json\/wp\/v2\/media?parent=1751"}],"wp:term":[{"taxonomy":"product_brand","embeddable":true,"href":"https:\/\/www.bioenvrac.fr\/commandes-groupees\/wp-json\/wp\/v2\/product_brand?post=1751"},{"taxonomy":"product_cat","embeddable":true,"href":"https:\/\/www.bioenvrac.fr\/commandes-groupees\/wp-json\/wp\/v2\/product_cat?post=1751"},{"taxonomy":"product_tag","embeddable":true,"href":"https:\/\/www.bioenvrac.fr\/commandes-groupees\/wp-json\/wp\/v2\/product_tag?post=1751"}],"curies":[{"name":"wp","href":"https:\/\/api.w.org\/{rel}","templated":true}]}}