{"id":4488,"date":"2020-11-07T17:05:41","date_gmt":"2020-11-07T16:05:41","guid":{"rendered":"https:\/\/www.bioenvrac.fr\/commandes-groupees\/?post_type=product&#038;p=4488"},"modified":"2026-04-07T08:12:19","modified_gmt":"2026-04-07T06:12:19","slug":"poele-paysanne-mineral","status":"publish","type":"product","link":"https:\/\/www.bioenvrac.fr\/commandes-groupees\/produit\/poele-paysanne-mineral\/","title":{"rendered":"Po\u00eale paysanne min\u00e9ral"},"content":{"rendered":"<p>Utilisation sur tous feux et induction<br \/>\nType de cuissons : id\u00e9al pour saisir, dorer et griller viandes, poissons, l\u00e9gumes&#8230;<\/p>\n<p><strong>Po\u00eales en acier extra-fort<\/strong><\/p>\n<p>Depuis 1830, l\u2019entreprise de Buyer\u00ae fabrique des ustensiles de cuisine dans les Vosges. Certifi\u00e9e ISO 9001, elle est \u00e9galement labellis\u00e9e \u00ab Entreprise du Patrimoine Vivant \u00bb.<\/p>\n<p>La gamme \u00ab Min\u00e9ral \u00bb d\u00e9velopp\u00e9e dans les Vosges par de Buyer\u00ae est r\u00e9alis\u00e9e \u00e0 99 % avec du fer et rev\u00eatue d&rsquo;une couche protec- trice de cire biologique d&rsquo;abeille (garantie sans autre rev\u00eatement type PTFE ni PFOA&#8230;). Les po\u00eales se culottent au fur et \u00e0 mesure de leurs utilisations et deviennent noires. Elles d\u00e9veloppent ainsi naturellement des propri\u00e9t\u00e9s anti-adh\u00e9sives.<\/p>\n<p>Caract\u00e9ristiques techniques : atteignent de hautes temp\u00e9ratures, id\u00e9ales pour saisir, dorer et griller. \u00c9paisseur de 2 \u00e0 3 mm. Tr\u00e8s grande robustesse (attention aux sc\u00e8nes de m\u00e9nage !) et qua- lit\u00e9 professionnelle. Pour toutes les sources de chaleur dont l&rsquo;induction. Design traditionnel : coupe \u00ab lyonnaise \u00bb et queue galb\u00e9e \u00e0 la fran\u00e7aise.<\/p>\n<p>Pr\u00e9cautions d&rsquo;utilisation : avant toute utilisation, lire soigneusement le fascicule d&rsquo;accompagnement et passer \u00e0 l&rsquo;eau tr\u00e8s chaude toute la po\u00eale (int\u00e9- rieur et ext\u00e9rieur) de mani\u00e8re \u00e0 enlever la couche de cire protectrice.<\/p>\n<p>Chauff\u00e9e, la po\u00eale en t\u00f4le d&rsquo;acier, lorsqu&rsquo;elle atteint des temp\u00e9ratures sup\u00e9rieures \u00e0 140\u00b0C, provoque la r\u00e9action de Maillard : les aliments sont saisis en surface, permettant ainsi la cara- m\u00e9lisation de leurs sucs naturels. Une cro\u00fbte se forme, emp\u00eachant l&rsquo;humidit\u00e9 de s&rsquo;\u00e9vaporer. Les aliments deviennent dor\u00e9s et croustillants en surface, fondants et moelleux \u00e0 l&rsquo;int\u00e9rieur. La po\u00eale en t\u00f4le de la gamme \u00ab Min\u00e9ral \u00bb reste id\u00e9ale pour saisir les viandes, r\u00e9aliser des cr\u00eapes croustillantes ou des omelettes<br \/>\nparfaites.<\/p>\n<p><strong>Les + produit :<\/strong><\/p>\n<ul>\n<li>Finition cire d&rsquo;abeille<\/li>\n<li>Anti adh\u00e9rence naturelle, aucun rev\u00eatement : culottage progressif<\/li>\n<li>Robuste, Professionnel, Recyclable<\/li>\n<li>Mat\u00e9riau Naturel garanti sans PFAO ni PTFE<\/li>\n<li>Id\u00e9al pour saisir, dorer, griller<\/li>\n<li>Made in France<\/li>\n<\/ul>\n<p><strong>Entretien<\/strong> :<\/p>\n<ul>\n<li>D\u00e9glacer, rincer \u00e0 l&rsquo;eau chaude, essuyer et huiler l\u00e9g\u00e8rement<\/li>\n<li>Ne pas utiliser de produits d\u00e9tergents<\/li>\n<li>Ne pas mettre au lave-vaisselle<\/li>\n<li>Ranger dans un endroit sec<\/li>\n<\/ul>\n","protected":false},"excerpt":{"rendered":"<p>Fabriqu\u00e9 en France \/ Marque de Buyer<\/p>\n<p>2 formats :<\/p>\n<p>Po\u00eale paysanne min\u00e9ral 24 cm : 65,52 \u20ac<br \/>\nPo\u00eale paysanne min\u00e9ral 28 cm : 80,74 \u20ac<\/p>\n","protected":false},"featured_media":4490,"template":"","meta":[],"product_brand":[],"product_cat":[149],"product_tag":[224],"class_list":{"0":"post-4488","1":"product","2":"type-product","3":"status-publish","4":"has-post-thumbnail","6":"product_cat-25-la-souillarde","7":"product_tag-ecodis","9":"first","10":"outofstock","11":"taxable","12":"shipping-taxable","13":"purchasable","14":"product-type-variable"},"yoast_head":"<title>Po\u00eale paysanne min\u00e9ral - Commandes group\u00e9es de produits bio secs<\/title>\n<meta name=\"robots\" content=\"index, follow, max-snippet:-1, max-image-preview:large, max-video-preview:-1\" \/>\n<link rel=\"canonical\" href=\"https:\/\/www.bioenvrac.fr\/commandes-groupees\/produit\/poele-paysanne-mineral\/\" \/>\n<meta property=\"og:locale\" content=\"fr_FR\" \/>\n<meta property=\"og:type\" content=\"article\" \/>\n<meta property=\"og:title\" content=\"Po\u00eale paysanne min\u00e9ral - Commandes group\u00e9es de produits bio secs\" \/>\n<meta property=\"og:description\" content=\"Fabriqu\u00e9 en France \/ Marque de Buyer  2 formats :  Po\u00eale paysanne min\u00e9ral 24 cm : 65,52 \u20ac Po\u00eale paysanne min\u00e9ral 28 cm : 80,74 \u20ac\" \/>\n<meta property=\"og:url\" content=\"https:\/\/www.bioenvrac.fr\/commandes-groupees\/produit\/poele-paysanne-mineral\/\" \/>\n<meta property=\"og:site_name\" content=\"Commandes group\u00e9es de produits bio secs\" \/>\n<meta property=\"article:publisher\" content=\"https:\/\/www.facebook.com\/bioenvrac\" \/>\n<meta property=\"article:modified_time\" content=\"2026-04-07T06:12:19+00:00\" \/>\n<meta property=\"og:image\" content=\"https:\/\/www.bioenvrac.fr\/commandes-groupees\/wp-content\/uploads\/2020\/11\/de-buyer-poele-paysanne-mineral.jpg\" \/>\n\t<meta property=\"og:image:width\" content=\"600\" \/>\n\t<meta property=\"og:image:height\" content=\"600\" \/>\n\t<meta property=\"og:image:type\" content=\"image\/jpeg\" \/>\n<meta name=\"twitter:card\" content=\"summary_large_image\" \/>\n<meta name=\"twitter:label1\" content=\"Dur\u00e9e de lecture estim\u00e9e\" \/>\n\t<meta name=\"twitter:data1\" content=\"2 minutes\" \/>\n<script type=\"application\/ld+json\" class=\"yoast-schema-graph\">{\"@context\":\"https:\/\/schema.org\",\"@graph\":[{\"@type\":\"WebPage\",\"@id\":\"https:\/\/www.bioenvrac.fr\/commandes-groupees\/produit\/poele-paysanne-mineral\/\",\"url\":\"https:\/\/www.bioenvrac.fr\/commandes-groupees\/produit\/poele-paysanne-mineral\/\",\"name\":\"Po\u00eale paysanne min\u00e9ral - Commandes group\u00e9es de produits bio secs\",\"isPartOf\":{\"@id\":\"https:\/\/www.bioenvrac.fr\/commandes-groupees\/#website\"},\"primaryImageOfPage\":{\"@id\":\"https:\/\/www.bioenvrac.fr\/commandes-groupees\/produit\/poele-paysanne-mineral\/#primaryimage\"},\"image\":{\"@id\":\"https:\/\/www.bioenvrac.fr\/commandes-groupees\/produit\/poele-paysanne-mineral\/#primaryimage\"},\"thumbnailUrl\":\"https:\/\/www.bioenvrac.fr\/commandes-groupees\/wp-content\/uploads\/2020\/11\/de-buyer-poele-paysanne-mineral.jpg\",\"datePublished\":\"2020-11-07T16:05:41+00:00\",\"dateModified\":\"2026-04-07T06:12:19+00:00\",\"breadcrumb\":{\"@id\":\"https:\/\/www.bioenvrac.fr\/commandes-groupees\/produit\/poele-paysanne-mineral\/#breadcrumb\"},\"inLanguage\":\"fr-FR\",\"potentialAction\":[{\"@type\":\"ReadAction\",\"target\":[\"https:\/\/www.bioenvrac.fr\/commandes-groupees\/produit\/poele-paysanne-mineral\/\"]}]},{\"@type\":\"ImageObject\",\"inLanguage\":\"fr-FR\",\"@id\":\"https:\/\/www.bioenvrac.fr\/commandes-groupees\/produit\/poele-paysanne-mineral\/#primaryimage\",\"url\":\"https:\/\/www.bioenvrac.fr\/commandes-groupees\/wp-content\/uploads\/2020\/11\/de-buyer-poele-paysanne-mineral.jpg\",\"contentUrl\":\"https:\/\/www.bioenvrac.fr\/commandes-groupees\/wp-content\/uploads\/2020\/11\/de-buyer-poele-paysanne-mineral.jpg\",\"width\":600,\"height\":600},{\"@type\":\"BreadcrumbList\",\"@id\":\"https:\/\/www.bioenvrac.fr\/commandes-groupees\/produit\/poele-paysanne-mineral\/#breadcrumb\",\"itemListElement\":[{\"@type\":\"ListItem\",\"position\":1,\"name\":\"Accueil\",\"item\":\"https:\/\/www.bioenvrac.fr\/commandes-groupees\/\"},{\"@type\":\"ListItem\",\"position\":2,\"name\":\"Boutique\",\"item\":\"https:\/\/www.bioenvrac.fr\/commandes-groupees\/boutique\/\"},{\"@type\":\"ListItem\",\"position\":3,\"name\":\"Po\u00eale paysanne min\u00e9ral\"}]},{\"@type\":\"WebSite\",\"@id\":\"https:\/\/www.bioenvrac.fr\/commandes-groupees\/#website\",\"url\":\"https:\/\/www.bioenvrac.fr\/commandes-groupees\/\",\"name\":\"Commandes group\u00e9es de produits bio secs\",\"description\":\"Commandes group\u00e9es de produits bio secs\",\"publisher\":{\"@id\":\"https:\/\/www.bioenvrac.fr\/commandes-groupees\/#organization\"},\"potentialAction\":[{\"@type\":\"SearchAction\",\"target\":{\"@type\":\"EntryPoint\",\"urlTemplate\":\"https:\/\/www.bioenvrac.fr\/commandes-groupees\/?s={search_term_string}\"},\"query-input\":{\"@type\":\"PropertyValueSpecification\",\"valueRequired\":true,\"valueName\":\"search_term_string\"}}],\"inLanguage\":\"fr-FR\"},{\"@type\":\"Organization\",\"@id\":\"https:\/\/www.bioenvrac.fr\/commandes-groupees\/#organization\",\"name\":\"Bioenvrac\",\"url\":\"https:\/\/www.bioenvrac.fr\/commandes-groupees\/\",\"logo\":{\"@type\":\"ImageObject\",\"inLanguage\":\"fr-FR\",\"@id\":\"https:\/\/www.bioenvrac.fr\/commandes-groupees\/#\/schema\/logo\/image\/\",\"url\":\"https:\/\/www.bioenvrac.fr\/commandes-groupees\/wp-content\/uploads\/2023\/09\/bioenvrac-logo.jpg\",\"contentUrl\":\"https:\/\/www.bioenvrac.fr\/commandes-groupees\/wp-content\/uploads\/2023\/09\/bioenvrac-logo.jpg\",\"width\":696,\"height\":696,\"caption\":\"Bioenvrac\"},\"image\":{\"@id\":\"https:\/\/www.bioenvrac.fr\/commandes-groupees\/#\/schema\/logo\/image\/\"},\"sameAs\":[\"https:\/\/www.facebook.com\/bioenvrac\"]}]}<\/script>","yoast_head_json":{"title":"Po\u00eale paysanne min\u00e9ral - Commandes group\u00e9es de produits bio secs","robots":{"index":"index","follow":"follow","max-snippet":"max-snippet:-1","max-image-preview":"max-image-preview:large","max-video-preview":"max-video-preview:-1"},"canonical":"https:\/\/www.bioenvrac.fr\/commandes-groupees\/produit\/poele-paysanne-mineral\/","og_locale":"fr_FR","og_type":"article","og_title":"Po\u00eale paysanne min\u00e9ral - Commandes group\u00e9es de produits bio secs","og_description":"Fabriqu\u00e9 en France \/ Marque de Buyer  2 formats :  Po\u00eale paysanne min\u00e9ral 24 cm : 65,52 \u20ac Po\u00eale paysanne min\u00e9ral 28 cm : 80,74 \u20ac","og_url":"https:\/\/www.bioenvrac.fr\/commandes-groupees\/produit\/poele-paysanne-mineral\/","og_site_name":"Commandes group\u00e9es de produits bio secs","article_publisher":"https:\/\/www.facebook.com\/bioenvrac","article_modified_time":"2026-04-07T06:12:19+00:00","og_image":[{"width":600,"height":600,"url":"https:\/\/www.bioenvrac.fr\/commandes-groupees\/wp-content\/uploads\/2020\/11\/de-buyer-poele-paysanne-mineral.jpg","type":"image\/jpeg"}],"twitter_card":"summary_large_image","twitter_misc":{"Dur\u00e9e de lecture estim\u00e9e":"2 minutes"},"schema":{"@context":"https:\/\/schema.org","@graph":[{"@type":"WebPage","@id":"https:\/\/www.bioenvrac.fr\/commandes-groupees\/produit\/poele-paysanne-mineral\/","url":"https:\/\/www.bioenvrac.fr\/commandes-groupees\/produit\/poele-paysanne-mineral\/","name":"Po\u00eale paysanne min\u00e9ral - Commandes group\u00e9es de produits bio secs","isPartOf":{"@id":"https:\/\/www.bioenvrac.fr\/commandes-groupees\/#website"},"primaryImageOfPage":{"@id":"https:\/\/www.bioenvrac.fr\/commandes-groupees\/produit\/poele-paysanne-mineral\/#primaryimage"},"image":{"@id":"https:\/\/www.bioenvrac.fr\/commandes-groupees\/produit\/poele-paysanne-mineral\/#primaryimage"},"thumbnailUrl":"https:\/\/www.bioenvrac.fr\/commandes-groupees\/wp-content\/uploads\/2020\/11\/de-buyer-poele-paysanne-mineral.jpg","datePublished":"2020-11-07T16:05:41+00:00","dateModified":"2026-04-07T06:12:19+00:00","breadcrumb":{"@id":"https:\/\/www.bioenvrac.fr\/commandes-groupees\/produit\/poele-paysanne-mineral\/#breadcrumb"},"inLanguage":"fr-FR","potentialAction":[{"@type":"ReadAction","target":["https:\/\/www.bioenvrac.fr\/commandes-groupees\/produit\/poele-paysanne-mineral\/"]}]},{"@type":"ImageObject","inLanguage":"fr-FR","@id":"https:\/\/www.bioenvrac.fr\/commandes-groupees\/produit\/poele-paysanne-mineral\/#primaryimage","url":"https:\/\/www.bioenvrac.fr\/commandes-groupees\/wp-content\/uploads\/2020\/11\/de-buyer-poele-paysanne-mineral.jpg","contentUrl":"https:\/\/www.bioenvrac.fr\/commandes-groupees\/wp-content\/uploads\/2020\/11\/de-buyer-poele-paysanne-mineral.jpg","width":600,"height":600},{"@type":"BreadcrumbList","@id":"https:\/\/www.bioenvrac.fr\/commandes-groupees\/produit\/poele-paysanne-mineral\/#breadcrumb","itemListElement":[{"@type":"ListItem","position":1,"name":"Accueil","item":"https:\/\/www.bioenvrac.fr\/commandes-groupees\/"},{"@type":"ListItem","position":2,"name":"Boutique","item":"https:\/\/www.bioenvrac.fr\/commandes-groupees\/boutique\/"},{"@type":"ListItem","position":3,"name":"Po\u00eale paysanne min\u00e9ral"}]},{"@type":"WebSite","@id":"https:\/\/www.bioenvrac.fr\/commandes-groupees\/#website","url":"https:\/\/www.bioenvrac.fr\/commandes-groupees\/","name":"Commandes group\u00e9es de produits bio secs","description":"Commandes group\u00e9es de produits bio secs","publisher":{"@id":"https:\/\/www.bioenvrac.fr\/commandes-groupees\/#organization"},"potentialAction":[{"@type":"SearchAction","target":{"@type":"EntryPoint","urlTemplate":"https:\/\/www.bioenvrac.fr\/commandes-groupees\/?s={search_term_string}"},"query-input":{"@type":"PropertyValueSpecification","valueRequired":true,"valueName":"search_term_string"}}],"inLanguage":"fr-FR"},{"@type":"Organization","@id":"https:\/\/www.bioenvrac.fr\/commandes-groupees\/#organization","name":"Bioenvrac","url":"https:\/\/www.bioenvrac.fr\/commandes-groupees\/","logo":{"@type":"ImageObject","inLanguage":"fr-FR","@id":"https:\/\/www.bioenvrac.fr\/commandes-groupees\/#\/schema\/logo\/image\/","url":"https:\/\/www.bioenvrac.fr\/commandes-groupees\/wp-content\/uploads\/2023\/09\/bioenvrac-logo.jpg","contentUrl":"https:\/\/www.bioenvrac.fr\/commandes-groupees\/wp-content\/uploads\/2023\/09\/bioenvrac-logo.jpg","width":696,"height":696,"caption":"Bioenvrac"},"image":{"@id":"https:\/\/www.bioenvrac.fr\/commandes-groupees\/#\/schema\/logo\/image\/"},"sameAs":["https:\/\/www.facebook.com\/bioenvrac"]}]}},"_links":{"self":[{"href":"https:\/\/www.bioenvrac.fr\/commandes-groupees\/wp-json\/wp\/v2\/product\/4488","targetHints":{"allow":["GET"]}}],"collection":[{"href":"https:\/\/www.bioenvrac.fr\/commandes-groupees\/wp-json\/wp\/v2\/product"}],"about":[{"href":"https:\/\/www.bioenvrac.fr\/commandes-groupees\/wp-json\/wp\/v2\/types\/product"}],"wp:featuredmedia":[{"embeddable":true,"href":"https:\/\/www.bioenvrac.fr\/commandes-groupees\/wp-json\/wp\/v2\/media\/4490"}],"wp:attachment":[{"href":"https:\/\/www.bioenvrac.fr\/commandes-groupees\/wp-json\/wp\/v2\/media?parent=4488"}],"wp:term":[{"taxonomy":"product_brand","embeddable":true,"href":"https:\/\/www.bioenvrac.fr\/commandes-groupees\/wp-json\/wp\/v2\/product_brand?post=4488"},{"taxonomy":"product_cat","embeddable":true,"href":"https:\/\/www.bioenvrac.fr\/commandes-groupees\/wp-json\/wp\/v2\/product_cat?post=4488"},{"taxonomy":"product_tag","embeddable":true,"href":"https:\/\/www.bioenvrac.fr\/commandes-groupees\/wp-json\/wp\/v2\/product_tag?post=4488"}],"curies":[{"name":"wp","href":"https:\/\/api.w.org\/{rel}","templated":true}]}}