{"id":4948,"date":"2021-01-22T14:34:25","date_gmt":"2021-01-22T13:34:25","guid":{"rendered":"https:\/\/www.bioenvrac.fr\/commandes-groupees\/?post_type=product&#038;p=4948"},"modified":"2026-04-07T08:12:10","modified_gmt":"2026-04-07T06:12:10","slug":"huile-dolive-tradition-douce-bio","status":"publish","type":"product","link":"https:\/\/www.bioenvrac.fr\/commandes-groupees\/produit\/huile-dolive-tradition-douce-bio\/","title":{"rendered":"Huile d&rsquo;olive  Douce Bio"},"content":{"rendered":"<p>La douce est notre fruit\u00e9 m\u00fbr, produite avec une pr\u00e9dominance d\u2019olives noires, donnant plus de douceur.<\/p>\n<p>Notre petite production est situ\u00e9e au nord-est du Portugal, dans un village appel\u00e9 Caravelas. Nos arri\u00e8res grands-parents ont plant\u00e9 ces quelques oliveraies que nous reprenons aujourd\u2019hui, avec la volont\u00e9 d\u2019initier une d\u00e9marche au plus proche des producteurs.<\/p>\n<p>Nous valorisons cette approche, avec d\u2019autres petites productions situ\u00e9es autour de notre village, ayant \u00e0 c\u0153ur de vous faire d\u00e9couvrir ou red\u00e9couvrir ces saveurs. Elles sont issues de parcelles \u00e0 tailles humaines, de vari\u00e9t\u00e9s d\u2019olives ancestrales, et d\u2019un savoir-faire artisanal que nous souhaitons pr\u00e9server.<\/p>\n<p>En production biologique, cette huile d\u2019olive vierge extra s\u2019inscrit dans une d\u00e9marche environnementale, au plus proche des producteurs.<\/p>\n<p>VALEURS NUTRITIONNELLES (pour 100 ml) : Energie : 3 388 kJ &#8211; 823 kcal \/ Mati\u00e8res grasses : 92 g dont acides gras satur\u00e9s : 12 g \/ Glucides : 0 g dont sucres : 0 g \/ Prot\u00e9ines : 0 g \/ Sel : 0 g.<\/p>\n","protected":false},"excerpt":{"rendered":"<p><img loading=\"lazy\" decoding=\"async\" class=\"alignnone wp-image-5233\" src=\"https:\/\/www.bioenvrac.fr\/commandes-groupees\/wp-content\/uploads\/2021\/02\/certifie-bio-FR-Bio-15.jpg\" alt=\"\" width=\"99\" height=\"53\" srcset=\"https:\/\/www.bioenvrac.fr\/commandes-groupees\/wp-content\/uploads\/2021\/02\/certifie-bio-FR-Bio-15.jpg 180w, https:\/\/www.bioenvrac.fr\/commandes-groupees\/wp-content\/uploads\/2021\/02\/certifie-bio-FR-Bio-15-50x27.jpg 50w, https:\/\/www.bioenvrac.fr\/commandes-groupees\/wp-content\/uploads\/2021\/02\/certifie-bio-FR-Bio-15-141x75.jpg 141w\" sizes=\"auto, (max-width: 99px) 100vw, 99px\" \/><\/p>\n<p><strong>Producteur<\/strong> : Olival d&rsquo;Ouro &#8211; Rh\u00f4ne-Alpes &#8211; France<br \/>\n<em>Production au Portugal (Tras-Os-Montes)<\/em><\/p>\n<p>Premi\u00e8re extraction \u00e0 froid. Huile d\u2019olive de cat\u00e9gorie sup\u00e9rieure obtenue directement des olives et uniquement par des proc\u00e9d\u00e9s m\u00e9caniques. \u00c0 conserver \u00e0 l\u2019abri de la lumi\u00e8re et de la chaleur.<\/p>\n<ul>\n<li>Pack 5 L : 79,76 \u20ac soit 15,95 \u20ac\/L<\/li>\n<\/ul>\n","protected":false},"featured_media":4952,"template":"","meta":[],"product_brand":[],"product_cat":[32],"product_tag":[219],"class_list":{"0":"post-4948","1":"product","2":"type-product","3":"status-publish","4":"has-post-thumbnail","6":"product_cat-13-vinaigres-huiles-alimentaires","7":"product_tag-olival-douro","9":"first","10":"outofstock","11":"taxable","12":"shipping-taxable","13":"purchasable","14":"product-type-simple"},"yoast_head":"<title>Huile d&#039;olive Douce Bio - Commandes group\u00e9es de produits bio secs<\/title>\n<meta name=\"robots\" content=\"index, follow, max-snippet:-1, max-image-preview:large, max-video-preview:-1\" \/>\n<link rel=\"canonical\" href=\"https:\/\/www.bioenvrac.fr\/commandes-groupees\/produit\/huile-dolive-tradition-douce-bio\/\" \/>\n<meta property=\"og:locale\" content=\"fr_FR\" \/>\n<meta property=\"og:type\" content=\"article\" \/>\n<meta property=\"og:title\" content=\"Huile d&#039;olive Douce Bio - Commandes group\u00e9es de produits bio secs\" \/>\n<meta property=\"og:description\" content=\"Producteur : Olival d&#039;Ouro - Rh\u00f4ne-Alpes - France Production au Portugal (Tras-Os-Montes)  Premi\u00e8re extraction \u00e0 froid. Huile d\u2019olive de cat\u00e9gorie sup\u00e9rieure obtenue directement des olives et uniquement par des proc\u00e9d\u00e9s m\u00e9caniques. \u00c0 conserver \u00e0 l\u2019abri de la lumi\u00e8re et de la chaleur.   Pack 5 L : 79,76 \u20ac soit 15,95 \u20ac\/L\" \/>\n<meta property=\"og:url\" content=\"https:\/\/www.bioenvrac.fr\/commandes-groupees\/produit\/huile-dolive-tradition-douce-bio\/\" \/>\n<meta property=\"og:site_name\" content=\"Commandes group\u00e9es de produits bio secs\" \/>\n<meta property=\"article:publisher\" content=\"https:\/\/www.facebook.com\/bioenvrac\" \/>\n<meta property=\"article:modified_time\" content=\"2026-04-07T06:12:10+00:00\" \/>\n<meta property=\"og:image\" content=\"https:\/\/www.bioenvrac.fr\/commandes-groupees\/wp-content\/uploads\/2021\/01\/Huile-dolive-tradition-douce-portugal.jpg\" \/>\n\t<meta property=\"og:image:width\" content=\"500\" \/>\n\t<meta property=\"og:image:height\" content=\"500\" \/>\n\t<meta property=\"og:image:type\" content=\"image\/jpeg\" \/>\n<meta name=\"twitter:card\" content=\"summary_large_image\" \/>\n<meta name=\"twitter:label1\" content=\"Dur\u00e9e de lecture estim\u00e9e\" \/>\n\t<meta name=\"twitter:data1\" content=\"1 minute\" \/>\n<script type=\"application\/ld+json\" class=\"yoast-schema-graph\">{\"@context\":\"https:\/\/schema.org\",\"@graph\":[{\"@type\":\"WebPage\",\"@id\":\"https:\/\/www.bioenvrac.fr\/commandes-groupees\/produit\/huile-dolive-tradition-douce-bio\/\",\"url\":\"https:\/\/www.bioenvrac.fr\/commandes-groupees\/produit\/huile-dolive-tradition-douce-bio\/\",\"name\":\"Huile d'olive Douce Bio - Commandes group\u00e9es de produits bio secs\",\"isPartOf\":{\"@id\":\"https:\/\/www.bioenvrac.fr\/commandes-groupees\/#website\"},\"primaryImageOfPage\":{\"@id\":\"https:\/\/www.bioenvrac.fr\/commandes-groupees\/produit\/huile-dolive-tradition-douce-bio\/#primaryimage\"},\"image\":{\"@id\":\"https:\/\/www.bioenvrac.fr\/commandes-groupees\/produit\/huile-dolive-tradition-douce-bio\/#primaryimage\"},\"thumbnailUrl\":\"https:\/\/www.bioenvrac.fr\/commandes-groupees\/wp-content\/uploads\/2021\/01\/Huile-dolive-tradition-douce-portugal.jpg\",\"datePublished\":\"2021-01-22T13:34:25+00:00\",\"dateModified\":\"2026-04-07T06:12:10+00:00\",\"breadcrumb\":{\"@id\":\"https:\/\/www.bioenvrac.fr\/commandes-groupees\/produit\/huile-dolive-tradition-douce-bio\/#breadcrumb\"},\"inLanguage\":\"fr-FR\",\"potentialAction\":[{\"@type\":\"ReadAction\",\"target\":[\"https:\/\/www.bioenvrac.fr\/commandes-groupees\/produit\/huile-dolive-tradition-douce-bio\/\"]}]},{\"@type\":\"ImageObject\",\"inLanguage\":\"fr-FR\",\"@id\":\"https:\/\/www.bioenvrac.fr\/commandes-groupees\/produit\/huile-dolive-tradition-douce-bio\/#primaryimage\",\"url\":\"https:\/\/www.bioenvrac.fr\/commandes-groupees\/wp-content\/uploads\/2021\/01\/Huile-dolive-tradition-douce-portugal.jpg\",\"contentUrl\":\"https:\/\/www.bioenvrac.fr\/commandes-groupees\/wp-content\/uploads\/2021\/01\/Huile-dolive-tradition-douce-portugal.jpg\",\"width\":500,\"height\":500},{\"@type\":\"BreadcrumbList\",\"@id\":\"https:\/\/www.bioenvrac.fr\/commandes-groupees\/produit\/huile-dolive-tradition-douce-bio\/#breadcrumb\",\"itemListElement\":[{\"@type\":\"ListItem\",\"position\":1,\"name\":\"Accueil\",\"item\":\"https:\/\/www.bioenvrac.fr\/commandes-groupees\/\"},{\"@type\":\"ListItem\",\"position\":2,\"name\":\"Boutique\",\"item\":\"https:\/\/www.bioenvrac.fr\/commandes-groupees\/boutique\/\"},{\"@type\":\"ListItem\",\"position\":3,\"name\":\"Huile d&rsquo;olive Douce Bio\"}]},{\"@type\":\"WebSite\",\"@id\":\"https:\/\/www.bioenvrac.fr\/commandes-groupees\/#website\",\"url\":\"https:\/\/www.bioenvrac.fr\/commandes-groupees\/\",\"name\":\"Commandes group\u00e9es de produits bio secs\",\"description\":\"Commandes group\u00e9es de produits bio secs\",\"publisher\":{\"@id\":\"https:\/\/www.bioenvrac.fr\/commandes-groupees\/#organization\"},\"potentialAction\":[{\"@type\":\"SearchAction\",\"target\":{\"@type\":\"EntryPoint\",\"urlTemplate\":\"https:\/\/www.bioenvrac.fr\/commandes-groupees\/?s={search_term_string}\"},\"query-input\":{\"@type\":\"PropertyValueSpecification\",\"valueRequired\":true,\"valueName\":\"search_term_string\"}}],\"inLanguage\":\"fr-FR\"},{\"@type\":\"Organization\",\"@id\":\"https:\/\/www.bioenvrac.fr\/commandes-groupees\/#organization\",\"name\":\"Bioenvrac\",\"url\":\"https:\/\/www.bioenvrac.fr\/commandes-groupees\/\",\"logo\":{\"@type\":\"ImageObject\",\"inLanguage\":\"fr-FR\",\"@id\":\"https:\/\/www.bioenvrac.fr\/commandes-groupees\/#\/schema\/logo\/image\/\",\"url\":\"https:\/\/www.bioenvrac.fr\/commandes-groupees\/wp-content\/uploads\/2023\/09\/bioenvrac-logo.jpg\",\"contentUrl\":\"https:\/\/www.bioenvrac.fr\/commandes-groupees\/wp-content\/uploads\/2023\/09\/bioenvrac-logo.jpg\",\"width\":696,\"height\":696,\"caption\":\"Bioenvrac\"},\"image\":{\"@id\":\"https:\/\/www.bioenvrac.fr\/commandes-groupees\/#\/schema\/logo\/image\/\"},\"sameAs\":[\"https:\/\/www.facebook.com\/bioenvrac\"]}]}<\/script>","yoast_head_json":{"title":"Huile d'olive Douce Bio - Commandes group\u00e9es de produits bio secs","robots":{"index":"index","follow":"follow","max-snippet":"max-snippet:-1","max-image-preview":"max-image-preview:large","max-video-preview":"max-video-preview:-1"},"canonical":"https:\/\/www.bioenvrac.fr\/commandes-groupees\/produit\/huile-dolive-tradition-douce-bio\/","og_locale":"fr_FR","og_type":"article","og_title":"Huile d'olive Douce Bio - Commandes group\u00e9es de produits bio secs","og_description":"Producteur : Olival d'Ouro - Rh\u00f4ne-Alpes - France Production au Portugal (Tras-Os-Montes)  Premi\u00e8re extraction \u00e0 froid. Huile d\u2019olive de cat\u00e9gorie sup\u00e9rieure obtenue directement des olives et uniquement par des proc\u00e9d\u00e9s m\u00e9caniques. \u00c0 conserver \u00e0 l\u2019abri de la lumi\u00e8re et de la chaleur.   Pack 5 L : 79,76 \u20ac soit 15,95 \u20ac\/L","og_url":"https:\/\/www.bioenvrac.fr\/commandes-groupees\/produit\/huile-dolive-tradition-douce-bio\/","og_site_name":"Commandes group\u00e9es de produits bio secs","article_publisher":"https:\/\/www.facebook.com\/bioenvrac","article_modified_time":"2026-04-07T06:12:10+00:00","og_image":[{"width":500,"height":500,"url":"https:\/\/www.bioenvrac.fr\/commandes-groupees\/wp-content\/uploads\/2021\/01\/Huile-dolive-tradition-douce-portugal.jpg","type":"image\/jpeg"}],"twitter_card":"summary_large_image","twitter_misc":{"Dur\u00e9e de lecture estim\u00e9e":"1 minute"},"schema":{"@context":"https:\/\/schema.org","@graph":[{"@type":"WebPage","@id":"https:\/\/www.bioenvrac.fr\/commandes-groupees\/produit\/huile-dolive-tradition-douce-bio\/","url":"https:\/\/www.bioenvrac.fr\/commandes-groupees\/produit\/huile-dolive-tradition-douce-bio\/","name":"Huile d'olive Douce Bio - Commandes group\u00e9es de produits bio secs","isPartOf":{"@id":"https:\/\/www.bioenvrac.fr\/commandes-groupees\/#website"},"primaryImageOfPage":{"@id":"https:\/\/www.bioenvrac.fr\/commandes-groupees\/produit\/huile-dolive-tradition-douce-bio\/#primaryimage"},"image":{"@id":"https:\/\/www.bioenvrac.fr\/commandes-groupees\/produit\/huile-dolive-tradition-douce-bio\/#primaryimage"},"thumbnailUrl":"https:\/\/www.bioenvrac.fr\/commandes-groupees\/wp-content\/uploads\/2021\/01\/Huile-dolive-tradition-douce-portugal.jpg","datePublished":"2021-01-22T13:34:25+00:00","dateModified":"2026-04-07T06:12:10+00:00","breadcrumb":{"@id":"https:\/\/www.bioenvrac.fr\/commandes-groupees\/produit\/huile-dolive-tradition-douce-bio\/#breadcrumb"},"inLanguage":"fr-FR","potentialAction":[{"@type":"ReadAction","target":["https:\/\/www.bioenvrac.fr\/commandes-groupees\/produit\/huile-dolive-tradition-douce-bio\/"]}]},{"@type":"ImageObject","inLanguage":"fr-FR","@id":"https:\/\/www.bioenvrac.fr\/commandes-groupees\/produit\/huile-dolive-tradition-douce-bio\/#primaryimage","url":"https:\/\/www.bioenvrac.fr\/commandes-groupees\/wp-content\/uploads\/2021\/01\/Huile-dolive-tradition-douce-portugal.jpg","contentUrl":"https:\/\/www.bioenvrac.fr\/commandes-groupees\/wp-content\/uploads\/2021\/01\/Huile-dolive-tradition-douce-portugal.jpg","width":500,"height":500},{"@type":"BreadcrumbList","@id":"https:\/\/www.bioenvrac.fr\/commandes-groupees\/produit\/huile-dolive-tradition-douce-bio\/#breadcrumb","itemListElement":[{"@type":"ListItem","position":1,"name":"Accueil","item":"https:\/\/www.bioenvrac.fr\/commandes-groupees\/"},{"@type":"ListItem","position":2,"name":"Boutique","item":"https:\/\/www.bioenvrac.fr\/commandes-groupees\/boutique\/"},{"@type":"ListItem","position":3,"name":"Huile d&rsquo;olive Douce Bio"}]},{"@type":"WebSite","@id":"https:\/\/www.bioenvrac.fr\/commandes-groupees\/#website","url":"https:\/\/www.bioenvrac.fr\/commandes-groupees\/","name":"Commandes group\u00e9es de produits bio secs","description":"Commandes group\u00e9es de produits bio secs","publisher":{"@id":"https:\/\/www.bioenvrac.fr\/commandes-groupees\/#organization"},"potentialAction":[{"@type":"SearchAction","target":{"@type":"EntryPoint","urlTemplate":"https:\/\/www.bioenvrac.fr\/commandes-groupees\/?s={search_term_string}"},"query-input":{"@type":"PropertyValueSpecification","valueRequired":true,"valueName":"search_term_string"}}],"inLanguage":"fr-FR"},{"@type":"Organization","@id":"https:\/\/www.bioenvrac.fr\/commandes-groupees\/#organization","name":"Bioenvrac","url":"https:\/\/www.bioenvrac.fr\/commandes-groupees\/","logo":{"@type":"ImageObject","inLanguage":"fr-FR","@id":"https:\/\/www.bioenvrac.fr\/commandes-groupees\/#\/schema\/logo\/image\/","url":"https:\/\/www.bioenvrac.fr\/commandes-groupees\/wp-content\/uploads\/2023\/09\/bioenvrac-logo.jpg","contentUrl":"https:\/\/www.bioenvrac.fr\/commandes-groupees\/wp-content\/uploads\/2023\/09\/bioenvrac-logo.jpg","width":696,"height":696,"caption":"Bioenvrac"},"image":{"@id":"https:\/\/www.bioenvrac.fr\/commandes-groupees\/#\/schema\/logo\/image\/"},"sameAs":["https:\/\/www.facebook.com\/bioenvrac"]}]}},"_links":{"self":[{"href":"https:\/\/www.bioenvrac.fr\/commandes-groupees\/wp-json\/wp\/v2\/product\/4948","targetHints":{"allow":["GET"]}}],"collection":[{"href":"https:\/\/www.bioenvrac.fr\/commandes-groupees\/wp-json\/wp\/v2\/product"}],"about":[{"href":"https:\/\/www.bioenvrac.fr\/commandes-groupees\/wp-json\/wp\/v2\/types\/product"}],"wp:featuredmedia":[{"embeddable":true,"href":"https:\/\/www.bioenvrac.fr\/commandes-groupees\/wp-json\/wp\/v2\/media\/4952"}],"wp:attachment":[{"href":"https:\/\/www.bioenvrac.fr\/commandes-groupees\/wp-json\/wp\/v2\/media?parent=4948"}],"wp:term":[{"taxonomy":"product_brand","embeddable":true,"href":"https:\/\/www.bioenvrac.fr\/commandes-groupees\/wp-json\/wp\/v2\/product_brand?post=4948"},{"taxonomy":"product_cat","embeddable":true,"href":"https:\/\/www.bioenvrac.fr\/commandes-groupees\/wp-json\/wp\/v2\/product_cat?post=4948"},{"taxonomy":"product_tag","embeddable":true,"href":"https:\/\/www.bioenvrac.fr\/commandes-groupees\/wp-json\/wp\/v2\/product_tag?post=4948"}],"curies":[{"name":"wp","href":"https:\/\/api.w.org\/{rel}","templated":true}]}}