{"id":5795,"date":"2026-03-25T09:00:19","date_gmt":"2026-03-25T08:00:19","guid":{"rendered":"https:\/\/www.bioenvrac.fr\/commandes-groupees\/?post_type=product&#038;p=5795"},"modified":"2026-04-07T08:12:18","modified_gmt":"2026-04-07T06:12:18","slug":"infusion-petillante-energisante-bio","status":"publish","type":"product","link":"https:\/\/www.bioenvrac.fr\/commandes-groupees\/produit\/infusion-petillante-energisante-bio\/","title":{"rendered":"Infusion p\u00e9tillante Energisante  &#8211; Bio"},"content":{"rendered":"<p><strong>D\u00e9couvrez les saveurs du thym, du romarin et de la menthe poivr\u00e9e \u00e0 travers notre infusion p\u00e9tillante \u00c9nergisante.<\/strong><\/p>\n<p>Fra\u00eeche et faible en calorie, elle sera notamment id\u00e9ale pour vos journ\u00e9es charg\u00e9es, vos soir\u00e9es prolong\u00e9es, vos s\u00e9ances de sport gr\u00e2ce \u00e0 la caf\u00e9ine qui aide \u00e0 vous sentir plus \u00e9nergique ou tout simplement pour remplacer votre caf\u00e9 !<\/p>\n<p>C\u2019est un voyage gustatif \u00e0 travers la garrigue amen\u00e9 par le thym et le romarin agr\u00e9ment\u00e9 d\u2019une subtile fra\u00eecheur menthol\u00e9e.<\/p>\n<p><strong>D\u00e9p\u00f4t naturel : vous pouvez agiter la bouteille avant ouverture, selon vos go\u00fbts.<\/strong><br \/>\n<strong>A servir frais de pr\u00e9f\u00e9rence.<\/strong><br \/>\n<strong>A consommer dans les 3 jours suivant ouverture.<\/strong><br \/>\n<strong>Finement p\u00e9tillante.<\/strong><\/p>\n<ul>\n<li>Boisson certifi\u00e9e Bio 33 cl<\/li>\n<li>Faible en calories<\/li>\n<li>Naturelle (sans conservateurs ni ar\u00f4mes)<\/li>\n<li>Fabrication artisanale faite en France, \u00e0 partir de plantes fran\u00e7aises<\/li>\n<li>Bouteille en verre recyclable<\/li>\n<li>Produit pasteuris\u00e9<\/li>\n<li>Livraison entre 3 et 7 jours<\/li>\n<li>DLC : 24 mois<\/li>\n<\/ul>\n<p><strong>Liste exhaustive des ingr\u00e9dients :<br \/>\n<\/strong>Infusion de plantes (eau finement gaz\u00e9ifi\u00e9e, romarin, menthe poivr\u00e9e, thym)(93,7%), sucre de betteraves, jus de citron (2,4%), jus de mirabelle, jus d\u2019argousier, caf\u00e9ine naturelle.<\/p>\n<p><strong>Valeurs Nutritionnelles pour 100 ml :<\/strong><br \/>\nEnergie 52 kJ \/ 12 kcal<br \/>\nGlucides 3,1g dont sucres 2,9g<\/p>\n<p>Contient des quantit\u00e9s n\u00e9gligeables de mati\u00e8res grasses et d\u2019acides gras satur\u00e9s, de prot\u00e9ines et de sel.<\/p>\n<p>Le romarin et la caf\u00e9ine aide \u00e0 vous sentir plus \u00e9nergique.<\/p>\n<p>Il est important d&rsquo;adopter une alimentation vari\u00e9e et \u00e9quilibr\u00e9e ainsi qu&rsquo;un mode de vie sain.<\/p>\n","protected":false},"excerpt":{"rendered":"<p><img loading=\"lazy\" decoding=\"async\" class=\"alignnone wp-image-5233\" src=\"https:\/\/www.bioenvrac.fr\/commandes-groupees\/wp-content\/uploads\/2021\/02\/certifie-bio-FR-Bio-15.jpg\" alt=\"\" width=\"99\" height=\"53\" srcset=\"https:\/\/www.bioenvrac.fr\/commandes-groupees\/wp-content\/uploads\/2021\/02\/certifie-bio-FR-Bio-15.jpg 180w, https:\/\/www.bioenvrac.fr\/commandes-groupees\/wp-content\/uploads\/2021\/02\/certifie-bio-FR-Bio-15-50x27.jpg 50w, https:\/\/www.bioenvrac.fr\/commandes-groupees\/wp-content\/uploads\/2021\/02\/certifie-bio-FR-Bio-15-141x75.jpg 141w\" sizes=\"auto, (max-width: 99px) 100vw, 99px\" \/><\/p>\n<p>Origine : France<br \/>\n\u2022 Pack de 12 bouteilles de <strong>33 cl<\/strong> = 32,18 \u20ac soit 2,68 \u20ac\/bouteille<br \/>\n\u2022 Pack de 6 bouteilles de <strong>75 cl<\/strong> = 32,28 \u20ac soit 5,38 \u20ac\/bouteille<\/p>\n","protected":false},"featured_media":12418,"template":"","meta":[],"product_brand":[],"product_cat":[178,46],"product_tag":[330],"class_list":{"0":"post-5795","1":"product","2":"type-product","3":"status-publish","4":"has-post-thumbnail","6":"product_cat-16-boissons","7":"product_cat-02-nouveautes","8":"product_tag-symples","10":"first","11":"outofstock","12":"taxable","13":"shipping-taxable","14":"purchasable","15":"product-type-variable"},"yoast_head":"<title>Infusion p\u00e9tillante Energisante - Bio - Commandes group\u00e9es de produits bio secs<\/title>\n<meta name=\"robots\" content=\"index, follow, max-snippet:-1, max-image-preview:large, max-video-preview:-1\" \/>\n<link rel=\"canonical\" href=\"http:\/\/www.bioenvrac.fr\/commandes-groupees\/produit\/infusion-petillante-energisante-bio\/\" \/>\n<meta property=\"og:locale\" content=\"fr_FR\" \/>\n<meta property=\"og:type\" content=\"article\" \/>\n<meta property=\"og:title\" content=\"Infusion p\u00e9tillante Energisante - Bio - Commandes group\u00e9es de produits bio secs\" \/>\n<meta property=\"og:description\" content=\"Origine : France \u2022 Pack de 12 bouteilles de 33 cl = 32,18 \u20ac soit 2,68 \u20ac\/bouteille \u2022 Pack de 6 bouteilles de 75 cl = 32,28 \u20ac soit 5,38 \u20ac\/bouteille\" \/>\n<meta property=\"og:url\" content=\"http:\/\/www.bioenvrac.fr\/commandes-groupees\/produit\/infusion-petillante-energisante-bio\/\" \/>\n<meta property=\"og:site_name\" content=\"Commandes group\u00e9es de produits bio secs\" \/>\n<meta property=\"article:publisher\" content=\"https:\/\/www.facebook.com\/bioenvrac\" \/>\n<meta property=\"article:modified_time\" content=\"2026-04-07T06:12:18+00:00\" \/>\n<meta property=\"og:image\" content=\"http:\/\/www.bioenvrac.fr\/commandes-groupees\/wp-content\/uploads\/2021\/05\/nc_symples_packshot-3_700x.jpg\" \/>\n\t<meta property=\"og:image:width\" content=\"700\" \/>\n\t<meta property=\"og:image:height\" content=\"875\" \/>\n\t<meta property=\"og:image:type\" content=\"image\/jpeg\" \/>\n<meta name=\"twitter:card\" content=\"summary_large_image\" \/>\n<meta name=\"twitter:label1\" content=\"Dur\u00e9e de lecture estim\u00e9e\" \/>\n\t<meta name=\"twitter:data1\" content=\"2 minutes\" \/>\n<script type=\"application\/ld+json\" class=\"yoast-schema-graph\">{\"@context\":\"https:\/\/schema.org\",\"@graph\":[{\"@type\":\"WebPage\",\"@id\":\"http:\/\/www.bioenvrac.fr\/commandes-groupees\/produit\/infusion-petillante-energisante-bio\/\",\"url\":\"http:\/\/www.bioenvrac.fr\/commandes-groupees\/produit\/infusion-petillante-energisante-bio\/\",\"name\":\"Infusion p\u00e9tillante Energisante - Bio - Commandes group\u00e9es de produits bio secs\",\"isPartOf\":{\"@id\":\"https:\/\/www.bioenvrac.fr\/commandes-groupees\/#website\"},\"primaryImageOfPage\":{\"@id\":\"http:\/\/www.bioenvrac.fr\/commandes-groupees\/produit\/infusion-petillante-energisante-bio\/#primaryimage\"},\"image\":{\"@id\":\"http:\/\/www.bioenvrac.fr\/commandes-groupees\/produit\/infusion-petillante-energisante-bio\/#primaryimage\"},\"thumbnailUrl\":\"https:\/\/www.bioenvrac.fr\/commandes-groupees\/wp-content\/uploads\/2021\/05\/nc_symples_packshot-3_700x.jpg\",\"datePublished\":\"2026-03-25T08:00:19+00:00\",\"dateModified\":\"2026-04-07T06:12:18+00:00\",\"breadcrumb\":{\"@id\":\"http:\/\/www.bioenvrac.fr\/commandes-groupees\/produit\/infusion-petillante-energisante-bio\/#breadcrumb\"},\"inLanguage\":\"fr-FR\",\"potentialAction\":[{\"@type\":\"ReadAction\",\"target\":[\"http:\/\/www.bioenvrac.fr\/commandes-groupees\/produit\/infusion-petillante-energisante-bio\/\"]}]},{\"@type\":\"ImageObject\",\"inLanguage\":\"fr-FR\",\"@id\":\"http:\/\/www.bioenvrac.fr\/commandes-groupees\/produit\/infusion-petillante-energisante-bio\/#primaryimage\",\"url\":\"https:\/\/www.bioenvrac.fr\/commandes-groupees\/wp-content\/uploads\/2021\/05\/nc_symples_packshot-3_700x.jpg\",\"contentUrl\":\"https:\/\/www.bioenvrac.fr\/commandes-groupees\/wp-content\/uploads\/2021\/05\/nc_symples_packshot-3_700x.jpg\",\"width\":700,\"height\":875},{\"@type\":\"BreadcrumbList\",\"@id\":\"http:\/\/www.bioenvrac.fr\/commandes-groupees\/produit\/infusion-petillante-energisante-bio\/#breadcrumb\",\"itemListElement\":[{\"@type\":\"ListItem\",\"position\":1,\"name\":\"Accueil\",\"item\":\"https:\/\/www.bioenvrac.fr\/commandes-groupees\/\"},{\"@type\":\"ListItem\",\"position\":2,\"name\":\"Boutique\",\"item\":\"https:\/\/www.bioenvrac.fr\/commandes-groupees\/boutique\/\"},{\"@type\":\"ListItem\",\"position\":3,\"name\":\"Infusion p\u00e9tillante Energisante &#8211; Bio\"}]},{\"@type\":\"WebSite\",\"@id\":\"https:\/\/www.bioenvrac.fr\/commandes-groupees\/#website\",\"url\":\"https:\/\/www.bioenvrac.fr\/commandes-groupees\/\",\"name\":\"Commandes group\u00e9es de produits bio secs\",\"description\":\"Commandes group\u00e9es de produits bio secs\",\"publisher\":{\"@id\":\"https:\/\/www.bioenvrac.fr\/commandes-groupees\/#organization\"},\"potentialAction\":[{\"@type\":\"SearchAction\",\"target\":{\"@type\":\"EntryPoint\",\"urlTemplate\":\"https:\/\/www.bioenvrac.fr\/commandes-groupees\/?s={search_term_string}\"},\"query-input\":{\"@type\":\"PropertyValueSpecification\",\"valueRequired\":true,\"valueName\":\"search_term_string\"}}],\"inLanguage\":\"fr-FR\"},{\"@type\":\"Organization\",\"@id\":\"https:\/\/www.bioenvrac.fr\/commandes-groupees\/#organization\",\"name\":\"Bioenvrac\",\"url\":\"https:\/\/www.bioenvrac.fr\/commandes-groupees\/\",\"logo\":{\"@type\":\"ImageObject\",\"inLanguage\":\"fr-FR\",\"@id\":\"https:\/\/www.bioenvrac.fr\/commandes-groupees\/#\/schema\/logo\/image\/\",\"url\":\"https:\/\/www.bioenvrac.fr\/commandes-groupees\/wp-content\/uploads\/2023\/09\/bioenvrac-logo.jpg\",\"contentUrl\":\"https:\/\/www.bioenvrac.fr\/commandes-groupees\/wp-content\/uploads\/2023\/09\/bioenvrac-logo.jpg\",\"width\":696,\"height\":696,\"caption\":\"Bioenvrac\"},\"image\":{\"@id\":\"https:\/\/www.bioenvrac.fr\/commandes-groupees\/#\/schema\/logo\/image\/\"},\"sameAs\":[\"https:\/\/www.facebook.com\/bioenvrac\"]}]}<\/script>","yoast_head_json":{"title":"Infusion p\u00e9tillante Energisante - Bio - Commandes group\u00e9es de produits bio secs","robots":{"index":"index","follow":"follow","max-snippet":"max-snippet:-1","max-image-preview":"max-image-preview:large","max-video-preview":"max-video-preview:-1"},"canonical":"http:\/\/www.bioenvrac.fr\/commandes-groupees\/produit\/infusion-petillante-energisante-bio\/","og_locale":"fr_FR","og_type":"article","og_title":"Infusion p\u00e9tillante Energisante - Bio - Commandes group\u00e9es de produits bio secs","og_description":"Origine : France \u2022 Pack de 12 bouteilles de 33 cl = 32,18 \u20ac soit 2,68 \u20ac\/bouteille \u2022 Pack de 6 bouteilles de 75 cl = 32,28 \u20ac soit 5,38 \u20ac\/bouteille","og_url":"http:\/\/www.bioenvrac.fr\/commandes-groupees\/produit\/infusion-petillante-energisante-bio\/","og_site_name":"Commandes group\u00e9es de produits bio secs","article_publisher":"https:\/\/www.facebook.com\/bioenvrac","article_modified_time":"2026-04-07T06:12:18+00:00","og_image":[{"width":700,"height":875,"url":"http:\/\/www.bioenvrac.fr\/commandes-groupees\/wp-content\/uploads\/2021\/05\/nc_symples_packshot-3_700x.jpg","type":"image\/jpeg"}],"twitter_card":"summary_large_image","twitter_misc":{"Dur\u00e9e de lecture estim\u00e9e":"2 minutes"},"schema":{"@context":"https:\/\/schema.org","@graph":[{"@type":"WebPage","@id":"http:\/\/www.bioenvrac.fr\/commandes-groupees\/produit\/infusion-petillante-energisante-bio\/","url":"http:\/\/www.bioenvrac.fr\/commandes-groupees\/produit\/infusion-petillante-energisante-bio\/","name":"Infusion p\u00e9tillante Energisante - Bio - Commandes group\u00e9es de produits bio secs","isPartOf":{"@id":"https:\/\/www.bioenvrac.fr\/commandes-groupees\/#website"},"primaryImageOfPage":{"@id":"http:\/\/www.bioenvrac.fr\/commandes-groupees\/produit\/infusion-petillante-energisante-bio\/#primaryimage"},"image":{"@id":"http:\/\/www.bioenvrac.fr\/commandes-groupees\/produit\/infusion-petillante-energisante-bio\/#primaryimage"},"thumbnailUrl":"https:\/\/www.bioenvrac.fr\/commandes-groupees\/wp-content\/uploads\/2021\/05\/nc_symples_packshot-3_700x.jpg","datePublished":"2026-03-25T08:00:19+00:00","dateModified":"2026-04-07T06:12:18+00:00","breadcrumb":{"@id":"http:\/\/www.bioenvrac.fr\/commandes-groupees\/produit\/infusion-petillante-energisante-bio\/#breadcrumb"},"inLanguage":"fr-FR","potentialAction":[{"@type":"ReadAction","target":["http:\/\/www.bioenvrac.fr\/commandes-groupees\/produit\/infusion-petillante-energisante-bio\/"]}]},{"@type":"ImageObject","inLanguage":"fr-FR","@id":"http:\/\/www.bioenvrac.fr\/commandes-groupees\/produit\/infusion-petillante-energisante-bio\/#primaryimage","url":"https:\/\/www.bioenvrac.fr\/commandes-groupees\/wp-content\/uploads\/2021\/05\/nc_symples_packshot-3_700x.jpg","contentUrl":"https:\/\/www.bioenvrac.fr\/commandes-groupees\/wp-content\/uploads\/2021\/05\/nc_symples_packshot-3_700x.jpg","width":700,"height":875},{"@type":"BreadcrumbList","@id":"http:\/\/www.bioenvrac.fr\/commandes-groupees\/produit\/infusion-petillante-energisante-bio\/#breadcrumb","itemListElement":[{"@type":"ListItem","position":1,"name":"Accueil","item":"https:\/\/www.bioenvrac.fr\/commandes-groupees\/"},{"@type":"ListItem","position":2,"name":"Boutique","item":"https:\/\/www.bioenvrac.fr\/commandes-groupees\/boutique\/"},{"@type":"ListItem","position":3,"name":"Infusion p\u00e9tillante Energisante &#8211; Bio"}]},{"@type":"WebSite","@id":"https:\/\/www.bioenvrac.fr\/commandes-groupees\/#website","url":"https:\/\/www.bioenvrac.fr\/commandes-groupees\/","name":"Commandes group\u00e9es de produits bio secs","description":"Commandes group\u00e9es de produits bio secs","publisher":{"@id":"https:\/\/www.bioenvrac.fr\/commandes-groupees\/#organization"},"potentialAction":[{"@type":"SearchAction","target":{"@type":"EntryPoint","urlTemplate":"https:\/\/www.bioenvrac.fr\/commandes-groupees\/?s={search_term_string}"},"query-input":{"@type":"PropertyValueSpecification","valueRequired":true,"valueName":"search_term_string"}}],"inLanguage":"fr-FR"},{"@type":"Organization","@id":"https:\/\/www.bioenvrac.fr\/commandes-groupees\/#organization","name":"Bioenvrac","url":"https:\/\/www.bioenvrac.fr\/commandes-groupees\/","logo":{"@type":"ImageObject","inLanguage":"fr-FR","@id":"https:\/\/www.bioenvrac.fr\/commandes-groupees\/#\/schema\/logo\/image\/","url":"https:\/\/www.bioenvrac.fr\/commandes-groupees\/wp-content\/uploads\/2023\/09\/bioenvrac-logo.jpg","contentUrl":"https:\/\/www.bioenvrac.fr\/commandes-groupees\/wp-content\/uploads\/2023\/09\/bioenvrac-logo.jpg","width":696,"height":696,"caption":"Bioenvrac"},"image":{"@id":"https:\/\/www.bioenvrac.fr\/commandes-groupees\/#\/schema\/logo\/image\/"},"sameAs":["https:\/\/www.facebook.com\/bioenvrac"]}]}},"_links":{"self":[{"href":"https:\/\/www.bioenvrac.fr\/commandes-groupees\/wp-json\/wp\/v2\/product\/5795","targetHints":{"allow":["GET"]}}],"collection":[{"href":"https:\/\/www.bioenvrac.fr\/commandes-groupees\/wp-json\/wp\/v2\/product"}],"about":[{"href":"https:\/\/www.bioenvrac.fr\/commandes-groupees\/wp-json\/wp\/v2\/types\/product"}],"wp:featuredmedia":[{"embeddable":true,"href":"https:\/\/www.bioenvrac.fr\/commandes-groupees\/wp-json\/wp\/v2\/media\/12418"}],"wp:attachment":[{"href":"https:\/\/www.bioenvrac.fr\/commandes-groupees\/wp-json\/wp\/v2\/media?parent=5795"}],"wp:term":[{"taxonomy":"product_brand","embeddable":true,"href":"https:\/\/www.bioenvrac.fr\/commandes-groupees\/wp-json\/wp\/v2\/product_brand?post=5795"},{"taxonomy":"product_cat","embeddable":true,"href":"https:\/\/www.bioenvrac.fr\/commandes-groupees\/wp-json\/wp\/v2\/product_cat?post=5795"},{"taxonomy":"product_tag","embeddable":true,"href":"https:\/\/www.bioenvrac.fr\/commandes-groupees\/wp-json\/wp\/v2\/product_tag?post=5795"}],"curies":[{"name":"wp","href":"https:\/\/api.w.org\/{rel}","templated":true}]}}