{"id":5841,"date":"2021-06-01T10:19:02","date_gmt":"2021-06-01T08:19:02","guid":{"rendered":"https:\/\/www.bioenvrac.fr\/commandes-groupees\/?post_type=product&#038;p=5841"},"modified":"2026-04-07T08:12:19","modified_gmt":"2026-04-07T06:12:19","slug":"miel-de-printemps","status":"publish","type":"product","link":"https:\/\/www.bioenvrac.fr\/commandes-groupees\/produit\/miel-de-printemps\/","title":{"rendered":"Miel de printemps"},"content":{"rendered":"<p><strong>Miel de printemps<\/strong> : c&rsquo;est un miel clair, doux et cr\u00e9meux, le pr\u00e9f\u00e9r\u00e9 des enfants .il ne coule pas et sa cristallisation est tr\u00e8s fine, pour l&rsquo;\u00e9laborer les abeilles butinent du prunellier jusqu&rsquo;\u00e0 l&rsquo;aub\u00e9pine , en passant par le colza , les fleurs de verger , les merisiers en sauvage, les pissenlits et saules marsault.<\/p>\n<p><strong>Pr\u00e9sentation Le Rucher Po\u00e8te<\/strong><br \/>\nSuite \u00e0 une reconversion nous nous sommes install\u00e9s en apiculture en janvier 2014 : des 3 ruches que nous avions au fond de notre jardin c\u2019est maintenant avec une centaine de ruches que nous travaillons. D\u00e8s le d\u00e9but nous pratiquons l\u2019apiculture dans le respect de l\u2019abeille et de l\u2019environnement. Nous sommes certifi\u00e9s en Agriculture Biologique.<\/p>\n<p>Nous \u00e9levons nos propres reines , utilisons de la cire bio, nous fabriquons le sirop de nourrissement \u00e0 partir de sucre bio de betterave d&rsquo;Europe, nous pratiquons l\u2019encagement de la reine pour lutter contre le varroa, et de la peinture su\u00e9doise que nous fabriquons nous m\u00eame \u00e0 partir d\u2019huile de lin et d\u2019ocres pour prot\u00e9ger nos ruches. Nos ruchers sont principalement autour de chez nous dans un souci de limiter notre bilan carbone. Les abeilles butinent dans un rayon de 3 km. Nous r\u00e9coltons, du pollen et du miel d\u2019acacia, d\u2019\u00e9t\u00e9 (ch\u00e2taignier) miel de tilleul dans les ruchers autour de chez nous, certaines ann\u00e9es du sapin (Miellat de puceron qu\u2019on ne r\u00e9colte que tous les 5 \u00e0 10 ans). Les r\u00e9coltes se font de mai \u00e0 aoutNous faisons l\u2019extraction, la mise en pot et l\u2019\u00e9tiquetage \u00e0 la main, si le miel a besoin d\u2019\u00eatre d\u00e9fig\u00e9, nous ne d\u00e9passons pas les 40 degr\u00e9s afin qu\u2019il conserve ses qualit\u00e9s nutritives.<\/p>\n","protected":false},"excerpt":{"rendered":"<p>Origine : France &#8211; Nantoin &#8211; Le Rucher Po\u00e8te<\/p>\n<p>\u2022 Pot de 1 kg = 17,83 \u20ac le pot<br \/>\n\u2022 Pot de 500 g =\u00a0 8,91 \u20ac le pot<\/p>\n","protected":false},"featured_media":5842,"template":"","meta":[],"product_brand":[],"product_cat":[276,41,141,167],"product_tag":[218],"class_list":{"0":"post-5841","1":"product","2":"type-product","3":"status-publish","4":"has-post-thumbnail","6":"product_cat-le-rucher-poete-38260-porte-des-bonnevaux","7":"product_cat-03-produits-locaux","8":"product_cat-20-miels-et-produits-de-la-ruche","9":"product_cat-04-produits-non-certifies","10":"product_tag-rucher-poete","12":"first","13":"outofstock","14":"taxable","15":"shipping-taxable","16":"purchasable","17":"product-type-variable"},"yoast_head":"<title>Miel de printemps - Commandes group\u00e9es de produits bio secs<\/title>\n<meta name=\"robots\" content=\"index, follow, max-snippet:-1, max-image-preview:large, max-video-preview:-1\" \/>\n<link rel=\"canonical\" href=\"https:\/\/www.bioenvrac.fr\/commandes-groupees\/produit\/miel-de-printemps\/\" \/>\n<meta property=\"og:locale\" content=\"fr_FR\" \/>\n<meta property=\"og:type\" content=\"article\" \/>\n<meta property=\"og:title\" content=\"Miel de printemps - Commandes group\u00e9es de produits bio secs\" \/>\n<meta property=\"og:description\" content=\"Origine : France - Nantoin - Le Rucher Po\u00e8te  \u2022 Pot de 1 kg = 17,83 \u20ac le pot \u2022 Pot de 500 g =\u00a0 8,91 \u20ac le pot\" \/>\n<meta property=\"og:url\" content=\"https:\/\/www.bioenvrac.fr\/commandes-groupees\/produit\/miel-de-printemps\/\" \/>\n<meta property=\"og:site_name\" content=\"Commandes group\u00e9es de produits bio secs\" \/>\n<meta property=\"article:publisher\" content=\"https:\/\/www.facebook.com\/bioenvrac\" \/>\n<meta property=\"article:modified_time\" content=\"2026-04-07T06:12:19+00:00\" \/>\n<meta property=\"og:image\" content=\"https:\/\/www.bioenvrac.fr\/commandes-groupees\/wp-content\/uploads\/2021\/06\/Miel-de-printemps.jpg\" \/>\n\t<meta property=\"og:image:width\" content=\"550\" \/>\n\t<meta property=\"og:image:height\" content=\"550\" \/>\n\t<meta property=\"og:image:type\" content=\"image\/jpeg\" \/>\n<meta name=\"twitter:card\" content=\"summary_large_image\" \/>\n<meta name=\"twitter:label1\" content=\"Dur\u00e9e de lecture estim\u00e9e\" \/>\n\t<meta name=\"twitter:data1\" content=\"2 minutes\" \/>\n<script type=\"application\/ld+json\" class=\"yoast-schema-graph\">{\"@context\":\"https:\/\/schema.org\",\"@graph\":[{\"@type\":\"WebPage\",\"@id\":\"https:\/\/www.bioenvrac.fr\/commandes-groupees\/produit\/miel-de-printemps\/\",\"url\":\"https:\/\/www.bioenvrac.fr\/commandes-groupees\/produit\/miel-de-printemps\/\",\"name\":\"Miel de printemps - Commandes group\u00e9es de produits bio secs\",\"isPartOf\":{\"@id\":\"https:\/\/www.bioenvrac.fr\/commandes-groupees\/#website\"},\"primaryImageOfPage\":{\"@id\":\"https:\/\/www.bioenvrac.fr\/commandes-groupees\/produit\/miel-de-printemps\/#primaryimage\"},\"image\":{\"@id\":\"https:\/\/www.bioenvrac.fr\/commandes-groupees\/produit\/miel-de-printemps\/#primaryimage\"},\"thumbnailUrl\":\"https:\/\/www.bioenvrac.fr\/commandes-groupees\/wp-content\/uploads\/2021\/06\/Miel-de-printemps.jpg\",\"datePublished\":\"2021-06-01T08:19:02+00:00\",\"dateModified\":\"2026-04-07T06:12:19+00:00\",\"breadcrumb\":{\"@id\":\"https:\/\/www.bioenvrac.fr\/commandes-groupees\/produit\/miel-de-printemps\/#breadcrumb\"},\"inLanguage\":\"fr-FR\",\"potentialAction\":[{\"@type\":\"ReadAction\",\"target\":[\"https:\/\/www.bioenvrac.fr\/commandes-groupees\/produit\/miel-de-printemps\/\"]}]},{\"@type\":\"ImageObject\",\"inLanguage\":\"fr-FR\",\"@id\":\"https:\/\/www.bioenvrac.fr\/commandes-groupees\/produit\/miel-de-printemps\/#primaryimage\",\"url\":\"https:\/\/www.bioenvrac.fr\/commandes-groupees\/wp-content\/uploads\/2021\/06\/Miel-de-printemps.jpg\",\"contentUrl\":\"https:\/\/www.bioenvrac.fr\/commandes-groupees\/wp-content\/uploads\/2021\/06\/Miel-de-printemps.jpg\",\"width\":550,\"height\":550},{\"@type\":\"BreadcrumbList\",\"@id\":\"https:\/\/www.bioenvrac.fr\/commandes-groupees\/produit\/miel-de-printemps\/#breadcrumb\",\"itemListElement\":[{\"@type\":\"ListItem\",\"position\":1,\"name\":\"Accueil\",\"item\":\"https:\/\/www.bioenvrac.fr\/commandes-groupees\/\"},{\"@type\":\"ListItem\",\"position\":2,\"name\":\"Boutique\",\"item\":\"https:\/\/www.bioenvrac.fr\/commandes-groupees\/boutique\/\"},{\"@type\":\"ListItem\",\"position\":3,\"name\":\"Miel de printemps\"}]},{\"@type\":\"WebSite\",\"@id\":\"https:\/\/www.bioenvrac.fr\/commandes-groupees\/#website\",\"url\":\"https:\/\/www.bioenvrac.fr\/commandes-groupees\/\",\"name\":\"Commandes group\u00e9es de produits bio secs\",\"description\":\"Commandes group\u00e9es de produits bio secs\",\"publisher\":{\"@id\":\"https:\/\/www.bioenvrac.fr\/commandes-groupees\/#organization\"},\"potentialAction\":[{\"@type\":\"SearchAction\",\"target\":{\"@type\":\"EntryPoint\",\"urlTemplate\":\"https:\/\/www.bioenvrac.fr\/commandes-groupees\/?s={search_term_string}\"},\"query-input\":{\"@type\":\"PropertyValueSpecification\",\"valueRequired\":true,\"valueName\":\"search_term_string\"}}],\"inLanguage\":\"fr-FR\"},{\"@type\":\"Organization\",\"@id\":\"https:\/\/www.bioenvrac.fr\/commandes-groupees\/#organization\",\"name\":\"Bioenvrac\",\"url\":\"https:\/\/www.bioenvrac.fr\/commandes-groupees\/\",\"logo\":{\"@type\":\"ImageObject\",\"inLanguage\":\"fr-FR\",\"@id\":\"https:\/\/www.bioenvrac.fr\/commandes-groupees\/#\/schema\/logo\/image\/\",\"url\":\"https:\/\/www.bioenvrac.fr\/commandes-groupees\/wp-content\/uploads\/2023\/09\/bioenvrac-logo.jpg\",\"contentUrl\":\"https:\/\/www.bioenvrac.fr\/commandes-groupees\/wp-content\/uploads\/2023\/09\/bioenvrac-logo.jpg\",\"width\":696,\"height\":696,\"caption\":\"Bioenvrac\"},\"image\":{\"@id\":\"https:\/\/www.bioenvrac.fr\/commandes-groupees\/#\/schema\/logo\/image\/\"},\"sameAs\":[\"https:\/\/www.facebook.com\/bioenvrac\"]}]}<\/script>","yoast_head_json":{"title":"Miel de printemps - Commandes group\u00e9es de produits bio secs","robots":{"index":"index","follow":"follow","max-snippet":"max-snippet:-1","max-image-preview":"max-image-preview:large","max-video-preview":"max-video-preview:-1"},"canonical":"https:\/\/www.bioenvrac.fr\/commandes-groupees\/produit\/miel-de-printemps\/","og_locale":"fr_FR","og_type":"article","og_title":"Miel de printemps - Commandes group\u00e9es de produits bio secs","og_description":"Origine : France - Nantoin - Le Rucher Po\u00e8te  \u2022 Pot de 1 kg = 17,83 \u20ac le pot \u2022 Pot de 500 g =\u00a0 8,91 \u20ac le pot","og_url":"https:\/\/www.bioenvrac.fr\/commandes-groupees\/produit\/miel-de-printemps\/","og_site_name":"Commandes group\u00e9es de produits bio secs","article_publisher":"https:\/\/www.facebook.com\/bioenvrac","article_modified_time":"2026-04-07T06:12:19+00:00","og_image":[{"width":550,"height":550,"url":"https:\/\/www.bioenvrac.fr\/commandes-groupees\/wp-content\/uploads\/2021\/06\/Miel-de-printemps.jpg","type":"image\/jpeg"}],"twitter_card":"summary_large_image","twitter_misc":{"Dur\u00e9e de lecture estim\u00e9e":"2 minutes"},"schema":{"@context":"https:\/\/schema.org","@graph":[{"@type":"WebPage","@id":"https:\/\/www.bioenvrac.fr\/commandes-groupees\/produit\/miel-de-printemps\/","url":"https:\/\/www.bioenvrac.fr\/commandes-groupees\/produit\/miel-de-printemps\/","name":"Miel de printemps - Commandes group\u00e9es de produits bio secs","isPartOf":{"@id":"https:\/\/www.bioenvrac.fr\/commandes-groupees\/#website"},"primaryImageOfPage":{"@id":"https:\/\/www.bioenvrac.fr\/commandes-groupees\/produit\/miel-de-printemps\/#primaryimage"},"image":{"@id":"https:\/\/www.bioenvrac.fr\/commandes-groupees\/produit\/miel-de-printemps\/#primaryimage"},"thumbnailUrl":"https:\/\/www.bioenvrac.fr\/commandes-groupees\/wp-content\/uploads\/2021\/06\/Miel-de-printemps.jpg","datePublished":"2021-06-01T08:19:02+00:00","dateModified":"2026-04-07T06:12:19+00:00","breadcrumb":{"@id":"https:\/\/www.bioenvrac.fr\/commandes-groupees\/produit\/miel-de-printemps\/#breadcrumb"},"inLanguage":"fr-FR","potentialAction":[{"@type":"ReadAction","target":["https:\/\/www.bioenvrac.fr\/commandes-groupees\/produit\/miel-de-printemps\/"]}]},{"@type":"ImageObject","inLanguage":"fr-FR","@id":"https:\/\/www.bioenvrac.fr\/commandes-groupees\/produit\/miel-de-printemps\/#primaryimage","url":"https:\/\/www.bioenvrac.fr\/commandes-groupees\/wp-content\/uploads\/2021\/06\/Miel-de-printemps.jpg","contentUrl":"https:\/\/www.bioenvrac.fr\/commandes-groupees\/wp-content\/uploads\/2021\/06\/Miel-de-printemps.jpg","width":550,"height":550},{"@type":"BreadcrumbList","@id":"https:\/\/www.bioenvrac.fr\/commandes-groupees\/produit\/miel-de-printemps\/#breadcrumb","itemListElement":[{"@type":"ListItem","position":1,"name":"Accueil","item":"https:\/\/www.bioenvrac.fr\/commandes-groupees\/"},{"@type":"ListItem","position":2,"name":"Boutique","item":"https:\/\/www.bioenvrac.fr\/commandes-groupees\/boutique\/"},{"@type":"ListItem","position":3,"name":"Miel de printemps"}]},{"@type":"WebSite","@id":"https:\/\/www.bioenvrac.fr\/commandes-groupees\/#website","url":"https:\/\/www.bioenvrac.fr\/commandes-groupees\/","name":"Commandes group\u00e9es de produits bio secs","description":"Commandes group\u00e9es de produits bio secs","publisher":{"@id":"https:\/\/www.bioenvrac.fr\/commandes-groupees\/#organization"},"potentialAction":[{"@type":"SearchAction","target":{"@type":"EntryPoint","urlTemplate":"https:\/\/www.bioenvrac.fr\/commandes-groupees\/?s={search_term_string}"},"query-input":{"@type":"PropertyValueSpecification","valueRequired":true,"valueName":"search_term_string"}}],"inLanguage":"fr-FR"},{"@type":"Organization","@id":"https:\/\/www.bioenvrac.fr\/commandes-groupees\/#organization","name":"Bioenvrac","url":"https:\/\/www.bioenvrac.fr\/commandes-groupees\/","logo":{"@type":"ImageObject","inLanguage":"fr-FR","@id":"https:\/\/www.bioenvrac.fr\/commandes-groupees\/#\/schema\/logo\/image\/","url":"https:\/\/www.bioenvrac.fr\/commandes-groupees\/wp-content\/uploads\/2023\/09\/bioenvrac-logo.jpg","contentUrl":"https:\/\/www.bioenvrac.fr\/commandes-groupees\/wp-content\/uploads\/2023\/09\/bioenvrac-logo.jpg","width":696,"height":696,"caption":"Bioenvrac"},"image":{"@id":"https:\/\/www.bioenvrac.fr\/commandes-groupees\/#\/schema\/logo\/image\/"},"sameAs":["https:\/\/www.facebook.com\/bioenvrac"]}]}},"_links":{"self":[{"href":"https:\/\/www.bioenvrac.fr\/commandes-groupees\/wp-json\/wp\/v2\/product\/5841","targetHints":{"allow":["GET"]}}],"collection":[{"href":"https:\/\/www.bioenvrac.fr\/commandes-groupees\/wp-json\/wp\/v2\/product"}],"about":[{"href":"https:\/\/www.bioenvrac.fr\/commandes-groupees\/wp-json\/wp\/v2\/types\/product"}],"wp:featuredmedia":[{"embeddable":true,"href":"https:\/\/www.bioenvrac.fr\/commandes-groupees\/wp-json\/wp\/v2\/media\/5842"}],"wp:attachment":[{"href":"https:\/\/www.bioenvrac.fr\/commandes-groupees\/wp-json\/wp\/v2\/media?parent=5841"}],"wp:term":[{"taxonomy":"product_brand","embeddable":true,"href":"https:\/\/www.bioenvrac.fr\/commandes-groupees\/wp-json\/wp\/v2\/product_brand?post=5841"},{"taxonomy":"product_cat","embeddable":true,"href":"https:\/\/www.bioenvrac.fr\/commandes-groupees\/wp-json\/wp\/v2\/product_cat?post=5841"},{"taxonomy":"product_tag","embeddable":true,"href":"https:\/\/www.bioenvrac.fr\/commandes-groupees\/wp-json\/wp\/v2\/product_tag?post=5841"}],"curies":[{"name":"wp","href":"https:\/\/api.w.org\/{rel}","templated":true}]}}