{"id":7902,"date":"2022-06-02T12:34:58","date_gmt":"2022-06-02T10:34:58","guid":{"rendered":"https:\/\/www.bioenvrac.fr\/commandes-groupees\/?post_type=product&#038;p=7902"},"modified":"2026-04-07T08:12:19","modified_gmt":"2026-04-07T06:12:19","slug":"miel-dacacia","status":"publish","type":"product","link":"https:\/\/www.bioenvrac.fr\/commandes-groupees\/produit\/miel-dacacia\/","title":{"rendered":"Miel d&rsquo;acacia"},"content":{"rendered":"<p><strong>Miel d&rsquo;acacia<\/strong> : r\u00e9colt\u00e9 en bordure des Chambarans et le long de la Valloire, d&rsquo;une puret\u00e9 exceptionnelle, c&rsquo;est un miel tr\u00e8s fin qui ne cristallise pas<\/p>\n<p><strong>Vincent Brunel :<\/strong><\/p>\n<p>Apiculteur \u00e0 Saint Clair sur Galaure, je d\u00e9place mes ruches dans la r\u00e9gion pour permettre \u00e0 mes colonies de s\u2019\u00e9panouir, et pour proposer diff\u00e9rents miels, propre \u00e0 chaque terroir.<br \/>\nM\u00eame si un parcours de transhumance classique est indispensable pour vivre de mon activit\u00e9, j\u2019aime tenter des exp\u00e9riences pour d\u00e9couvrir des miels rares ou originaux.<\/p>\n","protected":false},"excerpt":{"rendered":"<p>Origine : France \u2013 St Clair sur Galaure \u2013 Vincent Brunel<\/p>\n<p>\u2022 Pot de 500g = 9,33 \u20ac le pot<br \/>\n\u2022 Pot de 1 kg = 17,14 \u20ac le pot<\/p>\n","protected":false},"featured_media":7937,"template":"","meta":[],"product_brand":[],"product_cat":[41,141,167,284],"product_tag":[217],"class_list":{"0":"post-7902","1":"product","2":"type-product","3":"status-publish","4":"has-post-thumbnail","6":"product_cat-03-produits-locaux","7":"product_cat-20-miels-et-produits-de-la-ruche","8":"product_cat-04-produits-non-certifies","9":"product_cat-vincent-brunel-38940-st-clair-sur-galaure","10":"product_tag-brunel","12":"first","13":"outofstock","14":"taxable","15":"shipping-taxable","16":"purchasable","17":"product-type-variable"},"yoast_head":"<title>Miel d&#039;acacia - Commandes group\u00e9es de produits bio secs<\/title>\n<meta name=\"robots\" content=\"index, follow, max-snippet:-1, max-image-preview:large, max-video-preview:-1\" \/>\n<link rel=\"canonical\" href=\"http:\/\/www.bioenvrac.fr\/commandes-groupees\/produit\/miel-dacacia\/\" \/>\n<meta property=\"og:locale\" content=\"fr_FR\" \/>\n<meta property=\"og:type\" content=\"article\" \/>\n<meta property=\"og:title\" content=\"Miel d&#039;acacia - Commandes group\u00e9es de produits bio secs\" \/>\n<meta property=\"og:description\" content=\"Origine : France \u2013 St Clair sur Galaure \u2013 Vincent Brunel  \u2022 Pot de 500g = 9,33 \u20ac le pot \u2022 Pot de 1 kg = 17,14 \u20ac le pot\" \/>\n<meta property=\"og:url\" content=\"http:\/\/www.bioenvrac.fr\/commandes-groupees\/produit\/miel-dacacia\/\" \/>\n<meta property=\"og:site_name\" content=\"Commandes group\u00e9es de produits bio secs\" \/>\n<meta property=\"article:publisher\" content=\"https:\/\/www.facebook.com\/bioenvrac\" \/>\n<meta property=\"article:modified_time\" content=\"2026-04-07T06:12:19+00:00\" \/>\n<meta property=\"og:image\" content=\"http:\/\/www.bioenvrac.fr\/commandes-groupees\/wp-content\/uploads\/2022\/06\/Miel-acacia.jpg\" \/>\n\t<meta property=\"og:image:width\" content=\"500\" \/>\n\t<meta property=\"og:image:height\" content=\"500\" \/>\n\t<meta property=\"og:image:type\" content=\"image\/jpeg\" \/>\n<meta name=\"twitter:card\" content=\"summary_large_image\" \/>\n<meta name=\"twitter:label1\" content=\"Dur\u00e9e de lecture estim\u00e9e\" \/>\n\t<meta name=\"twitter:data1\" content=\"1 minute\" \/>\n<script type=\"application\/ld+json\" class=\"yoast-schema-graph\">{\"@context\":\"https:\/\/schema.org\",\"@graph\":[{\"@type\":\"WebPage\",\"@id\":\"http:\/\/www.bioenvrac.fr\/commandes-groupees\/produit\/miel-dacacia\/\",\"url\":\"http:\/\/www.bioenvrac.fr\/commandes-groupees\/produit\/miel-dacacia\/\",\"name\":\"Miel d'acacia - Commandes group\u00e9es de produits bio secs\",\"isPartOf\":{\"@id\":\"https:\/\/www.bioenvrac.fr\/commandes-groupees\/#website\"},\"primaryImageOfPage\":{\"@id\":\"http:\/\/www.bioenvrac.fr\/commandes-groupees\/produit\/miel-dacacia\/#primaryimage\"},\"image\":{\"@id\":\"http:\/\/www.bioenvrac.fr\/commandes-groupees\/produit\/miel-dacacia\/#primaryimage\"},\"thumbnailUrl\":\"https:\/\/www.bioenvrac.fr\/commandes-groupees\/wp-content\/uploads\/2022\/06\/Miel-acacia.jpg\",\"datePublished\":\"2022-06-02T10:34:58+00:00\",\"dateModified\":\"2026-04-07T06:12:19+00:00\",\"breadcrumb\":{\"@id\":\"http:\/\/www.bioenvrac.fr\/commandes-groupees\/produit\/miel-dacacia\/#breadcrumb\"},\"inLanguage\":\"fr-FR\",\"potentialAction\":[{\"@type\":\"ReadAction\",\"target\":[\"http:\/\/www.bioenvrac.fr\/commandes-groupees\/produit\/miel-dacacia\/\"]}]},{\"@type\":\"ImageObject\",\"inLanguage\":\"fr-FR\",\"@id\":\"http:\/\/www.bioenvrac.fr\/commandes-groupees\/produit\/miel-dacacia\/#primaryimage\",\"url\":\"https:\/\/www.bioenvrac.fr\/commandes-groupees\/wp-content\/uploads\/2022\/06\/Miel-acacia.jpg\",\"contentUrl\":\"https:\/\/www.bioenvrac.fr\/commandes-groupees\/wp-content\/uploads\/2022\/06\/Miel-acacia.jpg\",\"width\":500,\"height\":500},{\"@type\":\"BreadcrumbList\",\"@id\":\"http:\/\/www.bioenvrac.fr\/commandes-groupees\/produit\/miel-dacacia\/#breadcrumb\",\"itemListElement\":[{\"@type\":\"ListItem\",\"position\":1,\"name\":\"Accueil\",\"item\":\"https:\/\/www.bioenvrac.fr\/commandes-groupees\/\"},{\"@type\":\"ListItem\",\"position\":2,\"name\":\"Boutique\",\"item\":\"https:\/\/www.bioenvrac.fr\/commandes-groupees\/boutique\/\"},{\"@type\":\"ListItem\",\"position\":3,\"name\":\"Miel d&rsquo;acacia\"}]},{\"@type\":\"WebSite\",\"@id\":\"https:\/\/www.bioenvrac.fr\/commandes-groupees\/#website\",\"url\":\"https:\/\/www.bioenvrac.fr\/commandes-groupees\/\",\"name\":\"Commandes group\u00e9es de produits bio secs\",\"description\":\"Commandes group\u00e9es de produits bio secs\",\"publisher\":{\"@id\":\"https:\/\/www.bioenvrac.fr\/commandes-groupees\/#organization\"},\"potentialAction\":[{\"@type\":\"SearchAction\",\"target\":{\"@type\":\"EntryPoint\",\"urlTemplate\":\"https:\/\/www.bioenvrac.fr\/commandes-groupees\/?s={search_term_string}\"},\"query-input\":{\"@type\":\"PropertyValueSpecification\",\"valueRequired\":true,\"valueName\":\"search_term_string\"}}],\"inLanguage\":\"fr-FR\"},{\"@type\":\"Organization\",\"@id\":\"https:\/\/www.bioenvrac.fr\/commandes-groupees\/#organization\",\"name\":\"Bioenvrac\",\"url\":\"https:\/\/www.bioenvrac.fr\/commandes-groupees\/\",\"logo\":{\"@type\":\"ImageObject\",\"inLanguage\":\"fr-FR\",\"@id\":\"https:\/\/www.bioenvrac.fr\/commandes-groupees\/#\/schema\/logo\/image\/\",\"url\":\"https:\/\/www.bioenvrac.fr\/commandes-groupees\/wp-content\/uploads\/2023\/09\/bioenvrac-logo.jpg\",\"contentUrl\":\"https:\/\/www.bioenvrac.fr\/commandes-groupees\/wp-content\/uploads\/2023\/09\/bioenvrac-logo.jpg\",\"width\":696,\"height\":696,\"caption\":\"Bioenvrac\"},\"image\":{\"@id\":\"https:\/\/www.bioenvrac.fr\/commandes-groupees\/#\/schema\/logo\/image\/\"},\"sameAs\":[\"https:\/\/www.facebook.com\/bioenvrac\"]}]}<\/script>","yoast_head_json":{"title":"Miel d'acacia - Commandes group\u00e9es de produits bio secs","robots":{"index":"index","follow":"follow","max-snippet":"max-snippet:-1","max-image-preview":"max-image-preview:large","max-video-preview":"max-video-preview:-1"},"canonical":"http:\/\/www.bioenvrac.fr\/commandes-groupees\/produit\/miel-dacacia\/","og_locale":"fr_FR","og_type":"article","og_title":"Miel d'acacia - Commandes group\u00e9es de produits bio secs","og_description":"Origine : France \u2013 St Clair sur Galaure \u2013 Vincent Brunel  \u2022 Pot de 500g = 9,33 \u20ac le pot \u2022 Pot de 1 kg = 17,14 \u20ac le pot","og_url":"http:\/\/www.bioenvrac.fr\/commandes-groupees\/produit\/miel-dacacia\/","og_site_name":"Commandes group\u00e9es de produits bio secs","article_publisher":"https:\/\/www.facebook.com\/bioenvrac","article_modified_time":"2026-04-07T06:12:19+00:00","og_image":[{"width":500,"height":500,"url":"http:\/\/www.bioenvrac.fr\/commandes-groupees\/wp-content\/uploads\/2022\/06\/Miel-acacia.jpg","type":"image\/jpeg"}],"twitter_card":"summary_large_image","twitter_misc":{"Dur\u00e9e de lecture estim\u00e9e":"1 minute"},"schema":{"@context":"https:\/\/schema.org","@graph":[{"@type":"WebPage","@id":"http:\/\/www.bioenvrac.fr\/commandes-groupees\/produit\/miel-dacacia\/","url":"http:\/\/www.bioenvrac.fr\/commandes-groupees\/produit\/miel-dacacia\/","name":"Miel d'acacia - Commandes group\u00e9es de produits bio secs","isPartOf":{"@id":"https:\/\/www.bioenvrac.fr\/commandes-groupees\/#website"},"primaryImageOfPage":{"@id":"http:\/\/www.bioenvrac.fr\/commandes-groupees\/produit\/miel-dacacia\/#primaryimage"},"image":{"@id":"http:\/\/www.bioenvrac.fr\/commandes-groupees\/produit\/miel-dacacia\/#primaryimage"},"thumbnailUrl":"https:\/\/www.bioenvrac.fr\/commandes-groupees\/wp-content\/uploads\/2022\/06\/Miel-acacia.jpg","datePublished":"2022-06-02T10:34:58+00:00","dateModified":"2026-04-07T06:12:19+00:00","breadcrumb":{"@id":"http:\/\/www.bioenvrac.fr\/commandes-groupees\/produit\/miel-dacacia\/#breadcrumb"},"inLanguage":"fr-FR","potentialAction":[{"@type":"ReadAction","target":["http:\/\/www.bioenvrac.fr\/commandes-groupees\/produit\/miel-dacacia\/"]}]},{"@type":"ImageObject","inLanguage":"fr-FR","@id":"http:\/\/www.bioenvrac.fr\/commandes-groupees\/produit\/miel-dacacia\/#primaryimage","url":"https:\/\/www.bioenvrac.fr\/commandes-groupees\/wp-content\/uploads\/2022\/06\/Miel-acacia.jpg","contentUrl":"https:\/\/www.bioenvrac.fr\/commandes-groupees\/wp-content\/uploads\/2022\/06\/Miel-acacia.jpg","width":500,"height":500},{"@type":"BreadcrumbList","@id":"http:\/\/www.bioenvrac.fr\/commandes-groupees\/produit\/miel-dacacia\/#breadcrumb","itemListElement":[{"@type":"ListItem","position":1,"name":"Accueil","item":"https:\/\/www.bioenvrac.fr\/commandes-groupees\/"},{"@type":"ListItem","position":2,"name":"Boutique","item":"https:\/\/www.bioenvrac.fr\/commandes-groupees\/boutique\/"},{"@type":"ListItem","position":3,"name":"Miel d&rsquo;acacia"}]},{"@type":"WebSite","@id":"https:\/\/www.bioenvrac.fr\/commandes-groupees\/#website","url":"https:\/\/www.bioenvrac.fr\/commandes-groupees\/","name":"Commandes group\u00e9es de produits bio secs","description":"Commandes group\u00e9es de produits bio secs","publisher":{"@id":"https:\/\/www.bioenvrac.fr\/commandes-groupees\/#organization"},"potentialAction":[{"@type":"SearchAction","target":{"@type":"EntryPoint","urlTemplate":"https:\/\/www.bioenvrac.fr\/commandes-groupees\/?s={search_term_string}"},"query-input":{"@type":"PropertyValueSpecification","valueRequired":true,"valueName":"search_term_string"}}],"inLanguage":"fr-FR"},{"@type":"Organization","@id":"https:\/\/www.bioenvrac.fr\/commandes-groupees\/#organization","name":"Bioenvrac","url":"https:\/\/www.bioenvrac.fr\/commandes-groupees\/","logo":{"@type":"ImageObject","inLanguage":"fr-FR","@id":"https:\/\/www.bioenvrac.fr\/commandes-groupees\/#\/schema\/logo\/image\/","url":"https:\/\/www.bioenvrac.fr\/commandes-groupees\/wp-content\/uploads\/2023\/09\/bioenvrac-logo.jpg","contentUrl":"https:\/\/www.bioenvrac.fr\/commandes-groupees\/wp-content\/uploads\/2023\/09\/bioenvrac-logo.jpg","width":696,"height":696,"caption":"Bioenvrac"},"image":{"@id":"https:\/\/www.bioenvrac.fr\/commandes-groupees\/#\/schema\/logo\/image\/"},"sameAs":["https:\/\/www.facebook.com\/bioenvrac"]}]}},"_links":{"self":[{"href":"https:\/\/www.bioenvrac.fr\/commandes-groupees\/wp-json\/wp\/v2\/product\/7902","targetHints":{"allow":["GET"]}}],"collection":[{"href":"https:\/\/www.bioenvrac.fr\/commandes-groupees\/wp-json\/wp\/v2\/product"}],"about":[{"href":"https:\/\/www.bioenvrac.fr\/commandes-groupees\/wp-json\/wp\/v2\/types\/product"}],"wp:featuredmedia":[{"embeddable":true,"href":"https:\/\/www.bioenvrac.fr\/commandes-groupees\/wp-json\/wp\/v2\/media\/7937"}],"wp:attachment":[{"href":"https:\/\/www.bioenvrac.fr\/commandes-groupees\/wp-json\/wp\/v2\/media?parent=7902"}],"wp:term":[{"taxonomy":"product_brand","embeddable":true,"href":"https:\/\/www.bioenvrac.fr\/commandes-groupees\/wp-json\/wp\/v2\/product_brand?post=7902"},{"taxonomy":"product_cat","embeddable":true,"href":"https:\/\/www.bioenvrac.fr\/commandes-groupees\/wp-json\/wp\/v2\/product_cat?post=7902"},{"taxonomy":"product_tag","embeddable":true,"href":"https:\/\/www.bioenvrac.fr\/commandes-groupees\/wp-json\/wp\/v2\/product_tag?post=7902"}],"curies":[{"name":"wp","href":"https:\/\/api.w.org\/{rel}","templated":true}]}}