{"id":55,"date":"2018-03-24T15:18:03","date_gmt":"2018-03-24T14:18:03","guid":{"rendered":"https:\/\/www.bioenvrac.fr\/recettes\/?page_id=55"},"modified":"2018-03-24T16:11:55","modified_gmt":"2018-03-24T15:11:55","slug":"proposer-une-recette","status":"publish","type":"page","link":"https:\/\/www.bioenvrac.fr\/recettes\/proposer-une-recette\/","title":{"rendered":"Proposer une recette"},"content":{"rendered":"<p>[vc_row][vc_column width=\u00a0\u00bb1\/2&Prime;][vc_column_text]<\/p>\n<h2>Partagez-nous vos recettes !<\/h2>\n<p>Du spontan\u00e9, du gourmand, du plaisir, de l&rsquo;\u00e9change et du partage\u2026 on ne se prend pas la t\u00eate on veut juste se r\u00e9galer !<\/p>\n<p>Bien entendu, l&rsquo;id\u00e9e est si possible d&rsquo;utiliser les produits Bioenvrac, mais on est aussi ouvert aux recettes n\u2019incluant pas nos produits.<\/p>\n<p>Ce site aura de l&rsquo;int\u00e9r\u00eat uniquement si il y a du contenu ! Faites le vivre ![\/vc_column_text][\/vc_column][vc_column width=\u00a0\u00bb1\/2&Prime;][vc_column_text]\n<div class=\"wpcf7 no-js\" id=\"wpcf7-f54-o1\" lang=\"fr-FR\" dir=\"ltr\">\n<div class=\"screen-reader-response\"><p role=\"status\" aria-live=\"polite\" aria-atomic=\"true\"><\/p> <ul><\/ul><\/div>\n<form action=\"\/recettes\/wp-json\/wp\/v2\/pages\/55#wpcf7-f54-o1\" method=\"post\" class=\"wpcf7-form init\" aria-label=\"Formulaire de contact\" enctype=\"multipart\/form-data\" novalidate=\"novalidate\" data-status=\"init\">\n<div style=\"display: none;\">\n<input type=\"hidden\" name=\"_wpcf7\" value=\"54\" \/>\n<input type=\"hidden\" name=\"_wpcf7_version\" value=\"5.9.6\" \/>\n<input type=\"hidden\" name=\"_wpcf7_locale\" value=\"fr_FR\" \/>\n<input type=\"hidden\" name=\"_wpcf7_unit_tag\" value=\"wpcf7-f54-o1\" \/>\n<input type=\"hidden\" name=\"_wpcf7_container_post\" value=\"0\" \/>\n<input type=\"hidden\" name=\"_wpcf7_posted_data_hash\" value=\"\" \/>\n<\/div>\n<p><label> Titre de la recette (obligatoire)<br \/>\n<span class=\"wpcf7-form-control-wrap\" data-name=\"titre-recette\"><input size=\"40\" maxlength=\"80\" class=\"wpcf7-form-control wpcf7-text wpcf7-validates-as-required\" aria-required=\"true\" aria-invalid=\"false\" value=\"\" type=\"text\" name=\"titre-recette\" \/><\/span> <\/label>\n<\/p>\n<p><label> Un court descriptif (obligatoire)<br \/>\n<span class=\"wpcf7-form-control-wrap\" data-name=\"court-descriptif\"><textarea cols=\"40\" rows=\"10\" maxlength=\"400\" class=\"wpcf7-form-control wpcf7-textarea wpcf7-validates-as-required\" aria-required=\"true\" aria-invalid=\"false\" name=\"court-descriptif\"><\/textarea><\/span> <\/label>\n<\/p>\n<p><label> Merci de nous communiquer une photo \u00e0 vous du plat ou en cours de pr\u00e9paration (format JPG ou PNG) ?<br \/>\n<span class=\"wpcf7-form-control-wrap\" data-name=\"file-929\"><input size=\"40\" class=\"wpcf7-form-control wpcf7-file\" id=\"photo\" accept=\".jpg,.png\" aria-invalid=\"false\" type=\"file\" name=\"file-929\" \/><\/span> <\/label>\n<\/p>\n<p><label> Liste de ingr\u00e9dients (obligatoire)<br \/>\n<span class=\"wpcf7-form-control-wrap\" data-name=\"liste-ingredients\"><textarea cols=\"40\" rows=\"10\" maxlength=\"400\" class=\"wpcf7-form-control wpcf7-textarea wpcf7-validates-as-required\" aria-required=\"true\" aria-invalid=\"false\" name=\"liste-ingredients\"><\/textarea><\/span> <\/label>\n<\/p>\n<p><label> D\u00e9crire la pr\u00e9paration par \u00e9tapes (obligatoire)<br \/>\n<span class=\"wpcf7-form-control-wrap\" data-name=\"etapes-preparation\"><textarea cols=\"40\" rows=\"10\" maxlength=\"400\" class=\"wpcf7-form-control wpcf7-textarea wpcf7-validates-as-required\" aria-required=\"true\" aria-invalid=\"false\" name=\"etapes-preparation\"><\/textarea><\/span> <\/label>\n<\/p>\n<p><label> Dans quelle cat\u00e9gorie se classe votre recette, plusieurs choix possibles (obligatoire)<br \/>\n<span class=\"wpcf7-form-control-wrap\" data-name=\"checkbox-47\"><span class=\"wpcf7-form-control wpcf7-checkbox wpcf7-validates-as-required\"><span class=\"wpcf7-list-item first\"><input type=\"checkbox\" name=\"checkbox-47[]\" value=\"Ap\u00e9ro\" \/><span class=\"wpcf7-list-item-label\">Ap\u00e9ro<\/span><\/span><span class=\"wpcf7-list-item\"><input type=\"checkbox\" name=\"checkbox-47[]\" value=\"Entr\u00e9e\" \/><span class=\"wpcf7-list-item-label\">Entr\u00e9e<\/span><\/span><span class=\"wpcf7-list-item\"><input type=\"checkbox\" name=\"checkbox-47[]\" value=\"Plat\" \/><span class=\"wpcf7-list-item-label\">Plat<\/span><\/span><span class=\"wpcf7-list-item\"><input type=\"checkbox\" name=\"checkbox-47[]\" value=\"Dessert\" \/><span class=\"wpcf7-list-item-label\">Dessert<\/span><\/span><span class=\"wpcf7-list-item last\"><input type=\"checkbox\" name=\"checkbox-47[]\" value=\"Lessives &amp; entretien\" \/><span class=\"wpcf7-list-item-label\">Lessives &amp; entretien<\/span><\/span><\/span><\/span> <\/label>\n<\/p>\n<p><label> C'est une recette de ?<br \/>\n<span class=\"wpcf7-form-control-wrap\" data-name=\"radio-161\"><span class=\"wpcf7-form-control wpcf7-radio\"><span class=\"wpcf7-list-item first\"><input type=\"radio\" name=\"radio-161\" value=\"Recette de famille, d&#039;un.e ami.e\" checked=\"checked\" \/><span class=\"wpcf7-list-item-label\">Recette de famille, d&#039;un.e ami.e<\/span><\/span><span class=\"wpcf7-list-item\"><input type=\"radio\" name=\"radio-161\" value=\"Recette trouv\u00e9e et r\u00e9interpr\u00e9t\u00e9e\" \/><span class=\"wpcf7-list-item-label\">Recette trouv\u00e9e et r\u00e9interpr\u00e9t\u00e9e<\/span><\/span><span class=\"wpcf7-list-item last\"><input type=\"radio\" name=\"radio-161\" value=\"Recette invent\u00e9e\" \/><span class=\"wpcf7-list-item-label\">Recette invent\u00e9e<\/span><\/span><\/span><\/span> <\/label>\n<\/p>\n<p><label> Si c'est une recette trouv\u00e9e et r\u00e9interpr\u00e9t\u00e9e, sur quel livre ou site l'avez vous trouv\u00e9<br \/>\n<span class=\"wpcf7-form-control-wrap\" data-name=\"trouve-sur\"><input size=\"40\" maxlength=\"80\" class=\"wpcf7-form-control wpcf7-text\" aria-invalid=\"false\" value=\"\" type=\"text\" name=\"trouve-sur\" \/><\/span> <\/label>\n<\/p>\n<p><label> Votre pr\u00e9nom ou surnom, sera affich\u00e9 sur le site (obligatoire)<br \/>\n<span class=\"wpcf7-form-control-wrap\" data-name=\"prenom-surnom\"><input size=\"40\" maxlength=\"80\" class=\"wpcf7-form-control wpcf7-text wpcf7-validates-as-required\" aria-required=\"true\" aria-invalid=\"false\" value=\"\" type=\"text\" name=\"prenom-surnom\" \/><\/span> <\/label>\n<\/p>\n<p><label> Votre adresse de messagerie (obligatoire)<br \/>\n<span class=\"wpcf7-form-control-wrap\" data-name=\"your-email\"><input size=\"40\" maxlength=\"80\" class=\"wpcf7-form-control wpcf7-email wpcf7-validates-as-required wpcf7-text wpcf7-validates-as-email\" aria-required=\"true\" aria-invalid=\"false\" value=\"\" type=\"email\" name=\"your-email\" \/><\/span> <\/label>\n<\/p>\n<p><input class=\"wpcf7-form-control wpcf7-submit has-spinner\" type=\"submit\" value=\"Partager ma recette\" \/>\n<\/p><p style=\"display: none !important;\" class=\"akismet-fields-container\" data-prefix=\"_wpcf7_ak_\"><label>&#916;<textarea name=\"_wpcf7_ak_hp_textarea\" cols=\"45\" rows=\"8\" maxlength=\"100\"><\/textarea><\/label><input type=\"hidden\" id=\"ak_js_1\" name=\"_wpcf7_ak_js\" value=\"158\"\/><script>document.getElementById( \"ak_js_1\" ).setAttribute( \"value\", ( new Date() ).getTime() );<\/script><\/p><div class=\"wpcf7-response-output\" aria-hidden=\"true\"><\/div>\n<\/form>\n<\/div>\n[\/vc_column_text][\/vc_column][\/vc_row]<\/p>\n","protected":false},"excerpt":{"rendered":"<p>[vc_row][vc_column width=\u00a0\u00bb1\/2&Prime;][vc_column_text] Partagez-nous vos recettes ! Du spontan\u00e9, du gourmand, du plaisir, de l&rsquo;\u00e9change et du partage\u2026 on ne se prend pas la t\u00eate on veut juste se r\u00e9galer ! Bien entendu, l&rsquo;id\u00e9e est si possible d&rsquo;utiliser les produits Bioenvrac, mais on est aussi ouvert aux recettes n\u2019incluant pas nos produits. Ce site aura de&#8230; <\/p>\n<div class=\"link-more\"><a href=\"https:\/\/www.bioenvrac.fr\/recettes\/proposer-une-recette\/\">En savoir plus<\/a><\/div>\n","protected":false},"author":1,"featured_media":61,"parent":0,"menu_order":0,"comment_status":"closed","ping_status":"closed","template":"","meta":{"_exactmetrics_skip_tracking":false,"_exactmetrics_sitenote_active":false,"_exactmetrics_sitenote_note":"","_exactmetrics_sitenote_category":0,"footnotes":""},"_links":{"self":[{"href":"https:\/\/www.bioenvrac.fr\/recettes\/wp-json\/wp\/v2\/pages\/55"}],"collection":[{"href":"https:\/\/www.bioenvrac.fr\/recettes\/wp-json\/wp\/v2\/pages"}],"about":[{"href":"https:\/\/www.bioenvrac.fr\/recettes\/wp-json\/wp\/v2\/types\/page"}],"author":[{"embeddable":true,"href":"https:\/\/www.bioenvrac.fr\/recettes\/wp-json\/wp\/v2\/users\/1"}],"replies":[{"embeddable":true,"href":"https:\/\/www.bioenvrac.fr\/recettes\/wp-json\/wp\/v2\/comments?post=55"}],"version-history":[{"count":5,"href":"https:\/\/www.bioenvrac.fr\/recettes\/wp-json\/wp\/v2\/pages\/55\/revisions"}],"predecessor-version":[{"id":64,"href":"https:\/\/www.bioenvrac.fr\/recettes\/wp-json\/wp\/v2\/pages\/55\/revisions\/64"}],"wp:featuredmedia":[{"embeddable":true,"href":"https:\/\/www.bioenvrac.fr\/recettes\/wp-json\/wp\/v2\/media\/61"}],"wp:attachment":[{"href":"https:\/\/www.bioenvrac.fr\/recettes\/wp-json\/wp\/v2\/media?parent=55"}],"curies":[{"name":"wp","href":"https:\/\/api.w.org\/{rel}","templated":true}]}}